{"id":879,"date":"2018-08-29T16:42:32","date_gmt":"2018-08-29T19:42:32","guid":{"rendered":"https:\/\/isfd54-bue.infd.edu.ar\/sitio\/plan-de-estudio-3\/"},"modified":"2025-04-16T10:26:52","modified_gmt":"2025-04-16T13:26:52","slug":"plan-de-estudio-3","status":"publish","type":"page","link":"https:\/\/isfd54-bue.infd.edu.ar\/sitio\/plan-de-estudio-3\/","title":{"rendered":"Plan de Estudio vigente hasta el 2022"},"content":{"rendered":"<table style=\"background-color: #c4f4ad; border: #000000 0px solid;\" border=\"0\">\n<tbody>\n<tr style=\"background-color: #97fb18;\" valign=\"top\">\n<td style=\"border: #000000 1px solid;\" valign=\"top\">\n<p style=\"text-align: center;\"><span class=\"xr_s26\" style=\"font-size: 10pt;\">Primer A\u00f1o<\/span><\/p>\n<\/td>\n<td style=\"text-align: center; border: #000000 1px solid;\" valign=\"top\"><span style=\"font-size: 10pt;\">Tercer A\u00f1o<\/span><\/td>\n<\/tr>\n<tr>\n<td style=\"border: #000000 1px solid;\" valign=\"top\"><span class=\"xr_s26\">Perspectiva Filos\u00f3fico Pedag\u00f3gica\u00a0 I<\/span><\/p>\n<p><span class=\"xr_tl\" style=\"top: 8px;\"><span class=\"xr_s26\">Perspectiva\u00a0 Pedag\u00f3gica\u00a0 Did\u00e1ctica\u00a0 I<\/span><\/span><\/p>\n<p><span class=\"xr_tl\" style=\"top: 30px;\"><span class=\"xr_s26\">Perspectiva\u00a0 Socio \u2013 Pol\u00edtica<\/span><\/span><\/p>\n<p><span class=\"xr_tl\" style=\"top: 51px;\"><span class=\"xr_s26\">Psicolog\u00eda y cultura en la Educaci\u00f3n<\/span><\/span><\/p>\n<p><span class=\"xr_tl xr_s26\" style=\"top: 72px;\">Perspectiva\u00a0 Espacio Temporal de\u00a0 <\/span><span class=\"xr_tl\" style=\"top: 89px;\"><span class=\"xr_s26\">Argentina y Am\u00e9rica<\/span><\/span><\/p>\n<p><span class=\"xr_tl\" style=\"top: 111px;\"><span class=\"xr_s26\">Perspectiva Espacio Temporal Mundial<\/span><\/span><\/p>\n<p><span class=\"xr_tl\" style=\"top: 132px;\"><span class=\"xr_s26\">Antropolog\u00eda<\/span><\/span><\/p>\n<p><span class=\"xr_tl\" style=\"top: 154px;\"><span class=\"xr_s26\">Integraci\u00f3n Areal I<\/span><\/span><\/p>\n<p><span class=\"xr_tl\" style=\"top: 175px;\"><span class=\"xr_s26\">Espacio de la Pr\u00e1ctica Docente I<\/span><\/span><\/p>\n<p><span class=\"xr_tl\" style=\"top: 197px;\"><span class=\"xr_s25\">\u00a0<\/span><span class=\"xr_s26\">Aptitud Fonoaudiol\u00f3gica <\/span><\/span><\/td>\n<td style=\"border: #000000 1px solid;\" valign=\"top\">Perspectiva\u00a0 Filos\u00f3fico Pedag\u00f3gico Did\u00e1ctica<\/p>\n<p><span class=\"xr_tl\" style=\"top: 7px;\"><span class=\"xr_s26\">Perspectiva Pol\u00edtico Institucional<\/span><\/span><\/p>\n<p><span class=\"xr_tl\" style=\"top: 7px;\"><span class=\"xr_s26\">H<\/span><\/span><span class=\"xr_tl\" style=\"top: 28px;\"><span class=\"xr_s26\">istoria Mundial ( siglo XIX)<\/span><\/span><\/p>\n<p><span class=\"xr_tl\" style=\"top: 48px;\"><span class=\"xr_s26\">Historia Americana ( siglo XIX)<\/span><\/span><\/p>\n<p><span class=\"xr_tl\" style=\"top: 69px;\"><span class=\"xr_s26\">Historia Argentina ( siglo XIX)<\/span><\/span><\/p>\n<p><span class=\"xr_tl\" style=\"top: 89px;\"><span class=\"xr_s26\">Investigaci\u00f3n Historia I<\/span><\/span><\/p>\n<p><span class=\"xr_tl\" style=\"top: 110px;\"><span class=\"xr_s26\">Geograf\u00eda II<\/span><\/span><\/p>\n<p><span class=\"xr_tl\" style=\"top: 130px;\"><span class=\"xr_s26\">Problem\u00e1tica Pol\u00edtica Jur\u00eddica y Ciudadana<\/span><\/span><\/p>\n<p><span class=\"xr_tl xr_s26\" style=\"top: 150px;\">Epistemolog\u00eda e historia de las Ciencias <\/span><span class=\"xr_tl\" style=\"top: 166px;\"><span class=\"xr_s26\">sociales<\/span><\/span><\/p>\n<p><span class=\"xr_tl\" style=\"top: 187px;\"><span class=\"xr_s26\">Espacio de la Pr\u00e1ctica Docente III<\/span><\/span><\/td>\n<\/tr>\n<tr style=\"background-color: #97fb18;\" valign=\"top\">\n<td style=\"text-align: center; border: #000000 1px solid;\" valign=\"top\"><span style=\"font-size: 10pt;\">Segundo A\u00f1o<\/span><\/td>\n<td style=\"text-align: center; border: #000000 1px solid;\" valign=\"top\">\u00a0<span style=\"font-size: 10pt;\">Cuarto A\u00f1o<\/span><\/td>\n<\/tr>\n<tr>\n<td style=\"border: #000000 1px solid;\" valign=\"top\">Perspectiva Filos\u00f3fico Pedag\u00f3gico\u00a0 II<\/p>\n<p><span class=\"xr_tl\" style=\"top: 7px;\"><span class=\"xr_s28\">Perspectiva\u00a0 Pedag\u00f3gico Did\u00e1ctica II<\/span><\/span><\/p>\n<p><span class=\"xr_tl xr_s28\" style=\"top: 28px;\">Psicolog\u00eda y Cultura del Alumno de <\/span><span class=\"xr_tl\" style=\"top: 46px;\"><span class=\"xr_s28\">EGB 3 y Polimodal<\/span><\/span><\/p>\n<p><span class=\"xr_tl\" style=\"top: 69px;\"><span class=\"xr_s28\">Historia Americana y Argentina\u00a0 I<\/span><\/span><\/p>\n<p><span class=\"xr_tl\" style=\"top: 92px;\"><span class=\"xr_s28\">Historia Mundial I<\/span><\/span><\/p>\n<p><span class=\"xr_tl\" style=\"top: 115px;\"><span class=\"xr_s28\">Econom\u00eda<\/span><\/span><\/p>\n<p><span class=\"xr_tl\" style=\"top: 137px;\"><span class=\"xr_s28\">Sociolog\u00eda<\/span><\/span><\/p>\n<p><span class=\"xr_tl\" style=\"top: 160px;\"><span class=\"xr_s28\">Geograf\u00eda I<\/span><\/span><\/p>\n<p><span class=\"xr_tl\" style=\"top: 183px;\"><span class=\"xr_s28\">Integraci\u00f3n \u00c1real II<\/span><\/span><\/p>\n<p><span class=\"xr_tl\" style=\"top: 206px;\"><span class=\"xr_s28\">Espacio de Pr\u00e1ctica docente II<\/span><\/span><\/td>\n<td style=\"border: #000000 1px solid;\" valign=\"top\"><span class=\"xr_s28\">Historia Mundial ( siglo XX)<\/span><\/p>\n<p><span class=\"xr_tl\" style=\"top: 9px;\"><span class=\"xr_s28\">Historia Americana (siglo XX)<\/span><\/span><\/p>\n<p><span class=\"xr_tl\" style=\"top: 32px;\"><span class=\"xr_s28\">Historia Argentina ( siglo XX )<\/span><\/span><\/p>\n<p><span class=\"xr_tl\" style=\"top: 55px;\"><span class=\"xr_s28\">Investigaci\u00f3n Hist\u00f3rica II<\/span><\/span><\/p>\n<p><span class=\"xr_tl\" style=\"top: 78px;\"><span class=\"xr_s28\">Geograf\u00eda III<\/span><\/span><\/p>\n<p><span class=\"xr_tl\" style=\"top: 101px;\"><span class=\"xr_s28\">Espacio de Definici\u00f3n institucional<\/span><\/span><\/p>\n<p><span class=\"xr_tl\" style=\"top: 124px;\"><span class=\"xr_s28\">Espacio de la Pr\u00e1ctica Docente IV<\/span><\/span><\/td>\n<\/tr>\n<\/tbody>\n<\/table>\n","protected":false},"excerpt":{"rendered":"<p>Primer A\u00f1o Tercer A\u00f1o Perspectiva Filos\u00f3fico Pedag\u00f3gica\u00a0 I Perspectiva\u00a0 Pedag\u00f3gica\u00a0 Did\u00e1ctica\u00a0 I Perspectiva\u00a0 Socio \u2013 Pol\u00edtica Psicolog\u00eda y cultura en la Educaci\u00f3n Perspectiva\u00a0 Espacio Temporal de\u00a0 Argentina y Am\u00e9rica Perspectiva Espacio Temporal Mundial Antropolog\u00eda Integraci\u00f3n Areal I Espacio de la Pr\u00e1ctica Docente I \u00a0Aptitud Fonoaudiol\u00f3gica Perspectiva\u00a0 Filos\u00f3fico Pedag\u00f3gico Did\u00e1ctica Perspectiva Pol\u00edtico Institucional Historia Mundial ( &#8230; <a title=\"Plan de Estudio vigente hasta el 2022\" class=\"read-more\" href=\"https:\/\/isfd54-bue.infd.edu.ar\/sitio\/plan-de-estudio-3\/\" aria-label=\"More on Plan de Estudio vigente hasta el 2022\">[+]<\/a><\/p>\n","protected":false},"author":275,"featured_media":0,"parent":0,"menu_order":0,"comment_status":"closed","ping_status":"closed","template":"","meta":[],"acf":[],"_links":{"self":[{"href":"https:\/\/isfd54-bue.infd.edu.ar\/sitio\/wp-json\/wp\/v2\/pages\/879"}],"collection":[{"href":"https:\/\/isfd54-bue.infd.edu.ar\/sitio\/wp-json\/wp\/v2\/pages"}],"about":[{"href":"https:\/\/isfd54-bue.infd.edu.ar\/sitio\/wp-json\/wp\/v2\/types\/page"}],"author":[{"embeddable":true,"href":"https:\/\/isfd54-bue.infd.edu.ar\/sitio\/wp-json\/wp\/v2\/users\/275"}],"replies":[{"embeddable":true,"href":"https:\/\/isfd54-bue.infd.edu.ar\/sitio\/wp-json\/wp\/v2\/comments?post=879"}],"version-history":[{"count":3,"href":"https:\/\/isfd54-bue.infd.edu.ar\/sitio\/wp-json\/wp\/v2\/pages\/879\/revisions"}],"predecessor-version":[{"id":4957,"href":"https:\/\/isfd54-bue.infd.edu.ar\/sitio\/wp-json\/wp\/v2\/pages\/879\/revisions\/4957"}],"wp:attachment":[{"href":"https:\/\/isfd54-bue.infd.edu.ar\/sitio\/wp-json\/wp\/v2\/media?parent=879"}],"curies":[{"name":"wp","href":"https:\/\/api.w.org\/{rel}","templated":true}]}}