{"id":875,"date":"2018-08-29T16:42:31","date_gmt":"2018-08-29T19:42:31","guid":{"rendered":"https:\/\/isfd54-bue.infd.edu.ar\/sitio\/plan-de-estudio-2\/"},"modified":"2023-03-21T16:04:55","modified_gmt":"2023-03-21T19:04:55","slug":"plan-de-estudio-2","status":"publish","type":"page","link":"https:\/\/isfd54-bue.infd.edu.ar\/sitio\/plan-de-estudio-2\/","title":{"rendered":"Plan de Estudio vigente hasta el 2022"},"content":{"rendered":"<p>&nbsp;<\/p>\n<table style=\"background-color: #c8925c;\" border=\"0\">\n<tbody>\n<tr style=\"background-color: #755505;\" valign=\"top\">\n<td style=\"text-align: center; border: #000000 1px solid;\" valign=\"top\"><span style=\"color: #ffffff; font-size: 10pt;\">Primer A\u00f1o<\/span><\/td>\n<td style=\"text-align: center; border: #000000 1px solid;\" valign=\"top\"><span style=\"color: #ffffff; font-size: 10pt;\">Segundo A\u00f1o<\/span><\/td>\n<\/tr>\n<tr>\n<td style=\"border: #000000 1px solid;\" valign=\"top\"><span class=\"xr_tc\" style=\"width: 339px; top: -14px; left: -4px;\">ESPACIO DE LA FUNDAMENTACI\u00d3N <\/span><span class=\"xr_tc xr_s29\" style=\"width: 130px; top: 7px; left: 96px;\"><span class=\"xr_s34\">PEDAG\u00d3GICA<\/span><\/span><\/p>\n<ul>\n<li>&nbsp;<span class=\"xr_tc xr_s29\" style=\"width: 293px; top: 29px; left: 7px;\"><span class=\"xr_s35\">Perspectiva&nbsp; Filos\u00f3fico&nbsp; Pedag\u00f3gica&nbsp; I<\/span><\/span><\/li>\n<li>&nbsp;<span class=\"xr_tc xr_s29\" style=\"width: 279px; top: 51px; left: 8px;\"><span class=\"xr_s35\">Perspectiva Pedag\u00f3gico Did\u00e1ctica I<\/span><\/span><\/li>\n<li>&nbsp;<span class=\"xr_tc xr_s29\" style=\"width: 202px; top: 74px; left: 53px;\"><span class=\"xr_s35\">Perspectiva Socio Pol\u00edtica<\/span><\/span><\/li>\n<\/ul>\n<p><span class=\"xr_tc\" style=\"width: 379px; top: 111px; left: -24px;\">ESPACIO&nbsp; DE&nbsp; LA&nbsp; ESPECIALIZACI\u00d3N POR <\/span><span class=\"xr_tc xr_s29\" style=\"width: 80px; top: 132px; left: 119px;\"><span class=\"xr_s34\">NIVELES<\/span><\/span><\/p>\n<ul>\n<li><span class=\"xr_tc xr_s29\" style=\"width: 296px; top: 154px; left: 7px;\"><span class=\"xr_s35\">Psicolog\u00eda&nbsp; y Cultura en la Educaci\u00f3n<\/span><\/span><\/li>\n<\/ul>\n<p><span class=\"xr_tc xr_s29\" style=\"width: 296px; top: 154px; left: 7px;\"><span class=\"xr_s35\"><span class=\"xr_tc xr_s29\" style=\"width: 283px; top: 194px; left: 8px;\"><span class=\"xr_s34\">ESPACIO DE LA ORIENTACI\u00d3N<\/span><\/span> <\/span><\/span><\/p>\n<ul>\n<li><span class=\"xr_tc xr_s29\" style=\"width: 296px; top: 154px; left: 7px;\"><span class=\"xr_s35\"><span class=\"xr_tc xr_s35\" style=\"width: 368px; top: 213px; left: -18px;\">Perspectiva Espacio Temporal de Argentina y <\/span><span class=\"xr_tc xr_s29\" style=\"width: 68px; top: 235px; left: 120px;\"><span class=\"xr_s35\">Am\u00e9rica<\/span><\/span> <\/span><\/span><\/li>\n<li><span class=\"xr_tc xr_s29\" style=\"width: 296px; top: 154px; left: 7px;\"><span class=\"xr_s35\"><span class=\"xr_tc xr_s29\" style=\"width: 313px; top: 257px; left: 6px;\"><span class=\"xr_s35\">Perspectiva Espacio Temporal Mundial<\/span><\/span><\/span><\/span><\/li>\n<li><span class=\"xr_tc xr_s29\" style=\"width: 296px; top: 154px; left: 7px;\"><span class=\"xr_s35\">&nbsp;<span class=\"xr_tc xr_s29\" style=\"width: 97px; top: 279px; left: 99px;\"><span class=\"xr_s35\">Antropolog\u00eda<\/span><\/span> <\/span><\/span><\/li>\n<li><span class=\"xr_tc xr_s29\" style=\"width: 296px; top: 154px; left: 7px;\"><span class=\"xr_s35\"><span class=\"xr_tc xr_s29\" style=\"width: 150px; top: 301px; left: 76px;\"><span class=\"xr_s35\">Integraci\u00f3n Areal I<\/span><\/span><\/span><\/span><\/li>\n<\/ul>\n<p><span class=\"xr_tc xr_s29\" style=\"width: 296px; top: 154px; left: 7px;\"><span class=\"xr_s35\"><span class=\"xr_tc xr_s29\" style=\"width: 243px; top: 342px; left: 30px;\"><span class=\"xr_s34\">ESPACIO DE LA PR\u00c1CTICA<\/span><\/span><\/span><\/span><\/p>\n<ul>\n<li><span class=\"xr_tc xr_s29\" style=\"width: 296px; top: 154px; left: 7px;\"><span class=\"xr_s35\"><span class=\"xr_tc xr_s29\" style=\"width: 243px; top: 342px; left: 30px;\"><span class=\"xr_s34\">Espacio de la Practica I<\/span><\/span><\/span><\/span><\/li>\n<\/ul>\n<\/td>\n<td style=\"border: #000000 1px solid;\" valign=\"top\"><span class=\"xr_tc\" style=\"width: 299px; top: -14px; left: -6px;\">ESPACIO DE LA FUNDAMENTACI\u00d3N <\/span><span class=\"xr_tc xr_s29\" style=\"width: 115px; top: 8px; left: 76px;\"><span class=\"xr_s32\">PEDAG\u00d3GICA<\/span><\/span><\/p>\n<ul>\n<li><span class=\"xr_tc xr_s29\" style=\"width: 319px; top: 27px; left: -18px;\"><span class=\"xr_s33\">Perspectiva&nbsp; Filos\u00f3fico&nbsp; Pedag\u00f3gica&nbsp; Did\u00e1ctica<\/span><\/span><\/li>\n<li><span class=\"xr_tc xr_s37\" style=\"width: 230px; top: 50px; left: 10px;\"><span class=\"xr_s33\">Perspectiva Pol\u00edtico Institucional<\/span><\/span><\/li>\n<\/ul>\n<p><span class=\"xr_tc xr_s29\" style=\"width: 250px; top: 104px; left: 8px;\"><span class=\"xr_s32\">ESPACIO DE LA ORIENTACI\u00d3N<\/span><\/span><\/p>\n<ul>\n<li><span class=\"xr_tc xr_s29\" style=\"width: 181px; top: 127px; left: 51px;\"><span class=\"xr_s33\">Geograf\u00eda Urbana y Rural<\/span><\/span><\/li>\n<li>&nbsp;<span class=\"xr_tc xr_s29\" style=\"width: 125px; top: 150px; left: 75px;\"><span class=\"xr_s33\">Geograf\u00eda Pol\u00edtica<\/span><\/span><\/li>\n<li>&nbsp;<span class=\"xr_tc xr_s29\" style=\"width: 260px; top: 173px; left: 7px;\"><span class=\"xr_s33\">Organizaci\u00f3n Econ\u00f3mica del Espacio<\/span><\/span><\/li>\n<li><span class=\"xr_tc xr_s29\" style=\"width: 162px; top: 196px; left: 53px;\"><span class=\"xr_s33\">Geograf\u00eda Ambiental II<\/span><\/span><\/li>\n<li><span class=\"xr_tc xr_s29\" style=\"width: 183px; top: 220px; left: 32px;\"><span class=\"xr_s33\">Investigaci\u00f3n Geogr\u00e1fica I<\/span><\/span><\/li>\n<li><span class=\"xr_tc xr_s29\" style=\"width: 72px; top: 243px; left: 98px;\"><span class=\"xr_s33\">Historia II<\/span><\/span><\/li>\n<li><span class=\"xr_tc xr_s29\" style=\"width: 306px; top: 266px; left: -16px;\"><span class=\"xr_s33\">Problem\u00e1tica Pol\u00edtica, Jur\u00eddica y Ciudadana<\/span><\/span><\/li>\n<li><span class=\"xr_tc xr_s33\" style=\"width: 340px; top: 286px; left: -28px;\">Epistemolog\u00eda e Historia de las Ciencias Sociales<\/span><\/li>\n<\/ul>\n<p><span class=\"xr_tc xr_s29\" style=\"width: 215px; top: 332px; left: 30px;\"><span class=\"xr_s32\">ESPACIO DE LA PR\u00c1CTICA<\/span><\/span><\/p>\n<ul>\n<li><span class=\"xr_tc xr_s33\" style=\"width: 233px; top: 352px; left: 26px;\">Espacio de la Pr\u00e1ctica Docente III<\/span><\/li>\n<\/ul>\n<\/td>\n<\/tr>\n<tr style=\"background-color: #755505;\" valign=\"top\">\n<td style=\"text-align: center; border: #000000 1px solid;\" valign=\"top\"><span class=\"xr_tc\" style=\"width: 344px; color: #ffffff; font-size: 10pt; top: -14px; left: -10px;\">&nbsp;Segundo A\u00f1o<\/span><\/td>\n<td style=\"text-align: center; border: #000000 1px solid;\" valign=\"top\"><span class=\"xr_tc\" style=\"width: 302px; color: #ffffff; font-size: 10pt; top: -14px; left: 6px;\"><span class=\"xr_s32\">Cuarto A\u00f1o&nbsp;<\/span><\/span><\/td>\n<\/tr>\n<tr>\n<td style=\"border: #000000 1px solid;\" valign=\"top\"><span class=\"xr_tc\" style=\"width: 344px; top: -14px; left: -10px;\">ESPACIO DE LA FUNDAMENTACI\u00d3N <\/span><span class=\"xr_tc xr_s29\" style=\"width: 132px; top: 8px; left: 92px;\"><span class=\"xr_s34\">PEDAGOGICA<\/span><\/span><\/p>\n<ul>\n<li><span class=\"xr_tc xr_s29\" style=\"width: 303px; top: 30px; left: 2px;\"><span class=\"xr_s35\">Perspectiva&nbsp; Filos\u00f3fico&nbsp; Pedag\u00f3gica&nbsp; II<\/span><\/span><\/li>\n<li><span class=\"xr_tc xr_s29\" style=\"width: 289px; top: 53px; left: 3px;\"><span class=\"xr_s35\">Perspectiva Pedag\u00f3gico Did\u00e1ctica II<\/span><\/span><\/li>\n<\/ul>\n<p><span class=\"xr_tc\" style=\"width: 385px; top: 92px; left: -31px;\">ESPACIO&nbsp; DE&nbsp; LA&nbsp; ESPECIALIZACI\u00d3N POR <\/span><span class=\"xr_tc xr_s29\" style=\"width: 81px; top: 114px; left: 115px;\"><span class=\"xr_s34\">NIVELES<\/span><\/span><\/p>\n<ul>\n<li><span class=\"xr_tc xr_s35\" style=\"width: 368px; top: 133px; left: -23px;\">Psicolog\u00eda&nbsp; y Cultura del Alumno de EGB 3 y <\/span><span class=\"xr_tc xr_s29\" style=\"width: 83px; top: 155px; left: 115px;\"><span class=\"xr_s35\">Polimodal<\/span><\/span><\/li>\n<\/ul>\n<p><span class=\"xr_tc xr_s29\" style=\"width: 292px; top: 197px; left: 3px;\"><span class=\"xr_s34\">ESPACIO DE LA&nbsp; ORIENTACI\u00d3N<\/span><\/span><\/p>\n<ul>\n<li><span class=\"xr_tc xr_s37\" style=\"width: 194px; top: 217px; left: 62px;\"><span class=\"xr_s35\">Perspectiva Ambiental I<\/span><\/span><\/li>\n<li><span class=\"xr_tc xr_s37\" style=\"width: 145px; top: 236px; left: 87px;\"><span class=\"xr_s35\">Perspectiva Social<\/span><\/span> <span class=\"xr_tc xr_s37\" style=\"width: 80px; top: 255px; left: 119px;\"><span class=\"xr_s35\">Econom\u00eda<\/span><\/span> <span class=\"xr_tc xr_s37\" style=\"width: 83px; top: 275px; left: 118px;\"><span class=\"xr_s35\">Sociolog\u00eda<\/span><\/span><\/li>\n<li>&nbsp;<span class=\"xr_tc xr_s37\" style=\"width: 76px; top: 294px; left: 121px;\"><span class=\"xr_s35\">Historia I<\/span><\/span><\/li>\n<li><span class=\"xr_tc xr_s37\" style=\"width: 158px; top: 313px; left: 80px;\"><span class=\"xr_s35\">Integraci\u00f3n Areal II<\/span><\/span><\/li>\n<\/ul>\n<p><span class=\"xr_tc xr_s29\" style=\"width: 247px; top: 359px; left: 25px;\"><span class=\"xr_s34\">ESPACIO DE LA PR\u00c1CTICA<\/span><\/span><\/p>\n<ul>\n<li><span class=\"xr_tc xr_s37\" style=\"width: 262px; top: 381px; left: 24px;\"><span class=\"xr_s35\">Espacio de la Pr\u00e1ctica Docente II<\/span><\/span><\/li>\n<\/ul>\n<\/td>\n<td style=\"border: #000000 1px solid;\" valign=\"top\"><span class=\"xr_tc\" style=\"width: 302px; top: -14px; left: 6px;\"><span class=\"xr_s32\">ESPACIO&nbsp; DE&nbsp; LA ORIENTACI\u00d3N<\/span><\/span><\/p>\n<ul>\n<li><span class=\"xr_tc\" style=\"width: 268px; top: 8px; left: 28px;\"><span class=\"xr_s33\">Problemas Espaciales Mundiales<\/span><\/span><\/li>\n<li><span class=\"xr_tc\" style=\"width: 280px; top: 32px; left: 8px;\"><span class=\"xr_s33\">Problemas Espaciales Americanos<\/span><\/span><\/li>\n<li><span class=\"xr_tc\" style=\"width: 298px; top: 55px; left: 6px;\"><span class=\"xr_s33\">Organizaci\u00f3n del Espacio Argentino<\/span><\/span><\/li>\n<li><span class=\"xr_tc\" style=\"width: 221px; top: 78px; left: 50px;\"><span class=\"xr_s33\">Investigaci\u00f3n Geogr\u00e1fica II<\/span><\/span><\/li>\n<li><span class=\"xr_tc xr_s37\" style=\"width: 90px; top: 101px; left: 118px;\"><span class=\"xr_s33\">Historia III<\/span><\/span><\/li>\n<\/ul>\n<p><span class=\"xr_tc\" style=\"width: 359px; top: 148px; left: -18px;\"><span class=\"xr_s32\">ESPACIO DEFINICI\u00d3N INSTITUCIONAL<\/span><\/span><\/p>\n<ul>\n<li><span class=\"xr_tc\" style=\"width: 179px; top: 171px; left: 73px;\"><span class=\"xr_s33\">Historia de la Cultura<\/span><\/span> <span class=\"xr_tc\" style=\"width: 346px; top: 194px; left: -17px;\"><span class=\"xr_s33\">Seminario. <\/span><\/span><\/li>\n<li><span class=\"xr_tc\" style=\"width: 346px; top: 194px; left: -17px;\"><span class=\"xr_s33\">Nuevas tendencias geogr\u00e1ficas<\/span><\/span><\/li>\n<\/ul>\n<p><span class=\"xr_tc\" style=\"width: 251px; top: 237px; left: 29px;\"><span class=\"xr_s32\">ESPACIO DE LA PR\u00c1CTICA<\/span><\/span><\/p>\n<ul>\n<li><span class=\"xr_tc xr_s37\" style=\"width: 274px; top: 258px; left: 8px;\"><span class=\"xr_s33\">Espacio de la Pr\u00e1ctica Docente IV<\/span><\/span><\/li>\n<\/ul>\n<\/td>\n<\/tr>\n<\/tbody>\n<\/table>\n","protected":false},"excerpt":{"rendered":"<p>&nbsp; Primer A\u00f1o Segundo A\u00f1o ESPACIO DE LA FUNDAMENTACI\u00d3N PEDAG\u00d3GICA &nbsp;Perspectiva&nbsp; Filos\u00f3fico&nbsp; Pedag\u00f3gica&nbsp; I &nbsp;Perspectiva Pedag\u00f3gico Did\u00e1ctica I &nbsp;Perspectiva Socio Pol\u00edtica ESPACIO&nbsp; DE&nbsp; LA&nbsp; ESPECIALIZACI\u00d3N POR NIVELES Psicolog\u00eda&nbsp; y Cultura en la Educaci\u00f3n ESPACIO DE LA ORIENTACI\u00d3N Perspectiva Espacio Temporal de Argentina y Am\u00e9rica Perspectiva Espacio Temporal Mundial &nbsp;Antropolog\u00eda Integraci\u00f3n Areal I ESPACIO DE LA &#8230; <a title=\"Plan de Estudio vigente hasta el 2022\" class=\"read-more\" href=\"https:\/\/isfd54-bue.infd.edu.ar\/sitio\/plan-de-estudio-2\/\" aria-label=\"More on Plan de Estudio vigente hasta el 2022\">[+]<\/a><\/p>\n","protected":false},"author":275,"featured_media":0,"parent":0,"menu_order":0,"comment_status":"closed","ping_status":"closed","template":"","meta":[],"acf":[],"_links":{"self":[{"href":"https:\/\/isfd54-bue.infd.edu.ar\/sitio\/wp-json\/wp\/v2\/pages\/875"}],"collection":[{"href":"https:\/\/isfd54-bue.infd.edu.ar\/sitio\/wp-json\/wp\/v2\/pages"}],"about":[{"href":"https:\/\/isfd54-bue.infd.edu.ar\/sitio\/wp-json\/wp\/v2\/types\/page"}],"author":[{"embeddable":true,"href":"https:\/\/isfd54-bue.infd.edu.ar\/sitio\/wp-json\/wp\/v2\/users\/275"}],"replies":[{"embeddable":true,"href":"https:\/\/isfd54-bue.infd.edu.ar\/sitio\/wp-json\/wp\/v2\/comments?post=875"}],"version-history":[{"count":2,"href":"https:\/\/isfd54-bue.infd.edu.ar\/sitio\/wp-json\/wp\/v2\/pages\/875\/revisions"}],"predecessor-version":[{"id":3402,"href":"https:\/\/isfd54-bue.infd.edu.ar\/sitio\/wp-json\/wp\/v2\/pages\/875\/revisions\/3402"}],"wp:attachment":[{"href":"https:\/\/isfd54-bue.infd.edu.ar\/sitio\/wp-json\/wp\/v2\/media?parent=875"}],"curies":[{"name":"wp","href":"https:\/\/api.w.org\/{rel}","templated":true}]}}