{"id":873,"date":"2018-08-29T16:42:30","date_gmt":"2018-08-29T19:42:30","guid":{"rendered":"https:\/\/isfd54-bue.infd.edu.ar\/sitio\/plan-de-estudio\/"},"modified":"2023-03-21T16:24:58","modified_gmt":"2023-03-21T19:24:58","slug":"plan-de-estudio","status":"publish","type":"page","link":"https:\/\/isfd54-bue.infd.edu.ar\/sitio\/plan-de-estudio\/","title":{"rendered":"Plan de Estudio vigente hasta 2022"},"content":{"rendered":"<table style=\"background-color: #d0d2d0; border: #208d0b 0px solid;\" border=\"0\">\n<tbody>\n<tr style=\"background-color: #1e9c07;\" valign=\"top\">\n<td style=\"text-align: center; border: #000000 1px solid;\" valign=\"top\"><span style=\"font-size: 10pt;\">&nbsp;Primer A\u00f1o<\/span><\/td>\n<td style=\"text-align: center; border: #000000 1px solid;\" valign=\"top\"><span style=\"font-size: 10pt;\">Tercer A\u00f1o<\/span><\/td>\n<\/tr>\n<tr>\n<td style=\"border: #000000 1px solid;\" valign=\"top\"><span class=\"xr_tc\" style=\"width: 337px; top: -13px; left: -21px;\">ESPACIO DE LA FUNDAMENTACI\u00d3N<\/span><span class=\"xr_tc\" style=\"width: 337px; top: -13px; left: -21px;\">&nbsp;<\/span><span class=\"xr_tc xr_s29\" style=\"width: 129px; top: 4px; left: 78px;\"><span class=\"xr_s30\">PEDAG\u00d3GICA<\/span><\/span><\/p>\n<ul>\n<li><span class=\"xr_tc xr_s29\" style=\"width: 292px; top: 22px; left: -11px;\"><span class=\"xr_s31\">Perspectiva&nbsp; Filos\u00f3fico&nbsp; Pedag\u00f3gica&nbsp;&nbsp; I<\/span><\/span><\/li>\n<li><span class=\"xr_tc xr_s29\" style=\"width: 277px; top: 40px; left: -10px;\"><span class=\"xr_s31\">Perspectiva Pedag\u00f3gico<\/span><\/span><\/li>\n<li><span class=\"xr_tc xr_s29\" style=\"width: 277px; top: 40px; left: -10px;\"><span class=\"xr_s31\">&nbsp;Did\u00e1ctica I<\/span><\/span><\/li>\n<li>&nbsp;<span class=\"xr_tc xr_s29\" style=\"width: 201px; top: 58px; left: 35px;\"><span class=\"xr_s31\">Perspectiva Socio Pol\u00edtica<\/span><\/span><\/li>\n<\/ul>\n<p>&nbsp;<span class=\"xr_tc\" style=\"width: 334px; top: 76px; left: -19px;\">ESPACIO&nbsp; DE&nbsp; LA&nbsp; ESPECIALIZACI\u00d3N <\/span><span class=\"xr_tc xr_s29\" style=\"width: 123px; top: 94px; left: 79px;\"><span class=\"xr_s30\">POR NIVELES<\/span><\/span><\/p>\n<ul>\n<li>&nbsp;<span class=\"xr_tc xr_s29\" style=\"width: 294px; top: 111px; left: -11px;\"><span class=\"xr_s31\">Psicolog\u00eda&nbsp; y Cultura en la Educaci\u00f3n<\/span><\/span><\/li>\n<\/ul>\n<p><span class=\"xr_tc xr_s29\" style=\"width: 282px; top: 130px; left: -10px;\"><span class=\"xr_s30\">ESPACIO DE LA ORIENTACI\u00d3N<\/span><\/span><\/p>\n<ul>\n<li><span class=\"xr_tc xr_s31\" style=\"width: 288px; top: 147px; left: 4px;\">F\u00edsica y Elementos de Astronom\u00eda y <\/span><span class=\"xr_tc xr_s29\" style=\"width: 104px; top: 165px; left: 81px;\"><span class=\"xr_s31\">Laboratorio I<\/span><\/span><\/li>\n<li><span class=\"xr_tc xr_s29\" style=\"width: 190px; top: 183px; left: 36px;\"><span class=\"xr_s31\">Qu\u00edmica y Laboratorio I<\/span><\/span><\/li>\n<li>&nbsp;<span class=\"xr_tc xr_s29\" style=\"width: 210px; top: 201px; left: 34px;\"><span class=\"xr_s31\">Matem\u00e1tica Instrumental I<\/span><\/span><\/li>\n<li><span class=\"xr_tc xr_s29\" style=\"width: 149px; top: 219px; left: 58px;\"><span class=\"xr_s31\">Integraci\u00f3n Areal I<\/span><\/span><\/li>\n<\/ul>\n<p><span class=\"xr_tc xr_s29\" style=\"width: 242px; top: 238px; left: 12px;\"><span class=\"xr_s30\">ESPACIO DE LA PR\u00c1CTICA<\/span><\/span><\/p>\n<ul>\n<li><span class=\"xr_tc xr_s31\" style=\"width: 251px; top: 255px; left: 12px;\">Espacio de la Pr\u00e1ctica Docente <\/span><\/li>\n<\/ul>\n<\/td>\n<td style=\"border: #000000 1px solid;\" valign=\"top\"><span class=\"xr_tc\" style=\"width: 345px; top: -13px; left: -2px;\">ESPACIO DE LA FUNDAMENTACI\u00d3N <\/span><span class=\"xr_tc xr_s29\" style=\"width: 132px; top: 4px; left: 103px;\"><span class=\"xr_s30\">PEDAG\u00d3GICA<\/span><\/span><\/p>\n<ul>\n<li><span class=\"xr_tc xr_s29\" style=\"width: 360px; top: 20px; left: -12px;\"><span class=\"xr_s31\">Perspectiva&nbsp; Filos\u00f3fico&nbsp; Pedag\u00f3gica<\/span><\/span><span class=\"xr_tc xr_s29\" style=\"width: 360px; top: 20px; left: -12px;\"><span class=\"xr_s31\">Did\u00e1ctica<\/span><\/span><\/li>\n<li>&nbsp;<span class=\"xr_tc xr_s31\" style=\"width: 266px; top: 37px; left: 36px;\">Perspectiva Pol\u00edtico Institucional<\/span><\/li>\n<\/ul>\n<p><span class=\"xr_tc xr_s29\" style=\"width: 289px; top: 55px; left: 13px;\"><span class=\"xr_s30\">ESPACIO DE LA ORIENTACI\u00d3N<\/span><\/span><\/p>\n<ul>\n<li><span class=\"xr_tc xr_s31\" style=\"width: 356px; top: 72px; left: -7px;\">Biolog\u00eda Celular y Molecular<\/span><\/li>\n<li><span class=\"xr_tc xr_s31\" style=\"width: 356px; top: 72px; left: -7px;\">Biolog\u00eda de los <\/span><span class=\"xr_tc xr_s29\" style=\"width: 258px; top: 89px; left: 34px;\"><span class=\"xr_s31\">Organismos Celulares y Plantas<\/span><\/span> <span class=\"xr_tc xr_s29\" style=\"width: 143px; top: 106px; left: 82px;\"><span class=\"xr_s31\">Biolog\u00eda Humana<\/span><\/span><\/li>\n<li><span class=\"xr_tc xr_s29\" style=\"width: 201px; top: 123px; left: 69px;\"><span class=\"xr_s31\">Biolog\u00eda de los Animales<\/span><\/span><\/li>\n<li><span class=\"xr_tc xr_s31\" style=\"width: 333px; top: 140px; left: 4px;\">Ciencias Naturales y su Ense\u00f1anza<\/span><\/li>\n<li><span class=\"xr_tc xr_s31\" style=\"width: 333px; top: 140px; left: 4px;\">F\u00edsica <\/span><span class=\"xr_tc xr_s29\" style=\"width: 190px; top: 157px; left: 59px;\"><span class=\"xr_s31\">Biol\u00f3gica y Laboratorio<\/span><\/span><\/li>\n<li><span class=\"xr_tc xr_s31\" style=\"width: 264px; top: 174px; left: 37px;\">Qu\u00edmica Biol\u00f3gica y Laboratorio<\/span><\/li>\n<\/ul>\n<p><span class=\"xr_tc\" style=\"width: 236px; top: 192px; left: 51px;\">ESPACIO DE DEFINICI\u00d3N<\/span> <span class=\"xr_tc xr_s31\" style=\"width: 156px; top: 208px; left: 91px;\"><span class=\"xr_s30\">INSTITUCIONAL<\/span><\/span><\/p>\n<p>&nbsp;<span class=\"xr_tc xr_s29\" style=\"width: 248px; top: 224px; left: 45px;\"><span class=\"xr_s30\">ESPACIO DE LA PR\u00c1CTICA<\/span><\/span><\/p>\n<ul>\n<li><span class=\"xr_tc xr_s31\" style=\"width: 269px; top: 241px; left: 34px;\">Espacio de la Pr\u00e1ctica Docente III<\/span><\/li>\n<\/ul>\n<\/td>\n<\/tr>\n<tr style=\"background-color: #1e9c07;\" valign=\"top\">\n<td style=\"text-align: center; border: #000000 1px solid;\" valign=\"top\"><span style=\"font-size: 10pt;\">Segundo A\u00f1o<\/span><\/td>\n<td style=\"text-align: center; border: #000000 1px solid;\" valign=\"top\"><span style=\"font-size: 10pt;\">Cuarto A\u00f1o<\/span><\/td>\n<\/tr>\n<tr>\n<td style=\"border: #000000 1px solid;\" valign=\"top\"><span class=\"xr_tc\" style=\"width: 330px; top: -14px; left: -27px;\">ESPACIO DE LA FUNDAMENTACI\u00d3N <\/span><span class=\"xr_tc xr_s29\" style=\"width: 127px; top: 5px; left: 69px;\"><span class=\"xr_s34\">PEDAGOGICA<\/span><\/span><\/p>\n<ul>\n<li><span class=\"xr_tc xr_s29\" style=\"width: 292px; top: 23px; left: -20px;\"><span class=\"xr_s35\">Perspectiva&nbsp; Filos\u00f3fico&nbsp; Pedag\u00f3gica&nbsp; II<\/span><\/span><\/li>\n<li><span class=\"xr_tc xr_s29\" style=\"width: 278px; top: 42px; left: -19px;\"><span class=\"xr_s35\">Perspectiva Pedag\u00f3gico Did\u00e1ctica II<\/span><\/span><\/li>\n<\/ul>\n<p><span class=\"xr_tc\" style=\"width: 328px; top: 61px; left: -26px;\">ESPACIO&nbsp; DE&nbsp; LA&nbsp; ESPECIALIZACI\u00d3N <\/span><span class=\"xr_tc xr_s29\" style=\"width: 120px; top: 80px; left: 70px;\"><span class=\"xr_s34\">POR NIVELES<\/span><\/span><\/p>\n<ul>\n<li><span class=\"xr_tc xr_s35\" style=\"width: 326px; top: 98px; left: -25px;\">Psicolog\u00eda&nbsp; y Cultura del Alumno de EGB <\/span><span class=\"xr_tc xr_s29\" style=\"width: 107px; top: 117px; left: 71px;\"><span class=\"xr_s35\">3 y Polimodal<\/span><\/span><\/li>\n<\/ul>\n<p><span class=\"xr_tc xr_s29\" style=\"width: 280px; top: 137px; left: -19px;\"><span class=\"xr_s34\">ESPACIO DE LA&nbsp; ORIENTACI\u00d3N<\/span><\/span><\/p>\n<ul>\n<li>&nbsp;<span class=\"xr_tc xr_s35\" style=\"width: 282px; top: 155px; left: -3px;\">F\u00edsica y Elementos de Astronom\u00eda y <\/span><span class=\"xr_tc xr_s29\" style=\"width: 107px; top: 174px; left: 71px;\"><span class=\"xr_s35\">Laboratorio II<\/span><\/span><\/li>\n<li><span class=\"xr_tc xr_s29\" style=\"width: 192px; top: 193px; left: 26px;\"><span class=\"xr_s35\">Qu\u00edmica y Laboratorio II<\/span><\/span><\/li>\n<li><span class=\"xr_tc xr_s29\" style=\"width: 190px; top: 212px; left: 26px;\"><span class=\"xr_s35\">Biolog\u00eda y Laboratorio II<\/span><\/span><\/li>\n<li><span class=\"xr_tc xr_s29\" style=\"width: 158px; top: 231px; left: 48px;\"><span class=\"xr_s35\">Ciencias de la Tierra<\/span><\/span><\/li>\n<li>&nbsp;<span class=\"xr_tc xr_s35\" style=\"width: 318px; top: 250px; left: -21px;\">Matem\u00e1tica Instrumental I e Inform\u00e1tica <\/span><span class=\"xr_tc xr_s29\" style=\"width: 70px; top: 269px; left: 93px;\"><span class=\"xr_s35\">Aplicada<\/span><\/span><\/li>\n<li><span class=\"xr_tc xr_s29\" style=\"width: 152px; top: 288px; left: 48px;\"><span class=\"xr_s35\">Integraci\u00f3n Areal II<\/span><\/span><\/li>\n<\/ul>\n<p><span class=\"xr_tc xr_s29\" style=\"width: 237px; top: 308px; left: 3px;\"><span class=\"xr_s34\">ESPACIO DE LA PR\u00c1CTICA<\/span><\/span><\/p>\n<ul>\n<li><span class=\"xr_tc xr_s35\" style=\"width: 252px; top: 326px; left: 2px;\"><span class=\"xr_s35\">Espacio de la Pr\u00e1ctica Docente II<\/span><\/span><\/li>\n<\/ul>\n<\/td>\n<td style=\"border: #000000 1px solid;\" valign=\"top\"><span class=\"xr_tc\" style=\"width: 312px; top: -15px; left: 6px;\"><span class=\"xr_s32\">ESPACIO&nbsp; DE&nbsp; LA ORIENTACI\u00d3N<\/span><\/span><\/p>\n<ul>\n<li><span class=\"xr_tc\" style=\"width: 264px; top: 5px; left: 28px;\"><span class=\"xr_s33\">Biolog\u00eda del Desarrollo Animal<\/span><\/span><\/li>\n<li>&nbsp;<span class=\"xr_tc\" style=\"width: 73px; top: 24px; left: 120px;\"><span class=\"xr_s33\">Ecolog\u00eda<\/span><\/span><\/li>\n<li><span class=\"xr_tc\" style=\"width: 86px; top: 44px; left: 119px;\"><span class=\"xr_s33\">Evoluci\u00f3n<\/span><\/span> <span class=\"xr_tc\" style=\"width: 165px; top: 64px; left: 74px;\"><span class=\"xr_s33\">Gen\u00e9tica Molecular<\/span><\/span><\/li>\n<li><span class=\"xr_tc\" style=\"width: 190px; top: 84px; left: 53px;\"><span class=\"xr_s33\">Anatom\u00eda Comparada<\/span><\/span><\/li>\n<li><span class=\"xr_tc\" style=\"width: 206px; top: 104px; left: 52px;\"><span class=\"xr_s33\">Biolog\u00eda y su Ense\u00f1anza<\/span><\/span><\/li>\n<li><span class=\"xr_tc\" style=\"width: 114px; top: 124px; left: 98px;\"><span class=\"xr_s33\">Antropolog\u00eda<\/span><\/span><\/li>\n<li><span class=\"xr_tc\" style=\"width: 272px; top: 144px; left: 9px;\"><span class=\"xr_s33\">Metodolog\u00eda de la Investigaci\u00f3n<\/span><\/span><\/li>\n<\/ul>\n<p><span class=\"xr_tc\" style=\"width: 383px; top: 164px; left: -28px;\"><span class=\"xr_s32\">ESPACIO DEFINICI\u00d3N INSTITUCIONAL<\/span><\/span><\/p>\n<p><span class=\"xr_tc\" style=\"width: 260px; top: 183px; left: 29px;\"><span class=\"xr_s32\">ESPACIO DE LA PR\u00c1CTICA<\/span><\/span><\/p>\n<ul>\n<li><span class=\"xr_tc xr_s39\" style=\"width: 283px; top: 202px; left: 8px;\"><span class=\"xr_s33\">Espacio de la Pr\u00e1ctica Docente IV<\/span><\/span><\/li>\n<\/ul>\n<\/td>\n<\/tr>\n<\/tbody>\n<\/table>\n","protected":false},"excerpt":{"rendered":"<p>&nbsp;Primer A\u00f1o Tercer A\u00f1o ESPACIO DE LA FUNDAMENTACI\u00d3N&nbsp;PEDAG\u00d3GICA Perspectiva&nbsp; Filos\u00f3fico&nbsp; Pedag\u00f3gica&nbsp;&nbsp; I Perspectiva Pedag\u00f3gico &nbsp;Did\u00e1ctica I &nbsp;Perspectiva Socio Pol\u00edtica &nbsp;ESPACIO&nbsp; DE&nbsp; LA&nbsp; ESPECIALIZACI\u00d3N POR NIVELES &nbsp;Psicolog\u00eda&nbsp; y Cultura en la Educaci\u00f3n ESPACIO DE LA ORIENTACI\u00d3N F\u00edsica y Elementos de Astronom\u00eda y Laboratorio I Qu\u00edmica y Laboratorio I &nbsp;Matem\u00e1tica Instrumental I Integraci\u00f3n Areal I ESPACIO DE &#8230; <a title=\"Plan de Estudio vigente hasta 2022\" class=\"read-more\" href=\"https:\/\/isfd54-bue.infd.edu.ar\/sitio\/plan-de-estudio\/\" aria-label=\"More on Plan de Estudio vigente hasta 2022\">[+]<\/a><\/p>\n","protected":false},"author":275,"featured_media":0,"parent":0,"menu_order":0,"comment_status":"closed","ping_status":"closed","template":"","meta":[],"acf":[],"_links":{"self":[{"href":"https:\/\/isfd54-bue.infd.edu.ar\/sitio\/wp-json\/wp\/v2\/pages\/873"}],"collection":[{"href":"https:\/\/isfd54-bue.infd.edu.ar\/sitio\/wp-json\/wp\/v2\/pages"}],"about":[{"href":"https:\/\/isfd54-bue.infd.edu.ar\/sitio\/wp-json\/wp\/v2\/types\/page"}],"author":[{"embeddable":true,"href":"https:\/\/isfd54-bue.infd.edu.ar\/sitio\/wp-json\/wp\/v2\/users\/275"}],"replies":[{"embeddable":true,"href":"https:\/\/isfd54-bue.infd.edu.ar\/sitio\/wp-json\/wp\/v2\/comments?post=873"}],"version-history":[{"count":1,"href":"https:\/\/isfd54-bue.infd.edu.ar\/sitio\/wp-json\/wp\/v2\/pages\/873\/revisions"}],"predecessor-version":[{"id":3404,"href":"https:\/\/isfd54-bue.infd.edu.ar\/sitio\/wp-json\/wp\/v2\/pages\/873\/revisions\/3404"}],"wp:attachment":[{"href":"https:\/\/isfd54-bue.infd.edu.ar\/sitio\/wp-json\/wp\/v2\/media?parent=873"}],"curies":[{"name":"wp","href":"https:\/\/api.w.org\/{rel}","templated":true}]}}