{"id":861,"date":"2018-08-29T16:42:26","date_gmt":"2018-08-29T19:42:26","guid":{"rendered":"https:\/\/isfd54-bue.infd.edu.ar\/sitio\/historia\/"},"modified":"2020-05-11T19:21:53","modified_gmt":"2020-05-11T22:21:53","slug":"historia","status":"publish","type":"page","link":"https:\/\/isfd54-bue.infd.edu.ar\/sitio\/historia\/","title":{"rendered":"Historia"},"content":{"rendered":"<p>&nbsp;<\/p>\n<table style=\"font-weight: bold; background-color: #d2fdcd; border: 1px solid #0d12e6;\" border=\"1\" cellspacing=\"0\" cellpadding=\"0\">\n<tbody>\n<tr>\n<td colspan=\"2\" valign=\"top\"><strong><span style=\"text-decoration: underline;\">TRAYECTO HISTORICO DEL I.S.F.D. N\u00ba 54\u00a0 &#8211;<\/span><\/strong><strong>\u00a0<\/strong><\/td>\n<\/tr>\n<tr>\n<td colspan=\"2\" valign=\"top\">\n<p style=\"text-align: center;\"><span style=\"color: #ff6600;\"><strong><span style=\"text-decoration: underline;\">\u201cSrta. Victoria Olga Cossettini<\/span><\/strong><\/span><\/p>\n<p><strong>\u00a0<\/strong><\/td>\n<\/tr>\n<tr>\n<td valign=\"top\" width=\"73\"><strong>1980:<\/strong><\/td>\n<td valign=\"top\" width=\"1172\">Creaci\u00f3n del anexo Florencio Varela del Instituto Superior de Formaci\u00f3n Docente N\u00ba 18 de Lomas de Zamora.<\/p>\n<p><strong>\u00a0<\/strong><\/td>\n<\/tr>\n<tr>\n<td valign=\"top\" width=\"73\"><strong>1983:<\/strong><\/td>\n<td valign=\"top\" width=\"1172\">Creaci\u00f3n del Instituto Superior de Formaci\u00f3n Docente N\u00ba 50 sobre el anexo creado en Varela.<strong>\u00a0<\/strong><\/td>\n<\/tr>\n<tr>\n<td valign=\"top\" width=\"73\"><strong>1984:<\/strong><\/td>\n<td valign=\"top\" width=\"1172\">Traslado del Instituto Superior de Formaci\u00f3n Docente N\u00ba 50 a sede propia, en el distrito de Berazategui.<\/p>\n<p>Proyecto presentado por el Sr. Diputado Jorge Fava para la creaci\u00f3n de un Instituto Superior en el distrito de Florencio Varela para responder a los requerimientos de la comunidad educativa. Adhirieron a este proyecto de Educaci\u00f3n Superior Mar\u00eda Matilde Rodr\u00edguez y un grupo de destacados docentes del distrito.<strong>\u00a0<\/strong><\/td>\n<\/tr>\n<tr>\n<td valign=\"top\" width=\"73\"><strong>1985:<\/strong><\/td>\n<td valign=\"top\" width=\"1172\">(24 de Junio) Creaci\u00f3n del Instituto de Formaci\u00f3n Docente por Resoluci\u00f3n 1770\/85 que llevar\u00e1 el N\u00ba 54 y funcionar\u00e1 en la sede de la escuela 501, sito en Chacabuco 68. Se designa por concurso de antecedentes a la Dra. Prof. Maria Luisa Punte como directora organizadora desde el 12 de Julio del citado a\u00f1o.<\/p>\n<p>En Agosto es designado director el Prof. Bartolom\u00e9 Peri.<\/p>\n<p>El Instituto funciona en turno vespertino y para ese entonces cuenta con una matr\u00edcula de 75 integrantes, organizados en dos comisiones. Otorgando el t\u00edtulo de Maestro Normal Superior.<\/p>\n<p>En Septiembre se organiza la Asociaci\u00f3n Cooperadora. En Octubre se forma una comisi\u00f3n de profesores y alumnos para la organizaci\u00f3n de la Biblioteca.<\/p>\n<p>El acto de inauguraci\u00f3n formal se realiza en el mes de Octubre con la presencia del Sr. Director General de Escuelas y Cultura Dr. Jos\u00e9 Dumon.<\/td>\n<\/tr>\n<tr>\n<td valign=\"top\" width=\"73\"><strong>1986:<\/strong><\/p>\n<p><strong>\u00a0<\/strong><\/td>\n<td valign=\"top\" width=\"1172\">Se crean las carreras de pos-t\u00edtulo: Profesorado de Ense\u00f1anza Preescolar, con r\u00e9gimen de cursada presencial y Magisterio en Educaci\u00f3n de Adultos, con r\u00e9gimen semi-presencial, con car\u00e1cter experimental y cursada los d\u00edas s\u00e1bados.<\/td>\n<\/tr>\n<tr>\n<td valign=\"top\" width=\"73\"><strong>1987:<\/strong><\/td>\n<td valign=\"top\" width=\"1172\">Se inicia el ciclo lectivo con los cambios de plan de estudios incorpor\u00e1ndose las carreras de\u00a0 M.E.E.P. y M.E.E.I. con un Tronco com\u00fan de un a\u00f1o de duraci\u00f3n y un a\u00f1o y medio de especializaci\u00f3n para cada una de ellas.<\/p>\n<p>En Septiembre se realiza un concurso de antecedentes\u00a0 y oposici\u00f3n para el cargo de Regente Provisional designando regente al Prof. Miguel AngelArzet.<\/p>\n<p>El Director titular del Instituto Superior de Formaci\u00f3n Docente N\u00ba 54 Prof. Bartolom\u00e9 Peri deja la direcci\u00f3n para asumir como Subdirector de Ense\u00f1anza Superior.<\/td>\n<\/tr>\n<tr>\n<td valign=\"top\" width=\"73\"><strong>1988:<\/strong><\/p>\n<p><strong>\u00a0<\/strong><\/td>\n<td valign=\"top\" width=\"1172\">Se inicia el ciclo lectivo con la huelga docente de 42 d\u00edas estando a cargo de la instituci\u00f3n el Prof. Arzet, regente provisional, los d\u00edas lunes, durante el conflicto se realizaban reuniones con la totalidad de los profesores y alumnos.<\/p>\n<p>En mayo se concursa para el cargo de Secretario suplente del Prof. Carlos Eduardo Fonrouge Taylor.<\/p>\n<p>En junio se realiza el concurso de antecedentes y oposici\u00f3n para la cobertura del cargo de Director suplente, siendo la \u00fanica postulante la Prof. Estela Rajoy, quien es designada el d\u00eda 3 del mes mencionado.<\/p>\n<p>En septiembre se inician las gestiones de compra o alquiler de un edificio propio para la instituci\u00f3n, debido al aumento de la matr\u00edcula y a la necesidad de apertura de los turnos ma\u00f1ana y tarde, por ser el I.S.F.D. N\u00ba 54 el \u00fanico estatal del distrito.<\/p>\n<p>En diciembre el Magisterio Especializado en Educaci\u00f3n de Adultos por Resoluci\u00f3n 141 pasa a ser carrera, dejando de tener car\u00e1cter experimental<\/td>\n<\/tr>\n<tr>\n<td valign=\"top\" width=\"73\"><strong>1989:<\/strong><\/p>\n<p><strong>\u00a0<\/strong><\/td>\n<td valign=\"top\" width=\"1172\">Se inicia el ciclo lectivo con la apertura de los turnos ma\u00f1ana y tarde en el edificio alquilado por la Direcci\u00f3n General de Escuelas, sito en 12 de Octubre 520 \u2013 Villa Vatteone, con dos comisiones de tronco Com\u00fan en cada uno de ellos.<\/p>\n<p>Se implanta con la modalidad de ciclo y como pos-t\u00edtulo la carrera de Magisterio Especializado en Retardo Mental.<\/p>\n<p><strong>\u00a0<\/strong><\/td>\n<\/tr>\n<tr>\n<td valign=\"top\" width=\"73\"><strong>1991:<\/strong><\/p>\n<p><strong>\u00a0<\/strong><\/td>\n<td valign=\"top\" width=\"1172\">Se produce una explosi\u00f3n en la matr\u00edcula ingresante contando en la instituci\u00f3n con 25 comisiones en total.<\/p>\n<p>Se concursa la Secretar\u00eda provisional por antecedentes y oposici\u00f3n, debido a la jubilaci\u00f3n del Prof Carlos Foarouge Taylor, siendo designada la Prof. Selsa Ledesma.<\/td>\n<\/tr>\n<tr>\n<td valign=\"top\" width=\"73\"><strong>1992:<\/strong><\/td>\n<td valign=\"top\" width=\"1172\">Por el Decreto 2140\/92 se produce una fusi\u00f3n de comisiones y una considerable p\u00e9rdida de horas de c\u00e1tedra.<\/p>\n<p><strong>\u00a0<\/strong><\/td>\n<\/tr>\n<tr>\n<td valign=\"top\" width=\"73\"><strong>1993:<\/strong><\/p>\n<p><strong>\u00a0<\/strong><\/td>\n<td valign=\"top\" width=\"1172\">Aparece el primer n\u00famero de la Revista del Instituto \u201cLa Cigarra\u201d.<\/p>\n<p><strong>\u00a0<\/strong><\/td>\n<\/tr>\n<tr>\n<td valign=\"top\" width=\"73\"><strong>\u00a01995:<\/strong><\/td>\n<td valign=\"top\" width=\"1172\">Se inicia el desarrollo de los cursos de Capacitaci\u00f3n para Docentes de s\u00e9ptimo a\u00f1o de la E.G.B. en las \u00e1reas de Matem\u00e1tica, en Ciencias Sociales y en Ciencias Naturales. Todos los grupos contaron con el apoyo de los docentes del \u00e1rea de Psicolog\u00eda.<\/td>\n<\/tr>\n<tr>\n<td valign=\"top\" width=\"73\"><strong>\u00a01996:<\/strong><\/p>\n<p><strong>\u00a0<\/strong><\/td>\n<td valign=\"top\" width=\"1172\">A trav\u00e9s de instructivos de la D.E.S. se inician las primeras aproximaciones para conformar los Documentos que origina la Transformaci\u00f3n Educativa para nivel Superior.<\/p>\n<p>Se organizan una serie de actividades a partir de la carrera de M.E.E.I.<\/td>\n<\/tr>\n<tr>\n<td valign=\"top\" width=\"73\"><strong>1997:<\/strong><\/td>\n<td valign=\"top\" width=\"1172\">Se ponen en vigencia los actuales planes de estudio cuyo t\u00edtulo final es Profesor en Nivel Inicial y Profesor en Primero y Segundo Ciclo de la E.G.B.<\/td>\n<\/tr>\n<tr>\n<td valign=\"top\" width=\"73\"><strong>1998:<\/strong><\/p>\n<p><strong>\u00a0<\/strong><\/td>\n<td valign=\"top\" width=\"1172\">El Instituto tiene sede propia en la calle Bulnes N\u00ba 30, edificio donde se encontraba la Escuela N\u00ba 2.<\/p>\n<p><strong>\u00a0<\/strong><\/td>\n<\/tr>\n<tr>\n<td valign=\"top\" width=\"73\"><strong>2002:<\/strong><\/p>\n<p><strong>\u00a0<\/strong><\/td>\n<td valign=\"top\" width=\"1172\">Primera promoci\u00f3n de Profesores de Tercer Ciclo de la EGB y de la Educaci\u00f3n Polimodal en Matem\u00e1tica.<\/p>\n<p><strong>\u00a0<\/strong><\/td>\n<\/tr>\n<tr>\n<td valign=\"top\" width=\"73\"><strong>2003:<\/strong><\/p>\n<p><strong>\u00a0<\/strong><\/td>\n<td valign=\"top\" width=\"1172\">Comienza el Profesorado en Historia con Trayecto en Ciencias Sociales para Tercer Ciclo de la E.G.B. y Polimodal y la Tecnicatura en Recreaci\u00f3n.<\/p>\n<p>Si bien\u00a0 estas aperturas responden a las necesidades de la comunidad y el distrito, debido\u00a0 a los ajustes econ\u00f3micos del momento tuvieron que\u00a0 cerrarse las carreras de Post\u00edtulo y Magisterio Especializado en Educaci\u00f3n de Adolescentes y Adultos.<\/p>\n<p>Asume la direcci\u00f3n la profesora Selsa Ledesma y la vice direcci\u00f3n la profesora Gabriela Saslavsky<\/td>\n<\/tr>\n<tr>\n<td valign=\"top\" width=\"73\"><strong>2004:<\/strong><\/p>\n<p><strong>\u00a0<\/strong><\/td>\n<td valign=\"top\" width=\"1172\">Asume la direcci\u00f3n la profesora Gabriela Saslavsky<\/p>\n<p>Comienzan\u00a0 los Pos-t\u00edtulos en:<\/p>\n<ul>\n<li>Matem\u00e1tica para Tercer Ciclo de la EGB.<\/li>\n<li>Lengua. El docente como mediador para Segundo Ciclo.<\/li>\n<li>Geograf\u00eda. Actualizaci\u00f3n y perfeccionamiento docente para profesores de nivel Polimodal en Geograf\u00eda<\/li>\n<\/ul>\n<p>A trav\u00e9s del voto de toda la comunidad educativa, se decide el nombre que llevar\u00e1 el Instituto, Srta. Victoria Olga Cossettini, y se inician los tr\u00e1mites correspondientes para su resoluci\u00f3n.<\/p>\n<p>Se lleva a cabo el viaje de estudios a Talampaya-Ischigualasto, dentro del proyecto \u201cS\u00f3lo se ama lo que se conoce\u201d, con alumnos del Profesorado en Geograf\u00eda.<\/p>\n<p>Primera promoci\u00f3n de Profesores de Tercer Ciclo de la EGB y de la Educaci\u00f3n Polimodal en Geograf\u00eda, con trayecto en Ciencias Sociales.<\/p>\n<p>Primera promoci\u00f3n de T\u00e9cnicos en Recreaci\u00f3n.<\/td>\n<\/tr>\n<tr>\n<td valign=\"top\" width=\"73\"><strong>2005:<\/strong><\/p>\n<p><strong>\u00a0<\/strong><\/td>\n<td valign=\"top\" width=\"1172\">El Instituto cumple 20 a\u00f1os y se conmemora la fecha\u00a0 con la realizaci\u00f3n de la\u00a0 \u201cSemana de Actualizaci\u00f3n Pedag\u00f3gica\u201d, en la que participaron destacados profesionales del \u00e1mbito educativo.<\/p>\n<p>Contin\u00faan los Pos-t\u00edtulos iniciados en 2004.<\/p>\n<p>Comienza el Pos-t\u00edtulo para Adultos la Educaci\u00f3n de J\u00f3venes y Adultos.<\/p>\n<p>Se aprueba, por Resoluci\u00f3n 55\/35 del 12\/10\/05, el nombre del Instituto.<\/p>\n<p>Asume la vicedirecci\u00f3n la profesora Ana Tineo.<\/p>\n<p>Viaje de estudios a Entre R\u00edos, en el marco del proyecto \u201cS\u00f3lo se ama lo que se conoce\u201d, con alumnos y egresados del Profesorado en Geograf\u00eda.<\/p>\n<p><strong>\u00a0<\/strong><\/td>\n<\/tr>\n<tr>\n<td valign=\"top\" width=\"73\"><strong>2007:<\/strong><\/p>\n<p><strong>\u00a0<\/strong><\/td>\n<td valign=\"top\" width=\"1172\">Se realizan las Segundas Jornadas Pedag\u00f3gicas destinadas a Nivel Inicial.<\/p>\n<p>Se llevan a cabo las Terceras Jornadas Pedag\u00f3gicas en homenaje a Paulo Freire.<\/p>\n<p>Cuarta Edici\u00f3n del proyecto \u201cS\u00f3lo se ama lo que se conoce\u201d, viaje de estudio al NOA, con alumnos de los Profesorados de Geograf\u00eda y de Historia y egresados de Geograf\u00eda.<\/p>\n<p>Se inicia el Tramo de Capacitaci\u00f3n Pedag\u00f3gica para Profesionales y T\u00e9cnicos del Nivel Medio<\/p>\n<p>Se organiza la sala de inform\u00e1tica de la instituci\u00f3n que puede ser utilizada por todo el alumnado<\/td>\n<\/tr>\n<tr>\n<td valign=\"top\" width=\"73\"><strong>2008:<\/strong><\/p>\n<p><strong>\u00a0<\/strong><\/td>\n<td valign=\"top\" width=\"1172\">Se realizan las Terceras Jornadas Pedag\u00f3gicas destinadas a Nivel Inicial.<\/p>\n<p>Se llevan a cabo las Cuartas Jornadas Pedag\u00f3gicas en homenaje a Paulo Freire.<\/p>\n<p>Quinta Edici\u00f3n del proyecto \u201cS\u00f3lo se ama lo que se conoce\u201d: Mirando al Sur, viaje de estudio al Litoral Norpatag\u00f3nico, con alumnos de los Profesorados de Geograf\u00eda, de Historia, de Biolog\u00eda\u00a0 y de EGB.<\/p>\n<p>Creaci\u00f3n del Centro de Investigaciones Sociales<\/p>\n<p>Creaci\u00f3n del Laboratorio de Praxis Educativa, en el marco del Plan de Mejora<\/p>\n<p>Finaliza el Tramo de capacitaci\u00f3n\u00a0 Pedag\u00f3gica para Profesionales y T\u00e9cnicos del Nivel Medio.<\/td>\n<\/tr>\n<tr>\n<td valign=\"top\" width=\"73\"><strong>2009:<\/strong><\/p>\n<p><strong>\u00a0<\/strong><\/td>\n<td valign=\"top\" width=\"1172\">Se realizan las Cuartas Jornadas Pedag\u00f3gicas destinadas a Nivel Inicial.<\/p>\n<p>Se llevan a cabo las Quintas Jornadas Pedag\u00f3gicas: \u201cProblem\u00e1tica Ambiental y educaci\u00f3n\u201d<\/p>\n<p>Sexta Edici\u00f3n del proyecto \u201cS\u00f3lo se ama lo que se conoce\u201d: viaje de estudio al Noreste Argentino, con alumnos de los Profesorados de Geograf\u00eda, de Historia,\u00a0 y de EGB.<\/p>\n<p>Aparece la publicaci\u00f3n institucional \u201cConjeturas\u201d<\/p>\n<p>Se llevan a cabo diferentes talleres extracurriculares y cursos dentro del marco del \u201cPlan de mejora institucional\u201d relacionados con la Creaci\u00f3n del Centro de Investigaci\u00f3n y Praxis educativa.<\/p>\n<p>Se realizan las Primeras Jornadas del Profesorado de Matem\u00e1tica como festejo de los 10 a\u00f1os de creaci\u00f3n de este profesorado.<\/p>\n<p>Egresa la primera promoci\u00f3n del Profesorado en Biolog\u00eda.<\/td>\n<\/tr>\n<tr>\n<td valign=\"top\" width=\"73\"><strong>2010:<\/strong><\/p>\n<p><strong>\u00a0<\/strong><\/td>\n<td valign=\"top\" width=\"1172\">Este a\u00f1o la instituci\u00f3n cumpli\u00f3 25 a\u00f1os. Durante todo el a\u00f1o se realizaron actividades en el marco de los festejos. El Profesorado de Inicial realizo las jornadas, matem\u00e1tica organiz\u00f3 talleres, historia y geograf\u00eda llevaron a cabo distintas charlas<\/p>\n<p>Asimismo se realiz\u00f3 un acto para\u00a0 festejar los 25 a\u00f1os al que asistieron profesores jubilados, profesores del instituto y de otros, autoridades del Municipio, etc.<\/p>\n<p>Se realizan las VI Jornadas Pedag\u00f3gicas \u201cArte y Educaci\u00f3n\u201d<\/p>\n<p>Dentro del proyecto Solo se ama lo que se conoce los alumnos realizan el viaje de estudio a la Provincia de San Juan<\/p>\n<p>Reaparece la revista La cigarra, publicaci\u00f3n que posibilita la comunicaci\u00f3n y difusi\u00f3n de actividades y trabajos del ISFD Nro 54<\/p>\n<p>Se organiza el sitio web de la instituci\u00f3n <span style=\"text-decoration: underline;\">www.instituto54varela.com.ar<\/span><\/p>\n<p>Se nombran regentes a los Profesores Gabriel Berlanda y Carlos Ferrera<\/p>\n<p><strong>\u00a0<\/strong><\/td>\n<\/tr>\n<tr>\n<td valign=\"top\" width=\"73\"><strong>2011<\/strong><\/td>\n<td valign=\"top\" width=\"1172\">Se fortalece la organizaci\u00f3n institucional con la colaboraci\u00f3n de docentes que llevan a cabo la coordinaci\u00f3n de cada carrera: Prof. Claudia Ferrari (Matem\u00e1tica), Prof. Lilian Alonso (Biolog\u00eda), Prof. Marisa Olivieri Y Prof. Adrian Zorzoli (Primaria), Prof. M\u00f3nica Alonso (Inicial) Y Gladys Escudero como Pro-secretaria.<\/p>\n<p>Dentro del proyecto <strong>Solo se ama lo que se conoce<\/strong> los alumnos realizan el viaje de estudio al valle de Rio Negro y la provincia de Neuquen.<\/p>\n<p>Se comienza a desarrollar un proyecto de mejoras <strong>\u201cPrimeros pasos en la docencia\u201d,<\/strong> que consiste en acompa\u00f1ar a nuestros egresados en sus primeras instancias de trabajo. En \u00a0\u00e9l participar\u00e1n todas las carreras con que cuenta el instituto.<\/p>\n<p>El centro de investigaciones Sociales y Praxis Educativa (CISYPE) sigue avanzando en sus trabajos de investigaci\u00f3n.<\/p>\n<p>El CAI resolvi\u00f3 elaborar en forma conjunta, alumnos y docente, el <strong>c\u00f3digo de convivencia<\/strong> de la instituci\u00f3n que se llev\u00f3 a cabo el 18 de agosto.<\/p>\n<p>Se realizan dos Jornadas del Profesorado de geograf\u00eda como festejo de los 10 a\u00f1os de creaci\u00f3n de este profesorado.<\/p>\n<p>Se realiza la VII Jornada Pedag\u00f3gicas \u201cProblem\u00e1ticas educativas de Sarmiento a la actualidad\u201d<\/p>\n<p>Actualmente en el mes de noviembre\u00a0 se est\u00e1n entregando las notebook\u00a0 a los profesores y alumnos.<\/p>\n<p><strong>\u00a0<\/strong><\/td>\n<\/tr>\n<\/tbody>\n<\/table>\n<p><span style=\"font-weight: bold;\">\u00a0<\/span><span style=\"font-weight: bold;\"><span style=\"text-decoration: underline;\">Fuentes:\u00a0<\/span><\/span><\/p>\n<ul style=\"font-weight: bold;\">\n<li>Libros de Actas de Inspecci\u00f3n.<\/li>\n<li>Libros de Actas de la Asociaci\u00f3n Cooperadora<\/li>\n<li>Libros de Actas de reuniones de personal.<\/li>\n<li>Libro de Conducci\u00f3n<\/li>\n<li>Libros de Actas de cada una de las Carreras.<\/li>\n<li>Acta de Compromiso entre la Escuela 501 y el I.S.F.D. N\u00ba 54.<\/li>\n<li>Resoluciones aprobatorias de cursos.<\/li>\n<li>Entrevistas.<\/li>\n<\/ul>\n<p style=\"font-weight: bold;\">\u00a0<strong><span style=\"text-decoration: underline;\">CARRERAS<\/span><\/strong><\/p>\n<p style=\"font-weight: bold;\">\n<ul style=\"font-weight: bold;\">\n<li style=\"text-align: center;\">PROFESORADO PARA <strong>EDUCACI\u00d3N PRIMARIA<\/strong><\/li>\n<li style=\"text-align: center;\">PROFESORADO PARA <strong>NIVEL INICIAL<\/strong><\/li>\n<li style=\"text-align: center;\">PROFESORADO EN <strong>MATEM\u00c1TICA<\/strong>.<\/li>\n<li style=\"text-align: center;\">PROFESORADO EN <strong>GEOGRAF\u00cdA<\/strong><\/li>\n<li style=\"text-align: center;\">PROFESORADO EN <strong>HISTORIA<\/strong><\/li>\n<li style=\"text-align: center;\">PROFESORADO EN <strong>BIOLOG\u00cdA<\/strong><\/li>\n<\/ul>\n<p>&nbsp;<\/p>\n","protected":false},"excerpt":{"rendered":"<p>&nbsp; TRAYECTO HISTORICO DEL I.S.F.D. N\u00ba 54\u00a0 &#8211;\u00a0 \u201cSrta. Victoria Olga Cossettini \u00a0 1980: Creaci\u00f3n del anexo Florencio Varela del Instituto Superior de Formaci\u00f3n Docente N\u00ba 18 de Lomas de Zamora. \u00a0 1983: Creaci\u00f3n del Instituto Superior de Formaci\u00f3n Docente N\u00ba 50 sobre el anexo creado en Varela.\u00a0 1984: Traslado del Instituto Superior de Formaci\u00f3n &#8230; <a title=\"Historia\" class=\"read-more\" href=\"https:\/\/isfd54-bue.infd.edu.ar\/sitio\/historia\/\" aria-label=\"More on Historia\">[+]<\/a><\/p>\n","protected":false},"author":275,"featured_media":0,"parent":0,"menu_order":0,"comment_status":"closed","ping_status":"closed","template":"","meta":[],"acf":[],"_links":{"self":[{"href":"https:\/\/isfd54-bue.infd.edu.ar\/sitio\/wp-json\/wp\/v2\/pages\/861"}],"collection":[{"href":"https:\/\/isfd54-bue.infd.edu.ar\/sitio\/wp-json\/wp\/v2\/pages"}],"about":[{"href":"https:\/\/isfd54-bue.infd.edu.ar\/sitio\/wp-json\/wp\/v2\/types\/page"}],"author":[{"embeddable":true,"href":"https:\/\/isfd54-bue.infd.edu.ar\/sitio\/wp-json\/wp\/v2\/users\/275"}],"replies":[{"embeddable":true,"href":"https:\/\/isfd54-bue.infd.edu.ar\/sitio\/wp-json\/wp\/v2\/comments?post=861"}],"version-history":[{"count":1,"href":"https:\/\/isfd54-bue.infd.edu.ar\/sitio\/wp-json\/wp\/v2\/pages\/861\/revisions"}],"predecessor-version":[{"id":1230,"href":"https:\/\/isfd54-bue.infd.edu.ar\/sitio\/wp-json\/wp\/v2\/pages\/861\/revisions\/1230"}],"wp:attachment":[{"href":"https:\/\/isfd54-bue.infd.edu.ar\/sitio\/wp-json\/wp\/v2\/media?parent=861"}],"curies":[{"name":"wp","href":"https:\/\/api.w.org\/{rel}","templated":true}]}}