{"id":859,"date":"2018-08-29T16:42:26","date_gmt":"2018-08-29T19:42:26","guid":{"rendered":"https:\/\/isfd54-bue.infd.edu.ar\/sitio\/autoridades\/"},"modified":"2025-10-16T19:32:29","modified_gmt":"2025-10-16T22:32:29","slug":"autoridades","status":"publish","type":"page","link":"https:\/\/isfd54-bue.infd.edu.ar\/sitio\/autoridades\/","title":{"rendered":"Autoridades"},"content":{"rendered":"<p style=\"text-align: center;\"><span style=\"color: #000000;\"><strong>PRO<\/strong><strong>VINCIA DE BUENOS AIRES<\/strong><\/span><\/p>\n<p style=\"text-align: center;\"><span style=\"color: #000000;\"><strong>DIRECCI\u00d3N GENERAL DE CULTURA Y EDUCACI\u00d3N<\/strong><\/span><\/p>\n<p style=\"text-align: center;\"><span style=\"color: #000000;\"><strong>AUTORIDADES ISFD N\u00b054<\/strong><\/span><\/p>\n<p style=\"text-align: center;\"><span style=\"color: #000000;\"><strong>Directora: Prof. Silvia Bartel<\/strong><\/span><\/p>\n<p style=\"text-align: center;\"><span style=\"color: #000000;\"><strong>Vicedirectora: Prof. B\u00e1rbara Centuri\u00f3n\u00a0<\/strong><\/span><\/p>\n<p style=\"text-align: center;\"><span style=\"color: #000000;\"><strong>Regente: Prof. Mariana Gonz\u00e1lez<\/strong><\/span><\/p>\n<p style=\"text-align: center;\"><span style=\"color: #000000;\"><strong>Regente: Prof. Cristian Larroza<\/strong><\/span><\/p>\n<p style=\"text-align: center;\"><span style=\"color: #000000;\"><strong>Regente: Prof. Marianela Di Santo <\/strong><\/span><\/p>\n<p style=\"text-align: center;\"><span style=\"color: #000000;\"><strong>Regente: Prof. J\u00e9sica Pagano<\/strong><\/span><\/p>\n<p style=\"text-align: center;\"><span style=\"color: #000000;\"><strong>Secretaria: Fernanda Lejarraga<\/strong><\/span><\/p>\n<p style=\"text-align: center;\"><span style=\"color: #000000;\"><strong>Pro-Secretaria: Mirta Ju\u00e1rez<\/strong><\/span><\/p>\n<p style=\"text-align: center;\"><span style=\"color: #000000;\"><strong>Jefas de \u00c1rea de las carreras:<\/strong><\/span><\/p>\n<p style=\"text-align: center;\"><span style=\"color: #000000;\"><b style=\"color: #000000;\">Jefa de <\/b><span style=\"color: #000000;\"><b>\u00c1rea<\/b><\/span><b style=\"color: #000000;\"> de Geograf\u00eda: Prof.\u00a0 Mariana Urbanovicz<\/b><\/span><\/p>\n<p style=\"text-align: center;\"><span style=\"color: #000000;\"><b style=\"color: #000000;\">Jefa de <\/b><b>\u00c1rea<\/b><b style=\"color: #000000;\"> de Primaria: Prof.\u00a0 M\u00f3nica Kulin<\/b><\/span><\/p>\n<p style=\"text-align: center;\"><span style=\"color: #000000;\"><strong>Jefa de \u00c1rea de Inicial: Prof. M\u00f3nica Kulin<\/strong><\/span><\/p>\n<p style=\"text-align: center;\">\n","protected":false},"excerpt":{"rendered":"<p>PROVINCIA DE BUENOS AIRES DIRECCI\u00d3N GENERAL DE CULTURA Y EDUCACI\u00d3N AUTORIDADES ISFD N\u00b054 Directora: Prof. Silvia Bartel Vicedirectora: Prof. B\u00e1rbara Centuri\u00f3n\u00a0 Regente: Prof. Mariana Gonz\u00e1lez Regente: Prof. Cristian Larroza Regente: Prof. Marianela Di Santo Regente: Prof. J\u00e9sica Pagano Secretaria: Fernanda Lejarraga Pro-Secretaria: Mirta Ju\u00e1rez Jefas de \u00c1rea de las carreras: Jefa de \u00c1rea de Geograf\u00eda: &#8230; <a title=\"Autoridades\" class=\"read-more\" href=\"https:\/\/isfd54-bue.infd.edu.ar\/sitio\/autoridades\/\" aria-label=\"More on Autoridades\">[+]<\/a><\/p>\n","protected":false},"author":275,"featured_media":0,"parent":0,"menu_order":0,"comment_status":"closed","ping_status":"closed","template":"","meta":[],"acf":[],"_links":{"self":[{"href":"https:\/\/isfd54-bue.infd.edu.ar\/sitio\/wp-json\/wp\/v2\/pages\/859"}],"collection":[{"href":"https:\/\/isfd54-bue.infd.edu.ar\/sitio\/wp-json\/wp\/v2\/pages"}],"about":[{"href":"https:\/\/isfd54-bue.infd.edu.ar\/sitio\/wp-json\/wp\/v2\/types\/page"}],"author":[{"embeddable":true,"href":"https:\/\/isfd54-bue.infd.edu.ar\/sitio\/wp-json\/wp\/v2\/users\/275"}],"replies":[{"embeddable":true,"href":"https:\/\/isfd54-bue.infd.edu.ar\/sitio\/wp-json\/wp\/v2\/comments?post=859"}],"version-history":[{"count":10,"href":"https:\/\/isfd54-bue.infd.edu.ar\/sitio\/wp-json\/wp\/v2\/pages\/859\/revisions"}],"predecessor-version":[{"id":5051,"href":"https:\/\/isfd54-bue.infd.edu.ar\/sitio\/wp-json\/wp\/v2\/pages\/859\/revisions\/5051"}],"wp:attachment":[{"href":"https:\/\/isfd54-bue.infd.edu.ar\/sitio\/wp-json\/wp\/v2\/media?parent=859"}],"curies":[{"name":"wp","href":"https:\/\/api.w.org\/{rel}","templated":true}]}}