{"id":855,"date":"2018-08-29T16:42:24","date_gmt":"2018-08-29T19:42:24","guid":{"rendered":"https:\/\/isfd54-bue.infd.edu.ar\/sitio\/plan-de-estudios-2\/"},"modified":"2021-09-03T17:13:22","modified_gmt":"2021-09-03T20:13:22","slug":"plan-de-estudios-2","status":"publish","type":"page","link":"https:\/\/isfd54-bue.infd.edu.ar\/sitio\/plan-de-estudios-2\/","title":{"rendered":"Plan de estudios"},"content":{"rendered":"<table width=\"615\">\n<tbody>\n<tr>\n<td width=\"27\"><\/td>\n<td width=\"588\">1\u00b0 A\u00f1o<\/td>\n<\/tr>\n<tr>\n<td>1<\/td>\n<td>TALLER DE LECTURA, ESCRITURA Y ORALIDAD<\/td>\n<\/tr>\n<tr>\n<td>2<\/td>\n<td>TALLER DE PENSAMIENTO L\u00d3GICO MATEM\u00c1TICO<\/td>\n<\/tr>\n<tr>\n<td>3<\/td>\n<td>TALLER DE DEFINICI\u00d3N INSTITUCIONAL<\/td>\n<\/tr>\n<tr>\n<td>4<\/td>\n<td>PSICOLOG\u00cdA DEL DESARROLLO Y EL APRENDIZAJE I<\/td>\n<\/tr>\n<tr>\n<td>5<\/td>\n<td>CAMPO DE LA PRACTICA DOCENTE I<\/td>\n<\/tr>\n<tr>\n<td>6<\/td>\n<td>CORPOREIDAD Y MOTRICIDAD<\/td>\n<\/tr>\n<tr>\n<td>7<\/td>\n<td>ARTE Y EDUCACI\u00d3N<\/td>\n<\/tr>\n<tr>\n<td>8<\/td>\n<td>FILOSOFIA<\/td>\n<\/tr>\n<tr>\n<td>9<\/td>\n<td>DIDACTICA GENERAL<\/td>\n<\/tr>\n<tr>\n<td>10<\/td>\n<td>PEDAGOGIA<\/td>\n<\/tr>\n<tr>\n<td>11<\/td>\n<td>ANALISIS DEL MUNDO CONTEMPORANEO<\/td>\n<\/tr>\n<tr>\n<td><\/td>\n<td>2\u00b0 A\u00f1o<\/td>\n<\/tr>\n<tr>\n<td>12<\/td>\n<td>PSICOLOG\u00cdA DEL DESARROLLO Y EL APRENDIZAJE II<\/td>\n<\/tr>\n<tr>\n<td>13<\/td>\n<td>PSICOLOGIA SOCIAL E INSTITUCIONAL<\/td>\n<\/tr>\n<tr>\n<td>14<\/td>\n<td>CULTURA, COMUNICACI\u00d3N Y EDUCACI\u00d3N<\/td>\n<\/tr>\n<tr>\n<td>15<\/td>\n<td>CAMPO DE LA PR\u00c1CTICA DOCENTE II<\/td>\n<\/tr>\n<tr>\n<td>16<\/td>\n<td>EDUCACI\u00d3N ART\u00cdSTICA<\/td>\n<\/tr>\n<tr>\n<td>17<\/td>\n<td>DIDACTICA DE PRACTICAS DEL LENGUAJE Y LA LITERATURA I<\/td>\n<\/tr>\n<tr>\n<td>18<\/td>\n<td>DID\u00c1CTICA DE LAS CIENCIAS SOCIALES I<\/td>\n<\/tr>\n<tr>\n<td>19<\/td>\n<td>DID\u00c1CTICA DE LAS CIENCIAS NATURALES I<\/td>\n<\/tr>\n<tr>\n<td>20<\/td>\n<td>DID\u00c1CTICA DE LA MATEM\u00c1TICA I<\/td>\n<\/tr>\n<tr>\n<td>21<\/td>\n<td>TEORIAS SOCIOPOLITICAS Y EDUCACION<\/td>\n<\/tr>\n<tr>\n<td>22<\/td>\n<td>DIDACTICA Y CURRICULO DEL NIVEL PRIMARIO<\/td>\n<\/tr>\n<tr>\n<td><\/td>\n<td>3\u00b0 A\u00f1o<\/td>\n<\/tr>\n<tr>\n<td>23<\/td>\n<td>CONFIGURACIONES CULTURALES DEL SUJETO EDUCATIVO DE PRIMARIA<\/td>\n<\/tr>\n<tr>\n<td>24<\/td>\n<td>MEDIOS AUDIOVISUALES, TIC\u00b4S Y EDUCACI\u00d3N<\/td>\n<\/tr>\n<tr>\n<td>25<\/td>\n<td>CAMPO DE LA PRACTICA DOCENTE III<\/td>\n<\/tr>\n<tr>\n<td>26<\/td>\n<td>EDUCACI\u00d3N F\u00cdSICA ESCOLAR<\/td>\n<\/tr>\n<tr>\n<td>27<\/td>\n<td>DIDACTICA DE PRACTICAS DEL LENGUAJE Y LA LITERATURA II<\/td>\n<\/tr>\n<tr>\n<td>28<\/td>\n<td>DID\u00c1CTICA DE LAS CIENCIAS SOCIALES II<\/td>\n<\/tr>\n<tr>\n<td>29<\/td>\n<td>DID\u00c1CTICA DE LAS CIENCIAS NATURALES II<\/td>\n<\/tr>\n<tr>\n<td>30<\/td>\n<td>DID\u00c1CTICA DE LA MATEM\u00c1TICA II<\/td>\n<\/tr>\n<tr>\n<td>31<\/td>\n<td>HISTORIA Y PROSPECTIVA DE LA EDUCACI\u00d3N<\/td>\n<\/tr>\n<tr>\n<td>32<\/td>\n<td>POLITICAS, LEGISLACION ADMINISTRACI\u00d3N DEL TRABAJO ESCOLAR<\/td>\n<\/tr>\n<tr>\n<td><\/td>\n<td>4\u00b0 A\u00f1o<\/td>\n<\/tr>\n<tr>\n<td>33<\/td>\n<td>PEDAGOG\u00cdA CR\u00cdTICA DE LAS DIFERENCIAS<\/td>\n<\/tr>\n<tr>\n<td>34<\/td>\n<td>CAMPO DE LA PRACTICA DOCENTE IV<\/td>\n<\/tr>\n<tr>\n<td>35<\/td>\n<td>ATENEO DE PRACTICAS DEL LENGUAJE Y LA LITERATURA<\/td>\n<\/tr>\n<tr>\n<td>36<\/td>\n<td>ATENEO DE CIENCIAS SOCIALES<\/td>\n<\/tr>\n<tr>\n<td>37<\/td>\n<td>ATENEO DE CIENCIAS NATURALES<\/td>\n<\/tr>\n<tr>\n<td>38<\/td>\n<td>ATENEO DE MATEM\u00c1TICA<\/td>\n<\/tr>\n<tr>\n<td>39<\/td>\n<td>REFLEXI\u00d3N FILOS\u00d3FICA DE LA EDUCACI\u00d3N<\/td>\n<\/tr>\n<tr>\n<td>40<\/td>\n<td>DIMENSI\u00d3N \u00c9TICO-POL\u00cdTICA DE LA PRAXIS DOCENTE<\/td>\n<\/tr>\n<tr>\n<td>41<\/td>\n<td>TRAYECTOS FORMATIVOS OPCIONALES<\/p>\n<p>TALLER 1 TFO<\/p>\n<p>TALLER 2 TFO<\/p>\n<p>TALLER 3 TFO<\/td>\n<\/tr>\n<\/tbody>\n<\/table>\n","protected":false},"excerpt":{"rendered":"<p>1\u00b0 A\u00f1o 1 TALLER DE LECTURA, ESCRITURA Y ORALIDAD 2 TALLER DE PENSAMIENTO L\u00d3GICO MATEM\u00c1TICO 3 TALLER DE DEFINICI\u00d3N INSTITUCIONAL 4 PSICOLOG\u00cdA DEL DESARROLLO Y EL APRENDIZAJE I 5 CAMPO DE LA PRACTICA DOCENTE I 6 CORPOREIDAD Y MOTRICIDAD 7 ARTE Y EDUCACI\u00d3N 8 FILOSOFIA 9 DIDACTICA GENERAL 10 PEDAGOGIA 11 ANALISIS DEL MUNDO CONTEMPORANEO &#8230; <a title=\"Plan de estudios\" class=\"read-more\" href=\"https:\/\/isfd54-bue.infd.edu.ar\/sitio\/plan-de-estudios-2\/\" aria-label=\"More on Plan de estudios\">[+]<\/a><\/p>\n","protected":false},"author":275,"featured_media":0,"parent":0,"menu_order":0,"comment_status":"closed","ping_status":"closed","template":"","meta":[],"acf":[],"_links":{"self":[{"href":"https:\/\/isfd54-bue.infd.edu.ar\/sitio\/wp-json\/wp\/v2\/pages\/855"}],"collection":[{"href":"https:\/\/isfd54-bue.infd.edu.ar\/sitio\/wp-json\/wp\/v2\/pages"}],"about":[{"href":"https:\/\/isfd54-bue.infd.edu.ar\/sitio\/wp-json\/wp\/v2\/types\/page"}],"author":[{"embeddable":true,"href":"https:\/\/isfd54-bue.infd.edu.ar\/sitio\/wp-json\/wp\/v2\/users\/275"}],"replies":[{"embeddable":true,"href":"https:\/\/isfd54-bue.infd.edu.ar\/sitio\/wp-json\/wp\/v2\/comments?post=855"}],"version-history":[{"count":3,"href":"https:\/\/isfd54-bue.infd.edu.ar\/sitio\/wp-json\/wp\/v2\/pages\/855\/revisions"}],"predecessor-version":[{"id":1951,"href":"https:\/\/isfd54-bue.infd.edu.ar\/sitio\/wp-json\/wp\/v2\/pages\/855\/revisions\/1951"}],"wp:attachment":[{"href":"https:\/\/isfd54-bue.infd.edu.ar\/sitio\/wp-json\/wp\/v2\/media?parent=855"}],"curies":[{"name":"wp","href":"https:\/\/api.w.org\/{rel}","templated":true}]}}