{"id":847,"date":"2018-08-29T16:42:22","date_gmt":"2018-08-29T19:42:22","guid":{"rendered":"https:\/\/isfd54-bue.infd.edu.ar\/sitio\/datos-institucionales\/"},"modified":"2024-12-02T15:57:28","modified_gmt":"2024-12-02T18:57:28","slug":"datos-institucionales","status":"publish","type":"page","link":"https:\/\/isfd54-bue.infd.edu.ar\/sitio\/datos-institucionales\/","title":{"rendered":"Datos institucionales"},"content":{"rendered":"<blockquote>\n<p style=\"text-align: center;\"><span style=\"color: #0000ff; font-family: verdana; font-size: 14pt;\"><strong>ISFD N\u00ba54 \u00abSta. Victoria Olga Cossettini<\/strong>\u00ab<\/span><\/p>\n<table border=\"0\">\n<tbody>\n<tr>\n<td><span style=\"font-family: 'comic sans ms', sans-serif; font-size: 12pt; color: #0000ff;\">Turno:<\/span><\/td>\n<td><span style=\"font-family: 'comic sans ms', sans-serif; font-size: 12pt; color: #0000ff;\">Horarios de atenci\u00f3n:<\/span><\/td>\n<\/tr>\n<tr>\n<td><span style=\"font-family: 'comic sans ms', sans-serif; font-size: 10pt; color: #0000ff;\">Ma\u00f1ana:\u00a0<\/span><\/td>\n<td><span style=\"font-family: 'comic sans ms', sans-serif; font-size: 10pt; color: #0000ff;\">8:00 a 12:00 hs. \u00a0\u00a0<\/span><\/td>\n<\/tr>\n<tr>\n<td><span style=\"font-family: 'comic sans ms', sans-serif; font-size: 10pt; color: #0000ff;\">Tarde:<\/span><\/td>\n<td><span style=\"font-family: 'comic sans ms', sans-serif; font-size: 10pt; color: #0000ff;\">13:00 a 17:00 hs.<\/span><\/td>\n<\/tr>\n<tr>\n<td><span style=\"font-family: 'comic sans ms', sans-serif; font-size: 10pt; color: #0000ff;\">Noche<\/span><\/td>\n<td><span style=\"font-family: 'comic sans ms', sans-serif; font-size: 10pt; color: #0000ff;\">18:00 a 22:00 hs.<\/span><\/td>\n<\/tr>\n<\/tbody>\n<\/table>\n<table border=\"0\">\n<tbody>\n<tr>\n<td><span style=\"font-family: 'comic sans ms', sans-serif; font-size: 10pt; color: #0000ff;\"><span class=\"xr_s53\">Direcci\u00f3n:\u00a0 \u00a0 \u00a0 \u00a0 \u00a0 \u00a0<\/span><\/span><\/td>\n<td><span style=\"font-family: 'comic sans ms', sans-serif; font-size: 10pt; color: #0000ff;\"><span class=\"xr_s53\">B<\/span>ulnes 30 -Zeballos<\/span><\/td>\n<\/tr>\n<tr>\n<td><span style=\"font-family: 'comic sans ms', sans-serif; font-size: 10pt; color: #0000ff;\"><span class=\"xr_s53\">Tel\u00e9fono:<\/span><\/span><\/td>\n<td><span style=\"font-family: 'comic sans ms', sans-serif; font-size: 10pt; color: #0000ff;\">4287-2872<\/span><\/td>\n<\/tr>\n<tr>\n<td><\/td>\n<td><span style=\"font-family: 'comic sans ms', sans-serif; font-size: 10pt; color: #0000ff;\">P\u00e1gina web: isfd54.bue.infd.edu.ar<\/span><\/p>\n<p><span style=\"font-family: 'comic sans ms', sans-serif; font-size: 10pt; color: #0000ff;\">Direcci\u00f3n de correo: isfd54fvarela@abc.gob.ar<\/span><\/td>\n<\/tr>\n<\/tbody>\n<\/table>\n<p style=\"text-align: center;\"><span style=\"font-family: verdana;\">\u00a0<\/span><\/p>\n<p><span style=\"color: #002a00; font-family: verdana;\">\u00a0<\/span><span style=\"font-family: verdana; color: #008000;\"><span class=\"xr_s52\"><span style=\"color: #002a00;\"><span class=\"xr_tc\">\u00a0 \u00a0 \u00a0 \u00a0 \u00a0 \u00a0 \u00a0 \u00a0 \u00a0 \u00a0 \u00a0 \u00a0 \u00a0 \u00a0 \u00a0 \u00a0 \u00a0 \u00a0 \u00a0 \u00a0 \u00a0 \u00a0 \u00a0 \u00a0 \u00a0 \u00a0 \u00a0\u00a0<\/span><\/span><\/span><span class=\"xr_s53\">\u00a0<\/span><\/span><\/p>\n<p><span style=\"color: #002a00; font-family: verdana;\">\u00a0<\/span><\/p>\n<p><span style=\"color: #002a00; font-family: verdana;\"><br \/>\n<\/span><span style=\"color: #002a00; font-family: verdana;\"><br \/>\n<\/span><\/p><\/blockquote>\n","protected":false},"excerpt":{"rendered":"<p>ISFD N\u00ba54 \u00abSta. Victoria Olga Cossettini\u00ab Turno: Horarios de atenci\u00f3n: Ma\u00f1ana:\u00a0 8:00 a 12:00 hs. \u00a0\u00a0 Tarde: 13:00 a 17:00 hs. Noche 18:00 a 22:00 hs. Direcci\u00f3n:\u00a0 \u00a0 \u00a0 \u00a0 \u00a0 \u00a0 Bulnes 30 -Zeballos Tel\u00e9fono: 4287-2872 P\u00e1gina web: isfd54.bue.infd.edu.ar Direcci\u00f3n de correo: isfd54fvarela@abc.gob.ar \u00a0 \u00a0\u00a0 \u00a0 \u00a0 \u00a0 \u00a0 \u00a0 \u00a0 \u00a0 \u00a0 \u00a0 &#8230; <a title=\"Datos institucionales\" class=\"read-more\" href=\"https:\/\/isfd54-bue.infd.edu.ar\/sitio\/datos-institucionales\/\" aria-label=\"More on Datos institucionales\">[+]<\/a><\/p>\n","protected":false},"author":275,"featured_media":0,"parent":0,"menu_order":0,"comment_status":"closed","ping_status":"closed","template":"","meta":[],"acf":[],"_links":{"self":[{"href":"https:\/\/isfd54-bue.infd.edu.ar\/sitio\/wp-json\/wp\/v2\/pages\/847"}],"collection":[{"href":"https:\/\/isfd54-bue.infd.edu.ar\/sitio\/wp-json\/wp\/v2\/pages"}],"about":[{"href":"https:\/\/isfd54-bue.infd.edu.ar\/sitio\/wp-json\/wp\/v2\/types\/page"}],"author":[{"embeddable":true,"href":"https:\/\/isfd54-bue.infd.edu.ar\/sitio\/wp-json\/wp\/v2\/users\/275"}],"replies":[{"embeddable":true,"href":"https:\/\/isfd54-bue.infd.edu.ar\/sitio\/wp-json\/wp\/v2\/comments?post=847"}],"version-history":[{"count":4,"href":"https:\/\/isfd54-bue.infd.edu.ar\/sitio\/wp-json\/wp\/v2\/pages\/847\/revisions"}],"predecessor-version":[{"id":4708,"href":"https:\/\/isfd54-bue.infd.edu.ar\/sitio\/wp-json\/wp\/v2\/pages\/847\/revisions\/4708"}],"wp:attachment":[{"href":"https:\/\/isfd54-bue.infd.edu.ar\/sitio\/wp-json\/wp\/v2\/media?parent=847"}],"curies":[{"name":"wp","href":"https:\/\/api.w.org\/{rel}","templated":true}]}}