{"id":842,"date":"2018-08-29T16:42:20","date_gmt":"2018-08-29T19:42:20","guid":{"rendered":"https:\/\/isfd54-bue.infd.edu.ar\/sitio\/ayudantes-de-catedra\/"},"modified":"2025-02-14T11:51:52","modified_gmt":"2025-02-14T14:51:52","slug":"ayudantes-de-catedra","status":"publish","type":"page","link":"https:\/\/isfd54-bue.infd.edu.ar\/sitio\/ayudantes-de-catedra\/","title":{"rendered":"Ayudantes de c\u00e1tedra"},"content":{"rendered":"<h2 style=\"text-align: center;\">CICLO LECTIVO 2025<\/h2>\n<h2 style=\"text-align: center;\">Concurso interno para la cobertura de ayudant\u00edas de c\u00e1tedra<\/h2>\n<p style=\"text-align: center;\"><a href=\"https:\/\/abc.gob.ar\/secretarias\/sites\/default\/files\/2021-04\/3-_resolucion_3121_04_condiciones_para_la_figura_de_ayudante_de_catedra_y_las_formas_de_acreditacion.pdf\">Resoluci\u00f3n N\u00b0 3121<\/a><\/p>\n<h5 style=\"text-align: center;\"><strong>Difusi\u00f3n e Inscripci\u00f3n de aspirantes 7\/04 al 11\/04<\/strong><\/h5>\n<h5 style=\"text-align: center;\"><strong>21\/04 al 25\/04 Evaluaci\u00f2n de proyectos y n\u00f3mina de aspitantes en condiciones de asumir el rol de ayudantes de c\u00e1tedra.<\/strong><\/h5>\n<h2 style=\"text-align: center;\"><!--\n\n\n\n<hr align=\"right\" size=\"20\" width=\"50%\" \/>\n\n--><\/h2>\n<h5><\/h5>\n","protected":false},"excerpt":{"rendered":"<p>CICLO LECTIVO 2025 Concurso interno para la cobertura de ayudant\u00edas de c\u00e1tedra Resoluci\u00f3n N\u00b0 3121 Difusi\u00f3n e Inscripci\u00f3n de aspirantes 7\/04 al 11\/04 21\/04 al 25\/04 Evaluaci\u00f2n de proyectos y n\u00f3mina de aspitantes en condiciones de asumir el rol de ayudantes de c\u00e1tedra.<\/p>\n","protected":false},"author":275,"featured_media":0,"parent":0,"menu_order":0,"comment_status":"closed","ping_status":"closed","template":"","meta":[],"acf":[],"_links":{"self":[{"href":"https:\/\/isfd54-bue.infd.edu.ar\/sitio\/wp-json\/wp\/v2\/pages\/842"}],"collection":[{"href":"https:\/\/isfd54-bue.infd.edu.ar\/sitio\/wp-json\/wp\/v2\/pages"}],"about":[{"href":"https:\/\/isfd54-bue.infd.edu.ar\/sitio\/wp-json\/wp\/v2\/types\/page"}],"author":[{"embeddable":true,"href":"https:\/\/isfd54-bue.infd.edu.ar\/sitio\/wp-json\/wp\/v2\/users\/275"}],"replies":[{"embeddable":true,"href":"https:\/\/isfd54-bue.infd.edu.ar\/sitio\/wp-json\/wp\/v2\/comments?post=842"}],"version-history":[{"count":14,"href":"https:\/\/isfd54-bue.infd.edu.ar\/sitio\/wp-json\/wp\/v2\/pages\/842\/revisions"}],"predecessor-version":[{"id":4825,"href":"https:\/\/isfd54-bue.infd.edu.ar\/sitio\/wp-json\/wp\/v2\/pages\/842\/revisions\/4825"}],"wp:attachment":[{"href":"https:\/\/isfd54-bue.infd.edu.ar\/sitio\/wp-json\/wp\/v2\/media?parent=842"}],"curies":[{"name":"wp","href":"https:\/\/api.w.org\/{rel}","templated":true}]}}