{"id":838,"date":"2018-08-29T16:42:18","date_gmt":"2018-08-29T19:42:18","guid":{"rendered":"https:\/\/isfd54-bue.infd.edu.ar\/sitio\/cai\/"},"modified":"2021-05-18T23:23:16","modified_gmt":"2021-05-19T02:23:16","slug":"cai","status":"publish","type":"page","link":"https:\/\/isfd54-bue.infd.edu.ar\/sitio\/cai\/","title":{"rendered":"CAI"},"content":{"rendered":"<p><img decoding=\"async\" loading=\"lazy\" class=\"alignnone size-full wp-image-1580\" src=\"https:\/\/isfd54-bue.infd.edu.ar\/sitio\/wp-content\/uploads\/2021\/05\/EN-CONSTRUCCCION.jpg\" alt=\"\" width=\"224\" height=\"224\" \/><\/p>\n<p>&nbsp;<\/p>\n<p><span style=\"text-decoration: underline;\"><span style=\"font-size: 14pt;\"><strong><span style=\"font-family: verdana, geneva;\">Representantes:<\/span><\/strong><\/span><\/span><\/p>\n<p>&nbsp;<\/p>\n<p><span style=\"font-size: 12pt; font-family: verdana, geneva;\"><strong>ED Inicial:<\/strong> Patricia Welisiejko (tit)- Dania Padellaro (Supl)<\/span><span style=\"font-size: 12pt; font-family: verdana, geneva;\">\u00a0\u00a0<\/span><\/p>\n<p style=\"text-align: left;\"><span style=\"font-size: 12pt; font-family: verdana, geneva;\"><strong> ED Primaria:<\/strong> Vanesa Lezcano (Tit)- Mirian Escarra (Tit)- Andr\u00e9s Delgado (Supl)<\/span><span style=\"font-size: 12pt; font-family: verdana, geneva;\">\u00a0<\/span><\/p>\n<p style=\"text-align: left;\"><span style=\"font-size: 12pt; font-family: verdana, geneva;\"><strong> Historia:<\/strong> Facundo Piriz (Tit)- Alejandro Ape (Supl)<\/span><\/p>\n<p style=\"text-align: left;\"><span style=\"font-size: 12pt; font-family: verdana, geneva;\"><strong>Matem\u00e1tica:<\/strong> Mariana Gonzalez (Tit)- Gloria Urquiza (Supl)<\/span><\/p>\n<p style=\"text-align: left;\"><span style=\"font-size: 12pt; font-family: verdana, geneva;\"><strong>Geograf\u00eda:<\/strong> Mariana Urbanovicz (Tit) &#8211; Cristian Larroza (Supl)<\/span><\/p>\n<p style=\"text-align: left;\"><span style=\"font-size: 12pt; font-family: verdana, geneva;\"><strong>Biolog\u00eda:<\/strong> Gustavo Montero (tit)- Mariana Dipaola (supl)<\/span><\/p>\n<p style=\"text-align: left;\">\n<p style=\"text-align: left;\">\n<p><span style=\"font-size: 12pt;\"><span style=\"font-family: arial, helvetica, sans-serif;\">MARCO NORMATIVO <a class=\"LinkModi\" title=\"https:\/\/isfd54-bue.infd.edu.ar\/aula\/archivos\/repositorio\/\/0\/238\/marco_normativo_CAI.pdf\" href=\"https:\/\/isfd54-bue.infd.edu.ar\/aula\/archivos\/repositorio\/\/0\/238\/marco_normativo_CAI.pdf\" target=\"_NEW\">Descargar<\/a><\/span><\/span><\/p>\n<p><span style=\"font-size: 12pt;\"><span style=\"font-family: arial, helvetica, sans-serif;\">Acta de la reuni\u00f3n del d\u00eda 05\/03\/2015.<\/span><span style=\"font-family: arial, helvetica, sans-serif; color: #ff0000;\"> <a class=\"LinkModi\" title=\"https:\/\/isfd54-bue.infd.edu.ar\/aula\/archivos\/repositorio\/\/0\/236\/reunion_CAI.docx\" href=\"https:\/\/isfd54-bue.infd.edu.ar\/aula\/archivos\/repositorio\/\/0\/236\/reunion_CAI.docx\" target=\"_NEW\"><span style=\"color: #ff0000;\">Descargar<\/span><\/a><\/span><\/span><\/p>\n<p><span style=\"font-size: 12pt;\"><span style=\"font-family: arial, helvetica, sans-serif; color: #ff0000;\"><span style=\"color: #ff0000;\"><span style=\"color: #000000;\">Acta de la reuni\u00f3n del d\u00eda 19\/03\/2015.\u00a0<a class=\"LinkModi\" title=\"https:\/\/isfd54-bue.infd.edu.ar\/aula\/archivos\/repositorio\/\/0\/239\/cai_19-03.docx\" href=\"https:\/\/isfd54-bue.infd.edu.ar\/aula\/archivos\/repositorio\/\/0\/239\/cai_19-03.docx\" target=\"_NEW\">Descargar<\/a><\/span><br \/>\n<\/span><\/span><\/span><\/p>\n<p><span style=\"font-size: 12pt;\">Acta de la reuni\u00f3n del d\u00eda 26\/03\/2015.<\/span><span style=\"font-size: 12pt;\">\u00a0<\/span><span style=\"font-size: 12pt;\"><a class=\"LinkModi\" title=\"https:\/\/isfd54-bue.infd.edu.ar\/aula\/archivos\/repositorio\/\/0\/244\/26_de_marzo_del_2015.docx\" href=\"https:\/\/isfd54-bue.infd.edu.ar\/aula\/archivos\/repositorio\/\/0\/244\/26_de_marzo_del_2015.docx\" target=\"_NEW\">Descarga<\/a><\/span><\/p>\n","protected":false},"excerpt":{"rendered":"<p>&nbsp; Representantes: &nbsp; ED Inicial: Patricia Welisiejko (tit)- Dania Padellaro (Supl)\u00a0\u00a0 ED Primaria: Vanesa Lezcano (Tit)- Mirian Escarra (Tit)- Andr\u00e9s Delgado (Supl)\u00a0 Historia: Facundo Piriz (Tit)- Alejandro Ape (Supl) Matem\u00e1tica: Mariana Gonzalez (Tit)- Gloria Urquiza (Supl) Geograf\u00eda: Mariana Urbanovicz (Tit) &#8211; Cristian Larroza (Supl) Biolog\u00eda: Gustavo Montero (tit)- Mariana Dipaola (supl) MARCO NORMATIVO Descargar Acta &#8230; <a title=\"CAI\" class=\"read-more\" href=\"https:\/\/isfd54-bue.infd.edu.ar\/sitio\/cai\/\" aria-label=\"More on CAI\">[+]<\/a><\/p>\n","protected":false},"author":275,"featured_media":0,"parent":0,"menu_order":0,"comment_status":"closed","ping_status":"closed","template":"","meta":[],"acf":[],"_links":{"self":[{"href":"https:\/\/isfd54-bue.infd.edu.ar\/sitio\/wp-json\/wp\/v2\/pages\/838"}],"collection":[{"href":"https:\/\/isfd54-bue.infd.edu.ar\/sitio\/wp-json\/wp\/v2\/pages"}],"about":[{"href":"https:\/\/isfd54-bue.infd.edu.ar\/sitio\/wp-json\/wp\/v2\/types\/page"}],"author":[{"embeddable":true,"href":"https:\/\/isfd54-bue.infd.edu.ar\/sitio\/wp-json\/wp\/v2\/users\/275"}],"replies":[{"embeddable":true,"href":"https:\/\/isfd54-bue.infd.edu.ar\/sitio\/wp-json\/wp\/v2\/comments?post=838"}],"version-history":[{"count":1,"href":"https:\/\/isfd54-bue.infd.edu.ar\/sitio\/wp-json\/wp\/v2\/pages\/838\/revisions"}],"predecessor-version":[{"id":1589,"href":"https:\/\/isfd54-bue.infd.edu.ar\/sitio\/wp-json\/wp\/v2\/pages\/838\/revisions\/1589"}],"wp:attachment":[{"href":"https:\/\/isfd54-bue.infd.edu.ar\/sitio\/wp-json\/wp\/v2\/media?parent=838"}],"curies":[{"name":"wp","href":"https:\/\/api.w.org\/{rel}","templated":true}]}}