{"id":3909,"date":"2023-11-01T08:30:35","date_gmt":"2023-11-01T11:30:35","guid":{"rendered":"https:\/\/isfd54-bue.infd.edu.ar\/sitio\/?page_id=3909"},"modified":"2025-10-17T15:06:15","modified_gmt":"2025-10-17T18:06:15","slug":"revista-horizontes-geograficos","status":"publish","type":"page","link":"https:\/\/isfd54-bue.infd.edu.ar\/sitio\/profesorado-en-geografia\/revista-horizontes-geograficos\/","title":{"rendered":"Revista \u00abHorizontes Geogr\u00e1ficos\u00bb"},"content":{"rendered":"<h3><a href=\"https:\/\/heyzine.com\/flip-book\/f326c02e69.html\">1ra Edici\u00f3n (2022)<\/a><\/h3>\n<h3><a href=\"https:\/\/heyzine.com\/flip-book\/1110d27d85.html\">2da Edici\u00f3n (2023)<\/a><\/h3>\n<h3><a href=\"https:\/\/heyzine.com\/flip-book\/d55950c33f.html\">3ra Edici\u00f3n (2024)<\/a><\/h3>\n<h3><a href=\"https:\/\/heyzine.com\/flip-book\/9414a0a022.html#page\/44\">4ta Edici\u00f3n (2025)<\/a><\/h3>\n\n\n<p><\/p>\n","protected":false},"excerpt":{"rendered":"<p>1ra Edici\u00f3n (2022) 2da Edici\u00f3n (2023) 3ra Edici\u00f3n (2024) 4ta Edici\u00f3n (2025)<\/p>\n","protected":false},"author":2374,"featured_media":0,"parent":823,"menu_order":0,"comment_status":"closed","ping_status":"closed","template":"","meta":[],"acf":[],"_links":{"self":[{"href":"https:\/\/isfd54-bue.infd.edu.ar\/sitio\/wp-json\/wp\/v2\/pages\/3909"}],"collection":[{"href":"https:\/\/isfd54-bue.infd.edu.ar\/sitio\/wp-json\/wp\/v2\/pages"}],"about":[{"href":"https:\/\/isfd54-bue.infd.edu.ar\/sitio\/wp-json\/wp\/v2\/types\/page"}],"author":[{"embeddable":true,"href":"https:\/\/isfd54-bue.infd.edu.ar\/sitio\/wp-json\/wp\/v2\/users\/2374"}],"replies":[{"embeddable":true,"href":"https:\/\/isfd54-bue.infd.edu.ar\/sitio\/wp-json\/wp\/v2\/comments?post=3909"}],"version-history":[{"count":6,"href":"https:\/\/isfd54-bue.infd.edu.ar\/sitio\/wp-json\/wp\/v2\/pages\/3909\/revisions"}],"predecessor-version":[{"id":5053,"href":"https:\/\/isfd54-bue.infd.edu.ar\/sitio\/wp-json\/wp\/v2\/pages\/3909\/revisions\/5053"}],"up":[{"embeddable":true,"href":"https:\/\/isfd54-bue.infd.edu.ar\/sitio\/wp-json\/wp\/v2\/pages\/823"}],"wp:attachment":[{"href":"https:\/\/isfd54-bue.infd.edu.ar\/sitio\/wp-json\/wp\/v2\/media?parent=3909"}],"curies":[{"name":"wp","href":"https:\/\/api.w.org\/{rel}","templated":true}]}}