{"id":3669,"date":"2023-05-05T08:41:10","date_gmt":"2023-05-05T11:41:10","guid":{"rendered":"https:\/\/isfd54-bue.infd.edu.ar\/sitio\/?page_id=3669"},"modified":"2023-05-11T18:49:00","modified_gmt":"2023-05-11T21:49:00","slug":"cambio-curricular","status":"publish","type":"page","link":"https:\/\/isfd54-bue.infd.edu.ar\/sitio\/cambio-curricular\/","title":{"rendered":"CAMBIO CURRICULAR"},"content":{"rendered":"\n<p class=\"has-contrast-color has-text-color\"><\/p>\n\n\n<h3>Dise\u00f1os curriculares de los Profesorados de Geograf\u00eda, Historia y Biolog\u00eda:<\/h3>\n<h4><a href=\"https:\/\/docs.google.com\/presentation\/d\/1DVGA3j-23pXaJFNhxf4GhowA_cqY5VVUMIHyM1k4aFI\/edit?usp=share_link\">PRESENTACI\u00d3N PPT<\/a><\/h4>\n<h4><a href=\"https:\/\/abc.gob.ar\/secretarias\/sites\/default\/files\/2023-02\/IF-2022-40272975-GDEBA-SSEDGCYE%20Y%20GEOGRAF%C3%8DA_compressed.pdf\">Profesorado de Educaci\u00f3n Secundaria en Geograf\u00eda<\/a><\/h4>\n<h4><a href=\"https:\/\/abc.gob.ar\/secretarias\/sites\/default\/files\/2023-02\/IF-2022-40273352-GDEBA-SSEDGCYE%20HISTORIA_compressed.pdf\">Profesorado de Educaci\u00f3n Secundaria en Historia<\/a><\/h4>\n<h4><a href=\"https:\/\/abc.gob.ar\/secretarias\/sites\/default\/files\/2023-02\/IF-2022-40270491-GDEBA-SSEDGCYE%20Y%20BIOLOG%C3%8DA_compressed.pdf\">Profesorado de Educaci\u00f3n Secundaria en Biolog\u00eda<\/a>\u00a0<\/h4>\n<h4><img decoding=\"async\" loading=\"lazy\" class=\"size-medium wp-image-3680 aligncenter\" src=\"https:\/\/isfd54-bue.infd.edu.ar\/sitio\/wp-content\/uploads\/2023\/05\/Cuadro-de-cambio-de-plan-e1683572386537-748x1000.jpeg\" alt=\"\" width=\"748\" height=\"1000\" srcset=\"https:\/\/isfd54-bue.infd.edu.ar\/sitio\/wp-content\/uploads\/2023\/05\/Cuadro-de-cambio-de-plan-e1683572386537-748x1000.jpeg 748w, https:\/\/isfd54-bue.infd.edu.ar\/sitio\/wp-content\/uploads\/2023\/05\/Cuadro-de-cambio-de-plan-e1683572386537-768x1027.jpeg 768w, https:\/\/isfd54-bue.infd.edu.ar\/sitio\/wp-content\/uploads\/2023\/05\/Cuadro-de-cambio-de-plan-e1683572386537.jpeg 904w\" sizes=\"(max-width: 748px) 100vw, 748px\" \/><\/h4>\n<h4><strong>ANEXOS:<\/strong><\/h4>\n<ul>\n<li>\n<h5><strong>Anexo 4: Formulario de Solicitud de opci\u00f3n de permanencia o cambio al nuevo Dise\u00f1o Curricular. Para descargar la planilla hacer click <a href=\"https:\/\/drive.google.com\/file\/d\/15bKPKsyaxlgIRyXKoEJfeLwd0VanemS4\/view?usp=share_link\">aqu\u00ed.<\/a><\/strong><\/h5>\n<\/li>\n<li>\n<h5><strong>Anexo 5: <\/strong><strong>Formulario de notificaci\u00f3n de Condiciones acad\u00e9micas para continuar sus estudios en el dise\u00f1o curricular por el que inici\u00f3 la carrera. Para descargar la planilla hacer click <a href=\"https:\/\/drive.google.com\/file\/d\/1PRPhU2K7BfLEj-xYNKpSBFqz61UZIssc\/view?usp=share_link\">aqu\u00ed.<\/a><\/strong><\/h5>\n<\/li>\n<li>\n<h5><strong>Anexo 6: <\/strong><strong>Formularios de notificaci\u00f3n de la situaci\u00f3n acad\u00e9mica para la continuidad de las trayectorias en los nuevos dise\u00f1os curriculares. Para descargar la planilla hacer click <a href=\"https:\/\/drive.google.com\/file\/d\/1e3Ysbj1_kM4WqphqPyu0l51cjPIvn_sA\/view?usp=share_link\">aqu\u00ed.<\/a><\/strong><\/h5>\n<\/li>\n<li>\n<h5><strong>Anexo 9: TABLA DE EQUIVALENCIAS DEL PROFESORADO DE BIOLOG\u00cdA. Para ver la tabla de equivalencias hacer click <a href=\"https:\/\/drive.google.com\/file\/d\/1MihcM8ERy-4BXDQp54gnTv-aeXQYCapA\/view?usp=share_link\">aqu\u00ed.<\/a><\/strong><\/h5>\n<\/li>\n<li>\n<h5><strong>Anexo 12: TABLA DE EQUIVALENCIAS DEL PROFESORADO DE GEOGRAF\u00cdA. Para ver la tabla de equivalencias hacer click <a href=\"https:\/\/drive.google.com\/file\/d\/1rrr3XAPJAYF3FgzW1UT6NmXLdggr473o\/view?usp=share_link\">aqu\u00ed.<\/a><\/strong><\/h5>\n<\/li>\n<li>\n<h5><strong>Anexo 13: TABLA DE EQUIVALENCIAS DEL PROFESORADO DE HISTORIA. Para ver la tabla de equivalencias hacer click <a href=\"https:\/\/drive.google.com\/file\/d\/1WgsQlWCFhFQfEUllA4cjUcgRQTVPtJOf\/view?usp=share_link\">aqu\u00ed.<\/a><\/strong><\/h5>\n<\/li>\n<\/ul>\n\n\n<p><\/p>\n","protected":false},"excerpt":{"rendered":"<p>Dise\u00f1os curriculares de los Profesorados de Geograf\u00eda, Historia y Biolog\u00eda: PRESENTACI\u00d3N PPT Profesorado de Educaci\u00f3n Secundaria en Geograf\u00eda Profesorado de Educaci\u00f3n Secundaria en Historia Profesorado de Educaci\u00f3n Secundaria en Biolog\u00eda\u00a0 ANEXOS: Anexo 4: Formulario de Solicitud de opci\u00f3n de permanencia o cambio al nuevo Dise\u00f1o Curricular. Para descargar la planilla hacer click aqu\u00ed. Anexo 5: &#8230; <a title=\"CAMBIO CURRICULAR\" class=\"read-more\" href=\"https:\/\/isfd54-bue.infd.edu.ar\/sitio\/cambio-curricular\/\" aria-label=\"More on CAMBIO CURRICULAR\">[+]<\/a><\/p>\n","protected":false},"author":2374,"featured_media":0,"parent":0,"menu_order":0,"comment_status":"closed","ping_status":"closed","template":"","meta":[],"acf":[],"_links":{"self":[{"href":"https:\/\/isfd54-bue.infd.edu.ar\/sitio\/wp-json\/wp\/v2\/pages\/3669"}],"collection":[{"href":"https:\/\/isfd54-bue.infd.edu.ar\/sitio\/wp-json\/wp\/v2\/pages"}],"about":[{"href":"https:\/\/isfd54-bue.infd.edu.ar\/sitio\/wp-json\/wp\/v2\/types\/page"}],"author":[{"embeddable":true,"href":"https:\/\/isfd54-bue.infd.edu.ar\/sitio\/wp-json\/wp\/v2\/users\/2374"}],"replies":[{"embeddable":true,"href":"https:\/\/isfd54-bue.infd.edu.ar\/sitio\/wp-json\/wp\/v2\/comments?post=3669"}],"version-history":[{"count":11,"href":"https:\/\/isfd54-bue.infd.edu.ar\/sitio\/wp-json\/wp\/v2\/pages\/3669\/revisions"}],"predecessor-version":[{"id":3697,"href":"https:\/\/isfd54-bue.infd.edu.ar\/sitio\/wp-json\/wp\/v2\/pages\/3669\/revisions\/3697"}],"wp:attachment":[{"href":"https:\/\/isfd54-bue.infd.edu.ar\/sitio\/wp-json\/wp\/v2\/media?parent=3669"}],"curies":[{"name":"wp","href":"https:\/\/api.w.org\/{rel}","templated":true}]}}