{"id":2535,"date":"2022-04-06T17:29:26","date_gmt":"2022-04-06T20:29:26","guid":{"rendered":"https:\/\/isfd54-bue.infd.edu.ar\/sitio\/?page_id=2535"},"modified":"2022-05-30T11:07:18","modified_gmt":"2022-05-30T14:07:18","slug":"efemerides-2","status":"publish","type":"page","link":"https:\/\/isfd54-bue.infd.edu.ar\/sitio\/efemerides-2\/","title":{"rendered":"EFEM\u00c9RIDES"},"content":{"rendered":"\n<p><em>\u00abEl pasado que ha sido, sigue siendo\u00bb<\/em> <\/p>\n\n\n\n<p>Juan Rulfo<\/p>\n\n\n\n<h2 class=\"has-text-align-center wp-block-heading\"><strong>#NIUNAMENOS<\/strong><\/h2>\n\n\n\n<p class=\"has-text-align-center\"><a href=\"https:\/\/padlet.com\/embed\/l6wsof2jtkmcqrw8\">https:\/\/padlet.com\/embed\/l6wsof2jtkmcqrw8<\/a><\/p>\n\n\n\n<p><\/p>\n\n\n\n<p><\/p>\n\n\n\n<h1 class=\"wp-block-heading\">A 40 A\u00d1OS DE LA GUERRA DE MALVINAS (1982 &#8211; 2022)<\/h1>\n\n\n\n<p class=\"has-text-align-center\"><em>LAS HERIDAS SIGUEN ABIERTAS<\/em><\/p>\n\n\n\n<p>COMPARTIMOS EL TRABAJO DEL DEPARTAMENTO DE DDHH DE NUESTRO INSTITUTO EN HOMENAJE A LOS CAIDOS Y COMBATIENTES EN LA GUERRA DE MALVINAS.<\/p>\n\n\n\n<figure class=\"wp-block-embed is-type-video is-provider-youtube wp-block-embed-youtube wp-embed-aspect-16-9 wp-has-aspect-ratio\"><div class=\"wp-block-embed__wrapper\">\n<iframe loading=\"lazy\" title=\"Malvinas , ayer, hoy y siempre.Dpto de DDHH  ISFD N\u00b054.\" width=\"1200\" height=\"675\" src=\"https:\/\/www.youtube.com\/embed\/-LLo4-YQbds?feature=oembed\" frameborder=\"0\" allow=\"accelerometer; autoplay; clipboard-write; encrypted-media; gyroscope; picture-in-picture\" allowfullscreen><\/iframe>\n<\/div><\/figure>\n\n\n\n<p class=\"has-text-align-center has-large-font-size\"><strong>24 de Marzo: D\u00eda por la Memoria, la Verdad y la Justicia<\/strong><\/p>\n\n\n\n<p>Son 30.400<\/p>\n\n\n\n<p>Fue Genocidio<\/p>\n\n\n\n<figure class=\"wp-block-embed is-type-video is-provider-youtube wp-block-embed-youtube wp-embed-aspect-16-9 wp-has-aspect-ratio\"><div class=\"wp-block-embed__wrapper\">\n<iframe loading=\"lazy\" title=\"Memoria verdad y justicia\/\/ ISFD 54 #24M #NuncaM\u00e1s #Son30.000 #D\u00f3ndeEst\u00e1n?\" width=\"1200\" height=\"675\" src=\"https:\/\/www.youtube.com\/embed\/Iwimodv0O00?feature=oembed\" frameborder=\"0\" allow=\"accelerometer; autoplay; clipboard-write; encrypted-media; gyroscope; picture-in-picture\" allowfullscreen><\/iframe>\n<\/div><\/figure>\n","protected":false},"excerpt":{"rendered":"<p>\u00abEl pasado que ha sido, sigue siendo\u00bb Juan Rulfo #NIUNAMENOS https:\/\/padlet.com\/embed\/l6wsof2jtkmcqrw8 A 40 A\u00d1OS DE LA GUERRA DE MALVINAS (1982 &#8211; 2022) LAS HERIDAS SIGUEN ABIERTAS COMPARTIMOS EL TRABAJO DEL DEPARTAMENTO DE DDHH DE NUESTRO INSTITUTO EN HOMENAJE A LOS CAIDOS Y COMBATIENTES EN LA GUERRA DE MALVINAS. 24 de Marzo: D\u00eda por la Memoria, &#8230; <a title=\"EFEM\u00c9RIDES\" class=\"read-more\" href=\"https:\/\/isfd54-bue.infd.edu.ar\/sitio\/efemerides-2\/\" aria-label=\"More on EFEM\u00c9RIDES\">[+]<\/a><\/p>\n","protected":false},"author":439,"featured_media":0,"parent":0,"menu_order":0,"comment_status":"closed","ping_status":"closed","template":"","meta":[],"acf":[],"_links":{"self":[{"href":"https:\/\/isfd54-bue.infd.edu.ar\/sitio\/wp-json\/wp\/v2\/pages\/2535"}],"collection":[{"href":"https:\/\/isfd54-bue.infd.edu.ar\/sitio\/wp-json\/wp\/v2\/pages"}],"about":[{"href":"https:\/\/isfd54-bue.infd.edu.ar\/sitio\/wp-json\/wp\/v2\/types\/page"}],"author":[{"embeddable":true,"href":"https:\/\/isfd54-bue.infd.edu.ar\/sitio\/wp-json\/wp\/v2\/users\/439"}],"replies":[{"embeddable":true,"href":"https:\/\/isfd54-bue.infd.edu.ar\/sitio\/wp-json\/wp\/v2\/comments?post=2535"}],"version-history":[{"count":10,"href":"https:\/\/isfd54-bue.infd.edu.ar\/sitio\/wp-json\/wp\/v2\/pages\/2535\/revisions"}],"predecessor-version":[{"id":2626,"href":"https:\/\/isfd54-bue.infd.edu.ar\/sitio\/wp-json\/wp\/v2\/pages\/2535\/revisions\/2626"}],"wp:attachment":[{"href":"https:\/\/isfd54-bue.infd.edu.ar\/sitio\/wp-json\/wp\/v2\/media?parent=2535"}],"curies":[{"name":"wp","href":"https:\/\/api.w.org\/{rel}","templated":true}]}}