{"id":2034,"date":"2021-09-22T17:04:38","date_gmt":"2021-09-22T20:04:38","guid":{"rendered":"https:\/\/isfd54-bue.infd.edu.ar\/sitio\/?page_id=2034"},"modified":"2025-02-17T09:33:20","modified_gmt":"2025-02-17T12:33:20","slug":"jornadas-pedagogicas","status":"publish","type":"page","link":"https:\/\/isfd54-bue.infd.edu.ar\/sitio\/jornadas-pedagogicas\/","title":{"rendered":"JORNADAS PEDAG\u00d3GICAS"},"content":{"rendered":"\n<p><\/p>\n\n\n\n<p><strong>JORNADAS PEDAG\u00d3GICAS 2024<\/strong><\/p>\n\n\n\n<figure class=\"wp-block-gallery has-nested-images columns-default is-cropped wp-block-gallery-1 is-layout-flex\">\n<figure class=\"wp-block-image size-large\"><img decoding=\"async\" loading=\"lazy\" width=\"1080\" height=\"1080\" data-id=\"4827\"  src=\"https:\/\/isfd54-bue.infd.edu.ar\/sitio\/wp-content\/uploads\/2025\/02\/XIX-JORNADAS-PEDAGOGICAS-I.S.F.D-54_PORTADA.png\" alt=\"\" class=\"wp-image-4827\" srcset=\"https:\/\/isfd54-bue.infd.edu.ar\/sitio\/wp-content\/uploads\/2025\/02\/XIX-JORNADAS-PEDAGOGICAS-I.S.F.D-54_PORTADA.png 1080w, https:\/\/isfd54-bue.infd.edu.ar\/sitio\/wp-content\/uploads\/2025\/02\/XIX-JORNADAS-PEDAGOGICAS-I.S.F.D-54_PORTADA-1000x1000.png 1000w, https:\/\/isfd54-bue.infd.edu.ar\/sitio\/wp-content\/uploads\/2025\/02\/XIX-JORNADAS-PEDAGOGICAS-I.S.F.D-54_PORTADA-500x500.png 500w, https:\/\/isfd54-bue.infd.edu.ar\/sitio\/wp-content\/uploads\/2025\/02\/XIX-JORNADAS-PEDAGOGICAS-I.S.F.D-54_PORTADA-768x768.png 768w\" sizes=\"(max-width: 1080px) 100vw, 1080px\" \/><\/figure>\n<\/figure>\n\n\n\n<h2 class=\"wp-block-heading\">-PARA CONOCER LAS ACTIVIDADES DE LAS JORNADAS<\/h2>\n\n\n\n<h2 class=\"wp-block-heading\">HACER CLIC&nbsp;<a href=\"https:\/\/drive.google.com\/file\/d\/1IKT0j9tcZGMR6rLxw0Ji0k0fyQ3fuG_9\/view\">AQU\u00cd<\/a><\/h2>\n\n\n\n<h6 class=\"wp-block-heading\">\u2014\u2014\u2014\u2014\u2014\u2014\u2014\u2014\u2014\u2014\u2014\u2014\u2014\u2014\u2014\u2014\u2014\u2014\u2014\u2014\u2014\u2014\u2014\u2014\u2014\u2014\u2014\u2014\u2014\u2014\u2014\u2014\u2014\u2014\u2014\u2014\u2014\u2014\u2014\u2014\u2014\u2014\u2014\u2014\u2014\u2014\u2014\u2014<\/h6>\n\n\n\n<h6 class=\"wp-block-heading\">&nbsp;<\/h6>\n\n\n\n<h3 class=\"wp-block-heading\">-ATENCI\u00d3N ESTUDIANTES: PARA DESCARGAR LA PLANILLA DE ASISTENCIA A LAS JORNADAS HACER CLIC&nbsp;<a href=\"https:\/\/drive.google.com\/file\/d\/1FhjLLcpO8bxDfUDHKUR_VAXv-PRkZOkd\/view?usp=sharing\">AQU\u00cd<\/a><\/h3>\n\n\n\n<hr class=\"wp-block-separator has-alpha-channel-opacity\"\/>\n\n\n\n<h1 class=\"wp-block-heading\">XVIII Jornadas Pedag\u00f3gicas&nbsp;<\/h1>\n\n\n<div class=\"wp-block-image\">\n<figure class=\"aligncenter\"><img decoding=\"async\" loading=\"lazy\" width=\"1000\" height=\"707\" src=\"https:\/\/isfd54-bue.infd.edu.ar\/sitio\/wp-content\/uploads\/2023\/09\/40-ANOS-DE-DEMOCRACIA-2-2-1000x707.png\" alt=\"\" class=\"wp-image-3803\" srcset=\"https:\/\/isfd54-bue.infd.edu.ar\/sitio\/wp-content\/uploads\/2023\/09\/40-ANOS-DE-DEMOCRACIA-2-2-1000x707.png 1000w, https:\/\/isfd54-bue.infd.edu.ar\/sitio\/wp-content\/uploads\/2023\/09\/40-ANOS-DE-DEMOCRACIA-2-2-1900x1343.png 1900w, https:\/\/isfd54-bue.infd.edu.ar\/sitio\/wp-content\/uploads\/2023\/09\/40-ANOS-DE-DEMOCRACIA-2-2-768x543.png 768w, https:\/\/isfd54-bue.infd.edu.ar\/sitio\/wp-content\/uploads\/2023\/09\/40-ANOS-DE-DEMOCRACIA-2-2-1536x1086.png 1536w, https:\/\/isfd54-bue.infd.edu.ar\/sitio\/wp-content\/uploads\/2023\/09\/40-ANOS-DE-DEMOCRACIA-2-2.png 2000w\" sizes=\"(max-width: 1000px) 100vw, 1000px\" \/><\/figure><\/div>\n\n\n<h3 class=\"wp-block-heading\"><strong>PARA CONOCER LAS PROPUESTAS HACER CLICK AC\u00c1:&nbsp;<a href=\"https:\/\/isfd54-bue.infd.edu.ar\/sitio\/wp-content\/uploads\/2023\/09\/TRIPTICO-definitivo-imprimir-doble-cara-papel-normal-cant.-dispuesta-x-ED.pdf\">TR\u00cdPTICO XVIII JORNADAS PEDAG\u00d3GICAS<\/a><\/strong><\/h3>\n\n\n\n<p><strong>PLANILLA DE ASISTENCIA PARA ESTUDIANTES:<\/strong><\/p>\n\n\n\n<p><a href=\"https:\/\/isfd54-bue.infd.edu.ar\/sitio\/wp-content\/uploads\/2023\/09\/Planilla-de-acreditacion-imprimir-1-x-estudiante..docx\">Planilla de acreditaci\u00f3n (imprimir 1 x estudiante).<\/a><\/p>\n\n\n\n<p><strong>INSTRUCTIVO<\/strong>:<\/p>\n\n\n\n<p><a href=\"https:\/\/isfd54-bue.infd.edu.ar\/sitio\/wp-content\/uploads\/2023\/09\/FLYER-PARA-ESTUDIANTES-acreditacion.pdf\">FLYER PARA ESTUDIANTES (acreditaci\u00f3n)<\/a><\/p>\n\n\n\n<p>&#8212;&#8212;&#8212;&#8212;&#8212;&#8212;&#8212;&#8212;&#8212;&#8212;&#8212;&#8212;&#8212;&#8212;&#8212;&#8212;&#8212;&#8212;&#8212;&#8212;&#8212;&#8212;&#8212;&#8212;&#8212;&#8212;&#8212;&#8212;&#8212;&#8212;&#8212;&#8212;&#8212;&#8212;&#8212;&#8212;&#8212;&#8212;&#8212;&#8212;&#8212;&#8212;&#8212;&#8212;&#8212;&#8212;&#8211;<\/p>\n\n\n\n<h3 class=\"wp-block-heading\">XVII JORNADAS PEDAG\u00d3GICAS<\/h3>\n\n\n\n<h5 class=\"wp-block-heading\">Descarga la planilla de asistencia&nbsp;<a href=\"https:\/\/drive.google.com\/file\/d\/1BQbsl06AWSrGQUsP7g-Q75pVyvZJIAUP\/view?usp=sharing\">ac\u00e1<\/a><\/h5>\n\n\n\n<figure class=\"wp-block-image\"><a href=\"https:\/\/isfd54-bue.infd.edu.ar\/sitio\/inicio\/1_xvii-jornadas-pedagogicas-isfd-n54-10\/#main\"><img decoding=\"async\" src=\"https:\/\/isfd54-bue.infd.edu.ar\/sitio\/wp-content\/uploads\/2022\/09\/1_XVII-Jornadas-Pedagogicas-ISFD-N%C2%B054-10-500x500.png\" alt=\"\"\/><\/a><\/figure>\n\n\n\n<figure class=\"wp-block-image\"><a href=\"https:\/\/isfd54-bue.infd.edu.ar\/sitio\/inicio\/xvii-jornadas-pedagogicas-isfd-n54-8\/#main\"><img decoding=\"async\" src=\"https:\/\/isfd54-bue.infd.edu.ar\/sitio\/wp-content\/uploads\/2022\/09\/XVII-Jornadas-Pedagogicas-ISFD-N%C2%B054-8-500x500.png\" alt=\"\"\/><\/a><\/figure>\n\n\n\n<figure class=\"wp-block-image\"><a href=\"https:\/\/isfd54-bue.infd.edu.ar\/sitio\/inicio\/xvii-jornadas-pedagogicas-isfd-n54\/#main\"><img decoding=\"async\" src=\"https:\/\/isfd54-bue.infd.edu.ar\/sitio\/wp-content\/uploads\/2022\/09\/XVII-Jornadas-Pedagogicas-ISFD-N%C2%B054-500x500.png\" alt=\"\"\/><\/a><\/figure>\n\n\n\n<figure class=\"wp-block-image\"><a href=\"https:\/\/isfd54-bue.infd.edu.ar\/sitio\/inicio\/xvii-jornadas-pedagogicas-isfd-n54-1\/#main\"><img decoding=\"async\" src=\"https:\/\/isfd54-bue.infd.edu.ar\/sitio\/wp-content\/uploads\/2022\/09\/XVII-Jornadas-Pedagogicas-ISFD-N%C2%B054-1-500x500.png\" alt=\"\"\/><\/a><\/figure>\n\n\n\n<figure class=\"wp-block-image\"><a href=\"https:\/\/isfd54-bue.infd.edu.ar\/sitio\/inicio\/xvii-jornadas-pedagogicas-isfd-n54-2\/#main\"><img decoding=\"async\" src=\"https:\/\/isfd54-bue.infd.edu.ar\/sitio\/wp-content\/uploads\/2022\/09\/XVII-Jornadas-Pedagogicas-ISFD-N%C2%B054-2-500x500.png\" alt=\"\"\/><\/a><\/figure>\n\n\n\n<figure class=\"wp-block-image\"><a href=\"https:\/\/isfd54-bue.infd.edu.ar\/sitio\/inicio\/xvii-jornadas-pedagogicas-isfd-n54-3\/#main\"><img decoding=\"async\" src=\"https:\/\/isfd54-bue.infd.edu.ar\/sitio\/wp-content\/uploads\/2022\/09\/XVII-Jornadas-Pedagogicas-ISFD-N%C2%B054-3-500x500.png\" alt=\"\"\/><\/a><\/figure>\n\n\n\n<p>&#8212;&#8212;&#8212;&#8212;&#8212;&#8212;&#8212;&#8212;&#8212;&#8212;&#8212;&#8212;&#8212;&#8212;&#8212;&#8212;&#8212;&#8212;&#8212;&#8212;&#8212;&#8212;&#8212;&#8212;&#8212;&#8212;&#8212;&#8212;&#8212;&#8212;&#8212;&#8212;&#8212;&#8212;&#8212;&#8212;&#8212;&#8212;&#8212;&#8212;&#8211;<\/p>\n\n\n\n<h2 class=\"wp-block-heading\"><em><strong>Se viene la semana de la ESI en el ISFD N\u00b054&nbsp;<\/strong><\/em><\/h2>\n\n\n\n<h2 class=\"wp-block-heading\"><em><strong>del 22 al 26\/08<\/strong><\/em><\/h2>\n\n\n\n<h3 class=\"wp-block-heading\"><strong><em>para participar completa el siguiente formulario:&nbsp;<a href=\"https:\/\/docs.google.com\/forms\/d\/e\/1FAIpQLSdBUdh7bYG3SLa9oX68vSoB4Dqy4EbhxSaelF72Zet-8tQObg\/viewform?usp=sf_link\">click ac\u00e1<\/a><\/em><\/strong><\/h3>\n\n\n<div class=\"wp-block-image\">\n<figure class=\"aligncenter\"><img decoding=\"async\" loading=\"lazy\" width=\"500\" height=\"500\" src=\"https:\/\/isfd54-bue.infd.edu.ar\/sitio\/wp-content\/uploads\/2022\/08\/WhatsApp-Image-2022-08-17-at-8.05.08-PM-1-500x500.jpeg\" alt=\"\" class=\"wp-image-2809\" srcset=\"https:\/\/isfd54-bue.infd.edu.ar\/sitio\/wp-content\/uploads\/2022\/08\/WhatsApp-Image-2022-08-17-at-8.05.08-PM-1-500x500.jpeg 500w, https:\/\/isfd54-bue.infd.edu.ar\/sitio\/wp-content\/uploads\/2022\/08\/WhatsApp-Image-2022-08-17-at-8.05.08-PM-1-1000x1000.jpeg 1000w, https:\/\/isfd54-bue.infd.edu.ar\/sitio\/wp-content\/uploads\/2022\/08\/WhatsApp-Image-2022-08-17-at-8.05.08-PM-1-768x768.jpeg 768w, https:\/\/isfd54-bue.infd.edu.ar\/sitio\/wp-content\/uploads\/2022\/08\/WhatsApp-Image-2022-08-17-at-8.05.08-PM-1.jpeg 1080w\" sizes=\"(max-width: 500px) 100vw, 500px\" \/><\/figure><\/div>\n\n\n<p>&#8212;&#8212;&#8212;&#8212;&#8212;&#8212;&#8212;&#8212;&#8212;&#8212;&#8212;&#8212;&#8212;&#8212;&#8212;&#8212;&#8212;&#8212;&#8212;&#8212;&#8212;&#8212;&#8212;&#8212;&#8212;&#8212;&#8212;&#8212;&#8212;&#8212;&#8212;&#8212;&#8212;&#8211;<\/p>\n\n\n\n<p class=\"has-normal-font-size\"><strong><a href=\"https:\/\/youtu.be\/JEgHln9M5bc\" data-type=\"URL\" data-id=\"https:\/\/youtu.be\/JEgHln9M5bc\">Jornadas pedag\u00f3gicas 2021 Virtuales<\/a><\/strong><\/p>\n\n\n\n<figure class=\"wp-block-gallery has-nested-images columns-default is-cropped wp-block-gallery-3 is-layout-flex\"><\/figure>\n","protected":false},"excerpt":{"rendered":"<p>JORNADAS PEDAG\u00d3GICAS 2024 -PARA CONOCER LAS ACTIVIDADES DE LAS JORNADAS HACER CLIC&nbsp;AQU\u00cd \u2014\u2014\u2014\u2014\u2014\u2014\u2014\u2014\u2014\u2014\u2014\u2014\u2014\u2014\u2014\u2014\u2014\u2014\u2014\u2014\u2014\u2014\u2014\u2014\u2014\u2014\u2014\u2014\u2014\u2014\u2014\u2014\u2014\u2014\u2014\u2014\u2014\u2014\u2014\u2014\u2014\u2014\u2014\u2014\u2014\u2014\u2014\u2014 &nbsp; -ATENCI\u00d3N ESTUDIANTES: PARA DESCARGAR LA PLANILLA DE ASISTENCIA A LAS JORNADAS HACER CLIC&nbsp;AQU\u00cd XVIII Jornadas Pedag\u00f3gicas&nbsp; PARA CONOCER LAS PROPUESTAS HACER CLICK AC\u00c1:&nbsp;TR\u00cdPTICO XVIII JORNADAS PEDAG\u00d3GICAS PLANILLA DE ASISTENCIA PARA ESTUDIANTES: Planilla de acreditaci\u00f3n (imprimir 1 x estudiante). INSTRUCTIVO: FLYER PARA &#8230; <a title=\"JORNADAS PEDAG\u00d3GICAS\" class=\"read-more\" href=\"https:\/\/isfd54-bue.infd.edu.ar\/sitio\/jornadas-pedagogicas\/\" aria-label=\"More on JORNADAS PEDAG\u00d3GICAS\">[+]<\/a><\/p>\n","protected":false},"author":3938,"featured_media":0,"parent":0,"menu_order":0,"comment_status":"closed","ping_status":"closed","template":"","meta":[],"acf":[],"_links":{"self":[{"href":"https:\/\/isfd54-bue.infd.edu.ar\/sitio\/wp-json\/wp\/v2\/pages\/2034"}],"collection":[{"href":"https:\/\/isfd54-bue.infd.edu.ar\/sitio\/wp-json\/wp\/v2\/pages"}],"about":[{"href":"https:\/\/isfd54-bue.infd.edu.ar\/sitio\/wp-json\/wp\/v2\/types\/page"}],"author":[{"embeddable":true,"href":"https:\/\/isfd54-bue.infd.edu.ar\/sitio\/wp-json\/wp\/v2\/users\/3938"}],"replies":[{"embeddable":true,"href":"https:\/\/isfd54-bue.infd.edu.ar\/sitio\/wp-json\/wp\/v2\/comments?post=2034"}],"version-history":[{"count":14,"href":"https:\/\/isfd54-bue.infd.edu.ar\/sitio\/wp-json\/wp\/v2\/pages\/2034\/revisions"}],"predecessor-version":[{"id":4836,"href":"https:\/\/isfd54-bue.infd.edu.ar\/sitio\/wp-json\/wp\/v2\/pages\/2034\/revisions\/4836"}],"wp:attachment":[{"href":"https:\/\/isfd54-bue.infd.edu.ar\/sitio\/wp-json\/wp\/v2\/media?parent=2034"}],"curies":[{"name":"wp","href":"https:\/\/api.w.org\/{rel}","templated":true}]}}