{"id":1958,"date":"2021-09-06T08:22:42","date_gmt":"2021-09-06T11:22:42","guid":{"rendered":"https:\/\/isfd54-bue.infd.edu.ar\/sitio\/?page_id=1958"},"modified":"2024-03-18T17:04:08","modified_gmt":"2024-03-18T20:04:08","slug":"tarjetones-de-todas-las-carreras","status":"publish","type":"page","link":"https:\/\/isfd54-bue.infd.edu.ar\/sitio\/tarjetones-de-todas-las-carreras\/","title":{"rendered":"TARJETONES DE TODAS LAS CARRERAS"},"content":{"rendered":"\n<p>UN TARJET\u00d3N ES EL RESUMEN DE TU SITUACI\u00d3N ACAD\u00c9MICA INSTITUCIONAL<\/p>\n\n\n\n<p>EL MISMO SE COMPLETA Y EL PRECEPTOR VERIFICA EN LOS LIBROS Y FOLIOS CADA NOTA<\/p>\n\n\n\n<p>Al hacer clic se abrir\u00e1 una ventana con el archivo excel de google sheets, para descargarlo deber\u00e1 ir a archivo- descargar- Microsoft excel (.xlsx)<\/p>\n\n\n\n<div class=\"wp-block-columns is-layout-flex wp-container-2\">\n<div class=\"wp-block-column is-layout-flow\" style=\"flex-basis:100%\">\n<pre class=\"wp-block-preformatted\"><strong>NO SOLICITAR PERMISO DE EDICI\u00d3N<\/strong> <strong>(DESCARGAR EL ARCHIVO)<\/strong><\/pre>\n<\/div>\n<\/div>\n\n\n<div class=\"wp-block-image\">\n<figure class=\"aligncenter size-full is-resized\"><img decoding=\"async\" loading=\"lazy\" src=\"https:\/\/isfd54-bue.infd.edu.ar\/sitio\/wp-content\/uploads\/2024\/03\/COMO-HACER-EL-TARJETON_page-0001-e1710791351489.jpg\" alt=\"\" class=\"wp-image-4229\" width=\"620\" height=\"807\" srcset=\"https:\/\/isfd54-bue.infd.edu.ar\/sitio\/wp-content\/uploads\/2024\/03\/COMO-HACER-EL-TARJETON_page-0001-e1710791351489.jpg 1240w, https:\/\/isfd54-bue.infd.edu.ar\/sitio\/wp-content\/uploads\/2024\/03\/COMO-HACER-EL-TARJETON_page-0001-e1710791351489-769x1000.jpg 769w, https:\/\/isfd54-bue.infd.edu.ar\/sitio\/wp-content\/uploads\/2024\/03\/COMO-HACER-EL-TARJETON_page-0001-e1710791351489-768x999.jpg 768w, https:\/\/isfd54-bue.infd.edu.ar\/sitio\/wp-content\/uploads\/2024\/03\/COMO-HACER-EL-TARJETON_page-0001-e1710791351489-1181x1536.jpg 1181w\" sizes=\"(max-width: 620px) 100vw, 620px\" \/><\/figure><\/div>\n\n<div class=\"wp-block-image\">\n<figure class=\"aligncenter size-full is-resized\"><img decoding=\"async\" loading=\"lazy\" src=\"https:\/\/isfd54-bue.infd.edu.ar\/sitio\/wp-content\/uploads\/2024\/03\/COMO-HACER-EL-TARJETON_page-0002-e1710791321632.jpg\" alt=\"\" class=\"wp-image-4230\" width=\"620\" height=\"781\" srcset=\"https:\/\/isfd54-bue.infd.edu.ar\/sitio\/wp-content\/uploads\/2024\/03\/COMO-HACER-EL-TARJETON_page-0002-e1710791321632.jpg 1240w, https:\/\/isfd54-bue.infd.edu.ar\/sitio\/wp-content\/uploads\/2024\/03\/COMO-HACER-EL-TARJETON_page-0002-e1710791321632-794x1000.jpg 794w, https:\/\/isfd54-bue.infd.edu.ar\/sitio\/wp-content\/uploads\/2024\/03\/COMO-HACER-EL-TARJETON_page-0002-e1710791321632-768x967.jpg 768w, https:\/\/isfd54-bue.infd.edu.ar\/sitio\/wp-content\/uploads\/2024\/03\/COMO-HACER-EL-TARJETON_page-0002-e1710791321632-1220x1536.jpg 1220w\" sizes=\"(max-width: 620px) 100vw, 620px\" \/><\/figure><\/div>\n\n\n<p><\/p>\n\n\n\n<p><a rel=\"noreferrer noopener\" href=\"https:\/\/docs.google.com\/spreadsheets\/d\/1VZ7DDGAH3yUKn5d479EKZkfGGxIEgiaG\/edit?usp=sharing&amp;ouid=102553438845893084886&amp;rtpof=true&amp;sd=true\" target=\"_blank\"><strong>TARJET\u00d3N DE INICIAL<\/strong><\/a><\/p>\n\n\n\n<p><a rel=\"noreferrer noopener\" href=\"https:\/\/docs.google.com\/spreadsheets\/d\/1N2TpaRVJXjwLBGygyOocPfxCC9vT03sJ\/edit?usp=sharing&amp;ouid=102553438845893084886&amp;rtpof=true&amp;sd=true\" target=\"_blank\"><strong>TARJET\u00d3N DE PRIMARIA<\/strong><\/a><\/p>\n\n\n\n<p><a href=\"https:\/\/docs.google.com\/spreadsheets\/d\/1Ri7mW6PWDzlW3U_m3W57zBgxxWbd-cow\/edit?usp=sharing&amp;ouid=102553438845893084886&amp;rtpof=true&amp;sd=true\"><strong>TARJET\u00d3N DE GEOGRAF\u00cdA<\/strong><\/a><\/p>\n\n\n\n<p><a rel=\"noreferrer noopener\" href=\"https:\/\/docs.google.com\/spreadsheets\/d\/1qZu3Ec36O-oxVA9bNxfLk_x-GSyR8l8i\/edit?usp=sharing&amp;ouid=102553438845893084886&amp;rtpof=true&amp;sd=true\" target=\"_blank\"><strong>TARJET\u00d3N DE HISTORIA<\/strong><\/a><\/p>\n\n\n\n<p><a rel=\"noreferrer noopener\" href=\"https:\/\/docs.google.com\/spreadsheets\/d\/16DXjmeeJIaht0LMGwN7fS1dmwyuSCez-\/edit?usp=sharing&amp;ouid=102553438845893084886&amp;rtpof=true&amp;sd=true\" target=\"_blank\"><strong>TARJET\u00d3N DE BIOLOG\u00cdA<\/strong><\/a><\/p>\n\n\n\n<p><a rel=\"noreferrer noopener\" href=\"https:\/\/docs.google.com\/spreadsheets\/d\/1laoWGKW1L20nedZPIIvo-vPjEb3ut2w6\/edit?usp=sharing&amp;ouid=102553438845893084886&amp;rtpof=true&amp;sd=true\" target=\"_blank\"><strong>TARJET\u00d3N DE MATEM\u00c1TICA PLAN VIEJO<\/strong><\/a><\/p>\n\n\n\n<p><a rel=\"noreferrer noopener\" href=\"https:\/\/docs.google.com\/spreadsheets\/d\/10KdEcT6crnKUCwTO4brGjiP-K_O7GKSd\/edit?usp=sharing&amp;ouid=102553438845893084886&amp;rtpof=true&amp;sd=true\" target=\"_blank\"><strong>TARJET\u00d3N DE MATEM\u00c1TICA PLAN NUEVO <\/strong><\/a><\/p>\n\n\n<div class=\"wp-block-image\">\n<figure class=\"aligncenter size-large is-resized\"><img decoding=\"async\" loading=\"lazy\" src=\"https:\/\/isfd54-bue.infd.edu.ar\/sitio\/wp-content\/uploads\/2021\/09\/image.png\" alt=\"\" class=\"wp-image-1984\" width=\"573\" height=\"471\"\/><\/figure><\/div>\n\n\n<p> <\/p>\n","protected":false},"excerpt":{"rendered":"<p>UN TARJET\u00d3N ES EL RESUMEN DE TU SITUACI\u00d3N ACAD\u00c9MICA INSTITUCIONAL EL MISMO SE COMPLETA Y EL PRECEPTOR VERIFICA EN LOS LIBROS Y FOLIOS CADA NOTA Al hacer clic se abrir\u00e1 una ventana con el archivo excel de google sheets, para descargarlo deber\u00e1 ir a archivo- descargar- Microsoft excel (.xlsx) NO SOLICITAR PERMISO DE EDICI\u00d3N (DESCARGAR &#8230; <a title=\"TARJETONES DE TODAS LAS CARRERAS\" class=\"read-more\" href=\"https:\/\/isfd54-bue.infd.edu.ar\/sitio\/tarjetones-de-todas-las-carreras\/\" aria-label=\"More on TARJETONES DE TODAS LAS CARRERAS\">[+]<\/a><\/p>\n","protected":false},"author":1490,"featured_media":0,"parent":0,"menu_order":0,"comment_status":"closed","ping_status":"closed","template":"","meta":[],"acf":[],"_links":{"self":[{"href":"https:\/\/isfd54-bue.infd.edu.ar\/sitio\/wp-json\/wp\/v2\/pages\/1958"}],"collection":[{"href":"https:\/\/isfd54-bue.infd.edu.ar\/sitio\/wp-json\/wp\/v2\/pages"}],"about":[{"href":"https:\/\/isfd54-bue.infd.edu.ar\/sitio\/wp-json\/wp\/v2\/types\/page"}],"author":[{"embeddable":true,"href":"https:\/\/isfd54-bue.infd.edu.ar\/sitio\/wp-json\/wp\/v2\/users\/1490"}],"replies":[{"embeddable":true,"href":"https:\/\/isfd54-bue.infd.edu.ar\/sitio\/wp-json\/wp\/v2\/comments?post=1958"}],"version-history":[{"count":37,"href":"https:\/\/isfd54-bue.infd.edu.ar\/sitio\/wp-json\/wp\/v2\/pages\/1958\/revisions"}],"predecessor-version":[{"id":4251,"href":"https:\/\/isfd54-bue.infd.edu.ar\/sitio\/wp-json\/wp\/v2\/pages\/1958\/revisions\/4251"}],"wp:attachment":[{"href":"https:\/\/isfd54-bue.infd.edu.ar\/sitio\/wp-json\/wp\/v2\/media?parent=1958"}],"curies":[{"name":"wp","href":"https:\/\/api.w.org\/{rel}","templated":true}]}}