{"id":1849,"date":"2021-07-05T12:06:58","date_gmt":"2021-07-05T15:06:58","guid":{"rendered":"https:\/\/isfd54-bue.infd.edu.ar\/sitio\/?page_id=1849"},"modified":"2021-09-02T19:38:46","modified_gmt":"2021-09-02T22:38:46","slug":"inscripciones","status":"publish","type":"page","link":"https:\/\/isfd54-bue.infd.edu.ar\/sitio\/inscripciones\/","title":{"rendered":"INSCRIPCIONES"},"content":{"rendered":"<h1 class=\"entry-title\"><a href=\"https:\/\/isfd54-bue.infd.edu.ar\/sitio\/inscripcion-a-ultima-materia\/\">INSCRIPCI\u00d3N A \u00daLTIMA MATERIA<\/a><\/h1>\n<h1 class=\"entry-title\"><a href=\"https:\/\/isfd54-bue.infd.edu.ar\/sitio\/inscripcion-a-materias-regulares\/\">INSCRIPCI\u00d3N A MATERIAS REGULARES<\/a><\/h1>\n<h1 class=\"entry-title\"><a href=\"https:\/\/isfd54-bue.infd.edu.ar\/sitio\/inscripcion-a-materias-libres\/\">INSCRIPCI\u00d3N A MATERIAS LIBRES<\/a><\/h1>\n<h1 class=\"entry-title\"><a href=\"https:\/\/isfd54-bue.infd.edu.ar\/sitio\/inscripcion-a-finales\/\">INSCRIPCI\u00d3N A FINALES<\/a><\/h1>\n","protected":false},"excerpt":{"rendered":"<p>INSCRIPCI\u00d3N A \u00daLTIMA MATERIA INSCRIPCI\u00d3N A MATERIAS REGULARES INSCRIPCI\u00d3N A MATERIAS LIBRES INSCRIPCI\u00d3N A FINALES<\/p>\n","protected":false},"author":1098,"featured_media":0,"parent":0,"menu_order":0,"comment_status":"closed","ping_status":"closed","template":"","meta":[],"acf":[],"_links":{"self":[{"href":"https:\/\/isfd54-bue.infd.edu.ar\/sitio\/wp-json\/wp\/v2\/pages\/1849"}],"collection":[{"href":"https:\/\/isfd54-bue.infd.edu.ar\/sitio\/wp-json\/wp\/v2\/pages"}],"about":[{"href":"https:\/\/isfd54-bue.infd.edu.ar\/sitio\/wp-json\/wp\/v2\/types\/page"}],"author":[{"embeddable":true,"href":"https:\/\/isfd54-bue.infd.edu.ar\/sitio\/wp-json\/wp\/v2\/users\/1098"}],"replies":[{"embeddable":true,"href":"https:\/\/isfd54-bue.infd.edu.ar\/sitio\/wp-json\/wp\/v2\/comments?post=1849"}],"version-history":[{"count":4,"href":"https:\/\/isfd54-bue.infd.edu.ar\/sitio\/wp-json\/wp\/v2\/pages\/1849\/revisions"}],"predecessor-version":[{"id":1944,"href":"https:\/\/isfd54-bue.infd.edu.ar\/sitio\/wp-json\/wp\/v2\/pages\/1849\/revisions\/1944"}],"wp:attachment":[{"href":"https:\/\/isfd54-bue.infd.edu.ar\/sitio\/wp-json\/wp\/v2\/media?parent=1849"}],"curies":[{"name":"wp","href":"https:\/\/api.w.org\/{rel}","templated":true}]}}