{"id":1803,"date":"2021-07-05T09:34:07","date_gmt":"2021-07-05T12:34:07","guid":{"rendered":"https:\/\/isfd54-bue.infd.edu.ar\/sitio\/?page_id=1803"},"modified":"2023-03-22T19:05:47","modified_gmt":"2023-03-22T22:05:47","slug":"reincorporaciones-2","status":"publish","type":"page","link":"https:\/\/isfd54-bue.infd.edu.ar\/sitio\/reincorporaciones-2\/","title":{"rendered":"REINCORPORACIONES"},"content":{"rendered":"<p>LA SOLICITUD DE REINCORPORACI\u00d3N\u00a0 ES PARA ALUMNOS DE NUESTRO INSTITUTO QUE QUIERAN REINCORPORARSE A SU CARRERA POR HABER DEJADO DE CURSAR EN A\u00d1OS ANTERIORES, TENIENDO MATERIAS ACREDITADAS.<\/p>\n<p>LA MISMA QUEDA A RESOLUCI\u00d3N POR VENCIMIENTO DE MATERIAS, VACANTE DISPONIBLE Y VERIFICACI\u00d3N DE DOCUMENTACI\u00d3N<\/p>\n<p>LA SOLICITUD SE REALIZA DE FORMA\u00a0<strong>PRESENCIAL<\/strong> DEL <strong>3\/04 Y 4\/04\/2023.<\/strong><\/p>\n<p>ACERCATE A LA PRECEPTORIA EN EL TURNO EN EL QUE QUERES CURSAR Y CADA PRECEPTOR\/A TE DAR\u00c1 LAS INDICACIONES PARA REALIZAR EL TR\u00c1MITE.<\/p>\n","protected":false},"excerpt":{"rendered":"<p>LA SOLICITUD DE REINCORPORACI\u00d3N\u00a0 ES PARA ALUMNOS DE NUESTRO INSTITUTO QUE QUIERAN REINCORPORARSE A SU CARRERA POR HABER DEJADO DE CURSAR EN A\u00d1OS ANTERIORES, TENIENDO MATERIAS ACREDITADAS. LA MISMA QUEDA A RESOLUCI\u00d3N POR VENCIMIENTO DE MATERIAS, VACANTE DISPONIBLE Y VERIFICACI\u00d3N DE DOCUMENTACI\u00d3N LA SOLICITUD SE REALIZA DE FORMA\u00a0PRESENCIAL DEL 3\/04 Y 4\/04\/2023. ACERCATE A LA &#8230; <a title=\"REINCORPORACIONES\" class=\"read-more\" href=\"https:\/\/isfd54-bue.infd.edu.ar\/sitio\/reincorporaciones-2\/\" aria-label=\"More on REINCORPORACIONES\">[+]<\/a><\/p>\n","protected":false},"author":1098,"featured_media":0,"parent":0,"menu_order":0,"comment_status":"closed","ping_status":"closed","template":"","meta":[],"acf":[],"_links":{"self":[{"href":"https:\/\/isfd54-bue.infd.edu.ar\/sitio\/wp-json\/wp\/v2\/pages\/1803"}],"collection":[{"href":"https:\/\/isfd54-bue.infd.edu.ar\/sitio\/wp-json\/wp\/v2\/pages"}],"about":[{"href":"https:\/\/isfd54-bue.infd.edu.ar\/sitio\/wp-json\/wp\/v2\/types\/page"}],"author":[{"embeddable":true,"href":"https:\/\/isfd54-bue.infd.edu.ar\/sitio\/wp-json\/wp\/v2\/users\/1098"}],"replies":[{"embeddable":true,"href":"https:\/\/isfd54-bue.infd.edu.ar\/sitio\/wp-json\/wp\/v2\/comments?post=1803"}],"version-history":[{"count":9,"href":"https:\/\/isfd54-bue.infd.edu.ar\/sitio\/wp-json\/wp\/v2\/pages\/1803\/revisions"}],"predecessor-version":[{"id":3430,"href":"https:\/\/isfd54-bue.infd.edu.ar\/sitio\/wp-json\/wp\/v2\/pages\/1803\/revisions\/3430"}],"wp:attachment":[{"href":"https:\/\/isfd54-bue.infd.edu.ar\/sitio\/wp-json\/wp\/v2\/media?parent=1803"}],"curies":[{"name":"wp","href":"https:\/\/api.w.org\/{rel}","templated":true}]}}