{"id":1712,"date":"2021-06-03T17:36:16","date_gmt":"2021-06-03T20:36:16","guid":{"rendered":"https:\/\/isfd54-bue.infd.edu.ar\/sitio\/?page_id=1712"},"modified":"2025-03-20T15:59:14","modified_gmt":"2025-03-20T18:59:14","slug":"informacion-importante-para-alumnos","status":"publish","type":"page","link":"https:\/\/isfd54-bue.infd.edu.ar\/sitio\/informacion-importante-para-alumnos\/","title":{"rendered":"R\u00c9GIMEN ACAD\u00c9MICO"},"content":{"rendered":"\n<h2 class=\"wp-block-heading\">R\u00c9GIMEN ACAD\u00c9MICO MARCO<\/h2>\n\n\n\n<p>A implementarse a partir del ciclo 2025<\/p>\n\n\n\n<h3 class=\"wp-block-heading\"><a href=\"https:\/\/drive.google.com\/file\/d\/1x3KX0XFjOsNBp4Ob9rpW0kMWzUNa2dHp\/view?usp=sharing\" data-type=\"URL\" data-id=\"https:\/\/drive.google.com\/file\/d\/1x3KX0XFjOsNBp4Ob9rpW0kMWzUNa2dHp\/view?usp=sharing\">Descargar el r\u00e9gimen Res. 4196\/24<\/a><\/h3>\n\n\n\n<h2 class=\"wp-block-heading\">\u00a0<\/h2>\n\n\n\n<h3 class=\"wp-block-heading\"><strong>Validez de la cursada previas al ciclo 2025<\/strong><\/h3>\n\n\n\n<ul>\n<li><b>NO<span style=\"font-weight: 400;\"> SE contabilizar\u00e1 en los a\u00f1os <\/span>2020 y 2021<span style=\"font-weight: 400;\">. Se aplicar\u00e1 el mismo criterio respecto de la validez de la Propuesta de C\u00e1tedra.&nbsp;<\/span><\/b><\/li>\n<\/ul>\n\n\n\n<figure class=\"wp-block-image\"><img decoding=\"async\" loading=\"lazy\" width=\"948\" height=\"596\" src=\"https:\/\/isfd54-bue.infd.edu.ar\/sitio\/wp-content\/uploads\/2022\/12\/Validez-de-cursadas.jpg\" alt=\"\" class=\"wp-image-3267\" srcset=\"https:\/\/isfd54-bue.infd.edu.ar\/sitio\/wp-content\/uploads\/2022\/12\/Validez-de-cursadas.jpg 948w, https:\/\/isfd54-bue.infd.edu.ar\/sitio\/wp-content\/uploads\/2022\/12\/Validez-de-cursadas-768x483.jpg 768w\" sizes=\"(max-width: 948px) 100vw, 948px\" \/><\/figure>\n","protected":false},"excerpt":{"rendered":"<p>R\u00c9GIMEN ACAD\u00c9MICO MARCO A implementarse a partir del ciclo 2025 Descargar el r\u00e9gimen Res. 4196\/24 \u00a0 Validez de la cursada previas al ciclo 2025<\/p>\n","protected":false},"author":1098,"featured_media":0,"parent":0,"menu_order":0,"comment_status":"closed","ping_status":"closed","template":"","meta":[],"acf":[],"_links":{"self":[{"href":"https:\/\/isfd54-bue.infd.edu.ar\/sitio\/wp-json\/wp\/v2\/pages\/1712"}],"collection":[{"href":"https:\/\/isfd54-bue.infd.edu.ar\/sitio\/wp-json\/wp\/v2\/pages"}],"about":[{"href":"https:\/\/isfd54-bue.infd.edu.ar\/sitio\/wp-json\/wp\/v2\/types\/page"}],"author":[{"embeddable":true,"href":"https:\/\/isfd54-bue.infd.edu.ar\/sitio\/wp-json\/wp\/v2\/users\/1098"}],"replies":[{"embeddable":true,"href":"https:\/\/isfd54-bue.infd.edu.ar\/sitio\/wp-json\/wp\/v2\/comments?post=1712"}],"version-history":[{"count":17,"href":"https:\/\/isfd54-bue.infd.edu.ar\/sitio\/wp-json\/wp\/v2\/pages\/1712\/revisions"}],"predecessor-version":[{"id":4914,"href":"https:\/\/isfd54-bue.infd.edu.ar\/sitio\/wp-json\/wp\/v2\/pages\/1712\/revisions\/4914"}],"wp:attachment":[{"href":"https:\/\/isfd54-bue.infd.edu.ar\/sitio\/wp-json\/wp\/v2\/media?parent=1712"}],"curies":[{"name":"wp","href":"https:\/\/api.w.org\/{rel}","templated":true}]}}