{"id":1650,"date":"2021-05-19T17:33:12","date_gmt":"2021-05-19T20:33:12","guid":{"rendered":"https:\/\/isfd54-bue.infd.edu.ar\/sitio\/?page_id=1650"},"modified":"2025-02-12T09:24:08","modified_gmt":"2025-02-12T12:24:08","slug":"ingresantes-2","status":"publish","type":"page","link":"https:\/\/isfd54-bue.infd.edu.ar\/sitio\/ingresantes-2\/","title":{"rendered":"INGRESANTES 2025"},"content":{"rendered":"\n<p class=\"has-medium-font-size\"><strong>INSCRIPCI\u00d3N A LAS LISTAS DE ESPERA 2025<\/strong> <strong>(10\/02\/25 y 11\/02\/25)<\/strong><\/p>\n\n\n\n<p><strong>FORMULARIOS DE INSCRIPCI\u00d3N<\/strong><\/p>\n\n\n\n<p>Profesorado de Educaci\u00f3n Inicial TM (Formulario completo)<\/p>\n\n\n\n<p>Profesorado de Educaci\u00f3n Inicial TT (Formulario completo)<\/p>\n\n\n\n<p>Profesorado en Educaci\u00f3n Primaria TM (Formulario completo)<\/p>\n\n\n\n<p>Profesorado en Educaci\u00f3n Primaria TT (Formulario completo)<\/p>\n\n\n\n<p>Profesorado en Educaci\u00f3n Primaria TV (Formulario completo)<\/p>\n\n\n\n<p>Profesorado en Ed. Secundaria en Geograf\u00eda (Formulario completo)<\/p>\n\n\n\n<p>Profesorado en Ed. Secundaria en Historia (Formulario completo)  <\/p>\n\n\n\n<p>Profesorado en Ed. Secundaria en Biolog\u00eda TT (Formulario completo)<\/p>\n\n\n\n<p>Profesorado en Ed. Secundaria en Biolog\u00eda TV (Formulario completo)<\/p>\n\n\n\n<p>Profesorado en Ed. Secundaria en Matem\u00e1tica (Formulario completo)<\/p>\n\n\n\n<p><\/p>\n\n\n\n<p>&#8212;&#8212;&#8212;&#8212;&#8212;&#8212;&#8212;&#8212;&#8212;&#8212;&#8212;&#8212;&#8212;&#8212;&#8212;&#8212;&#8212;&#8212;&#8212;&#8212;&#8212;&#8212;&#8212;&#8212;&#8212;&#8212;&#8212;&#8212;&#8212;&#8212;&#8212;&#8212;&#8212;&#8212;&#8212;&#8212;&#8212;&#8212;&#8212;&#8212;&#8212;&#8212;&#8212;&#8212;&#8212;&#8212;&#8212;&#8212;&#8212;&#8212;&#8212;&#8211;<\/p>\n\n\n\n<p><\/p>\n\n\n\n<p class=\"has-medium-font-size\"><strong>Pre-inscripci\u00f3n 2025<\/strong><\/p>\n\n\n\n<p>Formularios de pre inscripci\u00f3n para el ingreso 2025<\/p>\n\n\n\n<p>Profesorado en Educaci\u00f3n Primaria TM \/ SE COMPLETARON LAS VACANTES DISPONIBLES<\/p>\n\n\n\n<p>Profesorado en Educaci\u00f3n Primaria TT SE COMPLETARON LAS VACANTES DISPONIBLES<\/p>\n\n\n\n<p>Profesorado en Educaci\u00f3n Primaria TV SE COMPLETARON LAS VACANTES DISPONIBLES<\/p>\n\n\n\n<p>Profesorado de Educaci\u00f3n Inicial TM \/ SE COMPLETARON LAS VACANTES DISPONIBLES<\/p>\n\n\n\n<p>Profesorado de Educaci\u00f3n Inicial TT \/ SE COMPLETARON LAS VACANTES DISPONIBLES<\/p>\n\n\n\n<p>Profesorado en Ed secundaria en Biolog\u00eda TT SE COMPLETARON LAS VACANTES DISPONIBLES<\/p>\n\n\n\n<p>Profesorado en Ed secundaria en Biolog\u00eda TV SE COMPLETARON LAS VACANTES DISPONIBLES<\/p>\n\n\n\n<p>Profesorado en Ed secundaria en Historia SE COMPLETARON LAS VACANTES DISPONIBLES<\/p>\n\n\n\n<p>Profesorado en Ed secundaria en Geograf\u00eda SE COMPLETARON LAS VACANTES DISPONIBLES<\/p>\n\n\n\n<p>Profesorado en Ed secundaria en Matem\u00e1tica \/ SE COMPLETARON LAS VACANTES DISPONIBLES<\/p>\n\n\n\n<p><\/p>\n\n\n\n<figure class=\"wp-block-image size-full\"><img decoding=\"async\" loading=\"lazy\" width=\"975\" height=\"615\" src=\"https:\/\/isfd54-bue.infd.edu.ar\/sitio\/wp-content\/uploads\/2024\/11\/CRONOGRAMA-1.png\" alt=\"\" class=\"wp-image-4681\" srcset=\"https:\/\/isfd54-bue.infd.edu.ar\/sitio\/wp-content\/uploads\/2024\/11\/CRONOGRAMA-1.png 975w, https:\/\/isfd54-bue.infd.edu.ar\/sitio\/wp-content\/uploads\/2024\/11\/CRONOGRAMA-1-768x484.png 768w\" sizes=\"(max-width: 975px) 100vw, 975px\" \/><\/figure>\n\n\n\n<p> &#8212;&#8212;&#8212;&#8212;&#8212;&#8212;&#8212;&#8212;&#8212;&#8212;&#8212;&#8212;&#8212;&#8212;&#8212;&#8212;&#8212;&#8212;&#8212;&#8212;&#8212;&#8212;&#8212;&#8212;&#8212;&#8212;&#8212;&#8212;&#8212;&#8212;&#8212;&#8212;&#8212;&#8212;&#8212;&#8212;&#8212;&#8212;&#8212;&#8212;&#8212;&#8212;&#8212;&#8212;&#8212;&#8212;&#8212;&#8212;&#8212;&#8212;&#8212;&#8212;&#8212;&#8212;&#8212;&#8212;&#8212;&#8212;&#8212;&#8212;<\/p>\n\n\n\n<p><\/p>\n\n\n\n<p><strong>\u00bfEstas pensando en formarte como docente?<\/strong><\/p>\n\n\n\n<p>Las y los estudiantes del 54 te cuentan sus experiencias y te invitan a ser parte<\/p>\n\n\n\n<p><strong>Profesorado de Ed. secundaria en Matem\u00e1tica<\/strong><\/p>\n\n\n\n<figure class=\"wp-block-embed is-type-video is-provider-youtube wp-block-embed-youtube wp-embed-aspect-16-9 wp-has-aspect-ratio\"><div class=\"wp-block-embed__wrapper\">\n<iframe loading=\"lazy\" title=\"\u00bfEst\u00e1s pensando en formarte para ser docente?\" width=\"1200\" height=\"675\" src=\"https:\/\/www.youtube.com\/embed\/m-Eh9phmrf0?feature=oembed\" frameborder=\"0\" allow=\"accelerometer; autoplay; clipboard-write; encrypted-media; gyroscope; picture-in-picture; web-share\" referrerpolicy=\"strict-origin-when-cross-origin\" allowfullscreen><\/iframe>\n<\/div><\/figure>\n\n\n\n<p><strong>Profesorado de Ed. Primaria<\/strong><\/p>\n\n\n\n<figure class=\"wp-block-embed is-type-video is-provider-youtube wp-block-embed-youtube wp-embed-aspect-16-9 wp-has-aspect-ratio\"><div class=\"wp-block-embed__wrapper\">\n<iframe loading=\"lazy\" title=\"\u00bfEst\u00e1s pensando en formarte como docente?\" width=\"1200\" height=\"675\" src=\"https:\/\/www.youtube.com\/embed\/UwljGQrdDBg?feature=oembed\" frameborder=\"0\" allow=\"accelerometer; autoplay; clipboard-write; encrypted-media; gyroscope; picture-in-picture; web-share\" referrerpolicy=\"strict-origin-when-cross-origin\" allowfullscreen><\/iframe>\n<\/div><\/figure>\n\n\n<h6><strong>Profesorado de Ed. Inicial<\/strong><\/h6>\n<p><iframe loading=\"lazy\" title=\"\u00bfEstas pensando en formarte como docente?\" width=\"1200\" height=\"675\" src=\"https:\/\/www.youtube.com\/embed\/WCN8hFLzbUQ?feature=oembed\" frameborder=\"0\" allow=\"accelerometer; autoplay; clipboard-write; encrypted-media; gyroscope; picture-in-picture; web-share\" referrerpolicy=\"strict-origin-when-cross-origin\" allowfullscreen><\/iframe><\/p>\n\n\n<h6 class=\"wp-block-heading\"><strong>Profesorado de Secundaria en <\/strong>Historia<\/h6>\n\n\n\n<figure class=\"wp-block-embed is-type-video is-provider-youtube wp-block-embed-youtube wp-embed-aspect-16-9 wp-has-aspect-ratio\"><div class=\"wp-block-embed__wrapper\">\n<iframe loading=\"lazy\" title=\"\u00bfEst\u00e1s pensando en formarte como docente?\" width=\"1200\" height=\"675\" src=\"https:\/\/www.youtube.com\/embed\/-fbKvRhsYdY?feature=oembed\" frameborder=\"0\" allow=\"accelerometer; autoplay; clipboard-write; encrypted-media; gyroscope; picture-in-picture; web-share\" referrerpolicy=\"strict-origin-when-cross-origin\" allowfullscreen><\/iframe>\n<\/div><\/figure>\n\n\n<hr>\n\n\n<h1 class=\"wp-block-heading\">Inscripci\u00f3n 2025<\/h1>\n\n\n\n<p><\/p>\n\n\n\n<p><\/p>\n\n\n\n<p><\/p>\n\n\n\n<h3 class=\"wp-block-heading has-text-align-center\">\u00bfC\u00f3mo te inscrib\u00eds?<\/h3>\n\n\n\n<p class=\"has-text-align-center\"><img decoding=\"async\" loading=\"lazy\" width=\"322\" height=\"447\" class=\"wp-image-2908 aligncenter\" src=\"https:\/\/isfd54-bue.infd.edu.ar\/sitio\/wp-content\/uploads\/2022\/09\/HISTORIETA-INGRESO-1-719x1000.jpg\" alt=\"\" srcset=\"https:\/\/isfd54-bue.infd.edu.ar\/sitio\/wp-content\/uploads\/2022\/09\/HISTORIETA-INGRESO-1-719x1000.jpg 719w, https:\/\/isfd54-bue.infd.edu.ar\/sitio\/wp-content\/uploads\/2022\/09\/HISTORIETA-INGRESO-1-1366x1900.jpg 1366w, https:\/\/isfd54-bue.infd.edu.ar\/sitio\/wp-content\/uploads\/2022\/09\/HISTORIETA-INGRESO-1-768x1068.jpg 768w, https:\/\/isfd54-bue.infd.edu.ar\/sitio\/wp-content\/uploads\/2022\/09\/HISTORIETA-INGRESO-1-1104x1536.jpg 1104w, https:\/\/isfd54-bue.infd.edu.ar\/sitio\/wp-content\/uploads\/2022\/09\/HISTORIETA-INGRESO-1-1472x2048.jpg 1472w, https:\/\/isfd54-bue.infd.edu.ar\/sitio\/wp-content\/uploads\/2022\/09\/HISTORIETA-INGRESO-1-scaled.jpg 1840w\" sizes=\"(max-width: 322px) 100vw, 322px\" \/><\/p>\n\n\n\n<p><\/p>\n\n\n\n<p><\/p>\n\n\n\n<p><\/p>\n\n\n\n<pre class=\"wp-block-preformatted\">\u00a1Te recordamos que completar el formulario no implica que estas inscripto\/a!\npara completar la inscripaci\u00f3n ten\u00e9s que acercarte a entregar la documentaci\u00f3nen los d\u00edas asignados a cada carrera.<\/pre>\n\n\n\n<p>\u00a1\u00bfQue pasa si no tengo internet?!<\/p>\n\n\n\n<p><\/p>\n\n\n\n<pre class=\"wp-block-preformatted\">Atentos a la problem\u00e1tica que pueda presentarse ante la falta de conexi\u00f3n a Internet, o falta de dispositivos \nque permita la pre-inscripci\u00f3n de un aspirante, el ISFD N\u00b054 pondr\u00e1 a disposici\u00f3n en su edificio, \nen calle Bulnes N\u00b030 Florencio Varela, bocas de atenci\u00f3n a los aspirantes, quienes ser\u00e1n pre-inscriptos \nen forma presencial, utilizando los medios electr\u00f3nicos del instituto.<\/pre>\n\n\n\n<h5 class=\"wp-block-heading\">\u00a1\u00bfQu\u00e9 documetaci\u00f3n ten\u00e9s que presentar?!<\/h5>\n\n\n\n<h6 class=\"wp-block-heading\">Toda la documentaci\u00f3n se debe presentar en Original y copia.<\/h6>\n\n\n\n<ul>\n<li>Planilla de inscripci\u00f3n y folio oficio.<\/li>\n\n\n\n<li>2 fotos 4&#215;4.<\/li>\n\n\n\n<li>Original y Fotocopia del DNI.<\/li>\n\n\n\n<li>Original y Fotocopia del T\u00edtulo o Constancia del t\u00edtulo en tr\u00e1mite o Constancia de alumno regular del \u00faltimo a\u00f1o del secundario.<\/li>\n\n\n\n<li>Apto Psico f\u00edsico de instituci\u00f3n p\u00fablica (original) . Es muy importante que tenga membrete y firma con sello y matricula.<\/li>\n<\/ul>\n\n\n\n<p>&#8212;&#8212;&#8212;&#8212;&#8212;&#8212;&#8212;&#8212;&#8212;&#8212;&#8212;&#8212;&#8212;&#8212;&#8212;&#8212;&#8212;&#8212;&#8212;&#8212;&#8212;&#8212;&#8212;&#8212;&#8212;&#8212;&#8212;&#8212;&#8212;&#8212;&#8212;&#8212;&#8212;&#8212;&#8212;&#8212;&#8212;&#8212;&#8212;&#8212;&#8212;&#8212;&#8212;&#8212;&#8212;&#8212;&#8212;&#8212;&#8212;&#8212;&#8212;&#8212;&#8212;&#8212;&#8212;&#8212;&#8212;&#8212;&#8212;&#8212;&#8212;&#8212;&#8212;&#8212;&#8212;&#8212;&#8212;&#8212;&#8212;&#8212;&#8212;&#8212;-<\/p>\n\n\n\n<h5 class=\"wp-block-heading\">Informaci\u00f3n importante sobre la asignaci\u00f3n de vacantes 2025:<\/h5>\n\n\n\n<p>cada carrera cuenta con una disponibilidad limitada para el ingreso la cual se detalla a continuaci\u00f3n<br>La asignaci\u00f3n de las vacantes disponibles se realizar\u00e1 teniendo un criterio estrictamente pedag\u00f3gico. El orden de prioridad se establecer\u00e1 seg\u00fan la entrega de documentaci\u00f3n y de acuerdo al siguiente orden acad\u00e9mico.<br>1ro) Inscriptos con t\u00edtulo en mano;<\/p>\n\n\n\n<p>2do) con t\u00edtulo en tr\u00e1mite;<\/p>\n\n\n\n<p>3ro) con constancia de alumno regular del \u00faltimo a\u00f1o del secundario que adeudan materias (orden seg\u00fan cantidad de materias que adeudan).<\/p>\n\n\n\n<p>VACANTES DISPONIBLES<\/p>\n\n\n\n<figure class=\"wp-block-table\"><table><tbody><tr><td>CARRERA Y TURNO<\/td><td>VACANTES<\/td><\/tr><tr><td>1\u00b0 INICIAL TM<\/td><td>80<\/td><\/tr><tr><td>1\u00b0 INICIAL TT<\/td><td>80<\/td><\/tr><tr><td>1\u00b01\u00b0 PRIMARIA TM<\/td><td>50<\/td><\/tr><tr><td>1\u00b02\u00b0 PRIMARIA TM<\/td><td>50<\/td><\/tr><tr><td>1\u00b03\u00b0 PRIMARIA TT<\/td><td>80<\/td><\/tr><tr><td>1\u00b04\u00b0 PRIMARIA TV<\/td><td>80<\/td><\/tr><tr><td>1\u00b0 GEOGRAF\u00cdA TM<\/td><td>80<\/td><\/tr><tr><td>1\u00b0 HISTORIA TT<\/td><td>80<\/td><\/tr><tr><td>1\u00b01\u00b0 BIOLOG\u00cdA TV<\/td><td>80<\/td><\/tr><tr><td>1\u00b02\u00b0 BIOLOG\u00cdA TT<\/td><td>80<\/td><\/tr><tr><td>1\u00b0 MATEM\u00c1TICA<\/td><td>80<\/td><\/tr><\/tbody><\/table><\/figure>\n\n\n\n<pre class=\"wp-block-preformatted\">En las carreras donde NO se ocupen las vacantes disponibles se proseguir\u00e1 con la inscripci\u00f3n durante el \nmes de febrero para completar la cobertura de las vacantes.<\/pre>\n\n\n\n<p class=\"has-text-align-center\">&#8212;&#8212;&#8212;&#8212;&#8212;&#8212;&#8212;&#8212;&#8212;&#8212;&#8212;&#8212;&#8212;&#8212;&#8212;&#8212;-<\/p>\n\n\n\n<p><\/p>\n","protected":false},"excerpt":{"rendered":"<p>INSCRIPCI\u00d3N A LAS LISTAS DE ESPERA 2025 (10\/02\/25 y 11\/02\/25) FORMULARIOS DE INSCRIPCI\u00d3N Profesorado de Educaci\u00f3n Inicial TM (Formulario completo) Profesorado de Educaci\u00f3n Inicial TT (Formulario completo) Profesorado en Educaci\u00f3n Primaria TM (Formulario completo) Profesorado en Educaci\u00f3n Primaria TT (Formulario completo) Profesorado en Educaci\u00f3n Primaria TV (Formulario completo) Profesorado en Ed. Secundaria en Geograf\u00eda (Formulario &#8230; <a title=\"INGRESANTES 2025\" class=\"read-more\" href=\"https:\/\/isfd54-bue.infd.edu.ar\/sitio\/ingresantes-2\/\" aria-label=\"More on INGRESANTES 2025\">[+]<\/a><\/p>\n","protected":false},"author":1490,"featured_media":0,"parent":0,"menu_order":0,"comment_status":"closed","ping_status":"closed","template":"","meta":[],"acf":[],"_links":{"self":[{"href":"https:\/\/isfd54-bue.infd.edu.ar\/sitio\/wp-json\/wp\/v2\/pages\/1650"}],"collection":[{"href":"https:\/\/isfd54-bue.infd.edu.ar\/sitio\/wp-json\/wp\/v2\/pages"}],"about":[{"href":"https:\/\/isfd54-bue.infd.edu.ar\/sitio\/wp-json\/wp\/v2\/types\/page"}],"author":[{"embeddable":true,"href":"https:\/\/isfd54-bue.infd.edu.ar\/sitio\/wp-json\/wp\/v2\/users\/1490"}],"replies":[{"embeddable":true,"href":"https:\/\/isfd54-bue.infd.edu.ar\/sitio\/wp-json\/wp\/v2\/comments?post=1650"}],"version-history":[{"count":101,"href":"https:\/\/isfd54-bue.infd.edu.ar\/sitio\/wp-json\/wp\/v2\/pages\/1650\/revisions"}],"predecessor-version":[{"id":4798,"href":"https:\/\/isfd54-bue.infd.edu.ar\/sitio\/wp-json\/wp\/v2\/pages\/1650\/revisions\/4798"}],"wp:attachment":[{"href":"https:\/\/isfd54-bue.infd.edu.ar\/sitio\/wp-json\/wp\/v2\/media?parent=1650"}],"curies":[{"name":"wp","href":"https:\/\/api.w.org\/{rel}","templated":true}]}}