{"id":1632,"date":"2021-05-19T17:05:40","date_gmt":"2021-05-19T20:05:40","guid":{"rendered":"https:\/\/isfd54-bue.infd.edu.ar\/sitio\/?page_id=1632"},"modified":"2023-11-12T21:18:48","modified_gmt":"2023-11-13T00:18:48","slug":"c-i-p-e-s","status":"publish","type":"page","link":"https:\/\/isfd54-bue.infd.edu.ar\/sitio\/c-i-p-e-s\/","title":{"rendered":"C.I.P.E.S."},"content":{"rendered":"<h2>CIPES\u00a0<\/h2>\n<h3>Martina Passalaqcua<\/h3>\n<h3>Pablo Sanchez<\/h3>\n<h3>Candela Darr\u00e9<\/h3>\n<p>Mail de contacto: cipes54@gmail.com<\/p>\n<p>IG: @cipes_isfd54<\/p>\n<p>Los CIPEs (Coordinador Institucional de Pol\u00edticas Estudiantiles) son organismos que funcionan en los Institutos de Formaci\u00f3n Superior y que est\u00e1n orientados al fortalecimiento jurisdiccional de las Pol\u00edticas Estudiantiles. Ponen \u00e9nfasis en la heterogeneidad propia de los institutos y en lograr democratizar el sistema formador en sus tres dimensiones: acompa\u00f1amiento en la trayectoria estudiantil, mapeo cultural y deportivo y fortalecimiento institucional.<\/p>\n<p>Las actividades que desarrollan est\u00e1n enmarcan en el proyecto de \u201cFortalecimiento de las Pol\u00edticas Estudiantiles 2019\u201d, elaborado por el equipo t\u00e9cnico pedag\u00f3gico de la Direcci\u00f3n de Formaci\u00f3n Docente. Vale mencionar que para la elaboraci\u00f3n del proyecto institucional se privilegia la funci\u00f3n pedag\u00f3gica pol\u00edtica del Coordinador Institucional de Pol\u00edticas Estudiantiles como un agente que articula la dimensi\u00f3n institucional con las pol\u00edticas Jurisdiccionales.<\/p>\n<p>Este coordinador tiene la funci\u00f3n de dise\u00f1ar una Intervenci\u00f3n Institucional y su posterior sistematizaci\u00f3n en el marco de la corresponsabilidad de todos los actores educativos para construir un estado de situaci\u00f3n de las problem\u00e1ticas trabajadas, y de sus resultados con la finalidad de producir un conocimiento que permita definir l\u00edneas de acci\u00f3n en materia de pol\u00edticas estudiantiles que facilite avanzar en materia de inclusi\u00f3n del Nivel Superior.<\/p>\n<hr \/>\n<p><img decoding=\"async\" loading=\"lazy\" class=\"alignnone wp-image-3651 size-thumbnail\" src=\"https:\/\/isfd54-bue.infd.edu.ar\/sitio\/wp-content\/uploads\/2023\/05\/WhatsApp-Image-2023-05-04-at-19.04.55-500x500.jpeg\" alt=\"\" width=\"500\" height=\"500\" srcset=\"https:\/\/isfd54-bue.infd.edu.ar\/sitio\/wp-content\/uploads\/2023\/05\/WhatsApp-Image-2023-05-04-at-19.04.55-500x500.jpeg 500w, https:\/\/isfd54-bue.infd.edu.ar\/sitio\/wp-content\/uploads\/2023\/05\/WhatsApp-Image-2023-05-04-at-19.04.55-1000x1000.jpeg 1000w, https:\/\/isfd54-bue.infd.edu.ar\/sitio\/wp-content\/uploads\/2023\/05\/WhatsApp-Image-2023-05-04-at-19.04.55-768x768.jpeg 768w, https:\/\/isfd54-bue.infd.edu.ar\/sitio\/wp-content\/uploads\/2023\/05\/WhatsApp-Image-2023-05-04-at-19.04.55.jpeg 1080w\" sizes=\"(max-width: 500px) 100vw, 500px\" \/> <img decoding=\"async\" loading=\"lazy\" class=\"alignnone wp-image-3652 size-thumbnail\" src=\"https:\/\/isfd54-bue.infd.edu.ar\/sitio\/wp-content\/uploads\/2023\/05\/WhatsApp-Image-2023-05-04-at-19.04.55-1-500x500.jpeg\" alt=\"\" width=\"500\" height=\"500\" srcset=\"https:\/\/isfd54-bue.infd.edu.ar\/sitio\/wp-content\/uploads\/2023\/05\/WhatsApp-Image-2023-05-04-at-19.04.55-1-500x500.jpeg 500w, https:\/\/isfd54-bue.infd.edu.ar\/sitio\/wp-content\/uploads\/2023\/05\/WhatsApp-Image-2023-05-04-at-19.04.55-1-1000x1000.jpeg 1000w, https:\/\/isfd54-bue.infd.edu.ar\/sitio\/wp-content\/uploads\/2023\/05\/WhatsApp-Image-2023-05-04-at-19.04.55-1-768x768.jpeg 768w, https:\/\/isfd54-bue.infd.edu.ar\/sitio\/wp-content\/uploads\/2023\/05\/WhatsApp-Image-2023-05-04-at-19.04.55-1.jpeg 1080w\" sizes=\"(max-width: 500px) 100vw, 500px\" \/> <img decoding=\"async\" loading=\"lazy\" class=\"alignnone wp-image-3653 size-thumbnail\" src=\"https:\/\/isfd54-bue.infd.edu.ar\/sitio\/wp-content\/uploads\/2023\/05\/WhatsApp-Image-2023-05-04-at-19.04.56-500x500.jpeg\" alt=\"\" width=\"500\" height=\"500\" srcset=\"https:\/\/isfd54-bue.infd.edu.ar\/sitio\/wp-content\/uploads\/2023\/05\/WhatsApp-Image-2023-05-04-at-19.04.56-500x500.jpeg 500w, https:\/\/isfd54-bue.infd.edu.ar\/sitio\/wp-content\/uploads\/2023\/05\/WhatsApp-Image-2023-05-04-at-19.04.56-1000x1000.jpeg 1000w, https:\/\/isfd54-bue.infd.edu.ar\/sitio\/wp-content\/uploads\/2023\/05\/WhatsApp-Image-2023-05-04-at-19.04.56-768x768.jpeg 768w, https:\/\/isfd54-bue.infd.edu.ar\/sitio\/wp-content\/uploads\/2023\/05\/WhatsApp-Image-2023-05-04-at-19.04.56.jpeg 1080w\" sizes=\"(max-width: 500px) 100vw, 500px\" \/> <img decoding=\"async\" loading=\"lazy\" class=\"alignnone wp-image-3654 size-thumbnail\" src=\"https:\/\/isfd54-bue.infd.edu.ar\/sitio\/wp-content\/uploads\/2023\/05\/WhatsApp-Image-2023-05-04-at-19.04.56-1-500x500.jpeg\" alt=\"\" width=\"500\" height=\"500\" srcset=\"https:\/\/isfd54-bue.infd.edu.ar\/sitio\/wp-content\/uploads\/2023\/05\/WhatsApp-Image-2023-05-04-at-19.04.56-1-500x500.jpeg 500w, https:\/\/isfd54-bue.infd.edu.ar\/sitio\/wp-content\/uploads\/2023\/05\/WhatsApp-Image-2023-05-04-at-19.04.56-1-1000x1000.jpeg 1000w, https:\/\/isfd54-bue.infd.edu.ar\/sitio\/wp-content\/uploads\/2023\/05\/WhatsApp-Image-2023-05-04-at-19.04.56-1-768x768.jpeg 768w, https:\/\/isfd54-bue.infd.edu.ar\/sitio\/wp-content\/uploads\/2023\/05\/WhatsApp-Image-2023-05-04-at-19.04.56-1.jpeg 1080w\" sizes=\"(max-width: 500px) 100vw, 500px\" \/> <img decoding=\"async\" loading=\"lazy\" class=\"alignnone wp-image-3655 size-thumbnail\" src=\"https:\/\/isfd54-bue.infd.edu.ar\/sitio\/wp-content\/uploads\/2023\/05\/WhatsApp-Image-2023-05-04-at-19.04.56-2-500x500.jpeg\" alt=\"\" width=\"500\" height=\"500\" srcset=\"https:\/\/isfd54-bue.infd.edu.ar\/sitio\/wp-content\/uploads\/2023\/05\/WhatsApp-Image-2023-05-04-at-19.04.56-2-500x500.jpeg 500w, https:\/\/isfd54-bue.infd.edu.ar\/sitio\/wp-content\/uploads\/2023\/05\/WhatsApp-Image-2023-05-04-at-19.04.56-2-1000x1000.jpeg 1000w, https:\/\/isfd54-bue.infd.edu.ar\/sitio\/wp-content\/uploads\/2023\/05\/WhatsApp-Image-2023-05-04-at-19.04.56-2-768x768.jpeg 768w, https:\/\/isfd54-bue.infd.edu.ar\/sitio\/wp-content\/uploads\/2023\/05\/WhatsApp-Image-2023-05-04-at-19.04.56-2.jpeg 1080w\" sizes=\"(max-width: 500px) 100vw, 500px\" \/><\/p>\n<h2 style=\"text-align: center;\">EXPERIENCIAS CULTURALES: 40 A\u00d1OS DE DEMOCRACIA ININTERRUMPIDA<\/h2>\n<p>EL EQUIPO DE CIPES Y ESTUDIANTES DEL ISFD 54 TRABAJARON DURANTE ESTE A\u00d1O RECUPERANDO LA HISTORIA DE MELBA CAMPOD\u00d3NICO, COMPARTIMOS CON USTEDES LA PRODUCCI\u00d3N FINAL DE ESTA HERMOSA EXPERIENCIA CULTURAL.<\/p>\n<p><iframe loading=\"lazy\" title=\"Melba Campod\u00f3nico \u2010 Hecho con Clipchamp\" width=\"1200\" height=\"675\" src=\"https:\/\/www.youtube.com\/embed\/W9xcDx3WtAc?feature=oembed\" frameborder=\"0\" allow=\"accelerometer; autoplay; clipboard-write; encrypted-media; gyroscope; picture-in-picture; web-share\" allowfullscreen><\/iframe><\/p>\n<p>\u00a0<\/p>\n<hr \/>\n\n\n<p><\/p>\n","protected":false},"excerpt":{"rendered":"<p>CIPES\u00a0 Martina Passalaqcua Pablo Sanchez Candela Darr\u00e9 Mail de contacto: cipes54@gmail.com IG: @cipes_isfd54 Los CIPEs (Coordinador Institucional de Pol\u00edticas Estudiantiles) son organismos que funcionan en los Institutos de Formaci\u00f3n Superior y que est\u00e1n orientados al fortalecimiento jurisdiccional de las Pol\u00edticas Estudiantiles. Ponen \u00e9nfasis en la heterogeneidad propia de los institutos y en lograr democratizar el &#8230; <a title=\"C.I.P.E.S.\" class=\"read-more\" href=\"https:\/\/isfd54-bue.infd.edu.ar\/sitio\/c-i-p-e-s\/\" aria-label=\"More on C.I.P.E.S.\">[+]<\/a><\/p>\n","protected":false},"author":1098,"featured_media":0,"parent":0,"menu_order":0,"comment_status":"closed","ping_status":"closed","template":"","meta":[],"acf":[],"_links":{"self":[{"href":"https:\/\/isfd54-bue.infd.edu.ar\/sitio\/wp-json\/wp\/v2\/pages\/1632"}],"collection":[{"href":"https:\/\/isfd54-bue.infd.edu.ar\/sitio\/wp-json\/wp\/v2\/pages"}],"about":[{"href":"https:\/\/isfd54-bue.infd.edu.ar\/sitio\/wp-json\/wp\/v2\/types\/page"}],"author":[{"embeddable":true,"href":"https:\/\/isfd54-bue.infd.edu.ar\/sitio\/wp-json\/wp\/v2\/users\/1098"}],"replies":[{"embeddable":true,"href":"https:\/\/isfd54-bue.infd.edu.ar\/sitio\/wp-json\/wp\/v2\/comments?post=1632"}],"version-history":[{"count":9,"href":"https:\/\/isfd54-bue.infd.edu.ar\/sitio\/wp-json\/wp\/v2\/pages\/1632\/revisions"}],"predecessor-version":[{"id":3967,"href":"https:\/\/isfd54-bue.infd.edu.ar\/sitio\/wp-json\/wp\/v2\/pages\/1632\/revisions\/3967"}],"wp:attachment":[{"href":"https:\/\/isfd54-bue.infd.edu.ar\/sitio\/wp-json\/wp\/v2\/media?parent=1632"}],"curies":[{"name":"wp","href":"https:\/\/api.w.org\/{rel}","templated":true}]}}