{"id":1603,"date":"2021-05-18T23:36:13","date_gmt":"2021-05-19T02:36:13","guid":{"rendered":"https:\/\/isfd54-bue.infd.edu.ar\/sitio\/?page_id=1603"},"modified":"2026-03-10T18:50:04","modified_gmt":"2026-03-10T21:50:04","slug":"horario-de-cursada","status":"publish","type":"page","link":"https:\/\/isfd54-bue.infd.edu.ar\/sitio\/horario-de-cursada\/","title":{"rendered":"Horario de cursada"},"content":{"rendered":"<h1 style=\"text-align: center;\"><a href=\"https:\/\/docs.google.com\/spreadsheets\/d\/e\/2PACX-1vTO2Jq2C6dX4VwkNQc5rpmFZaj4KaR1YYbFAP6fc9QJm4iAp47xe8_-vQs3JeEX7Q\/pubhtml?gid=1509483060&amp;single=true\">HORARIOS DEL PROFESORADO DE EDUCACI\u00d3N INICIAL 2026<\/a><\/h1>\n<p><strong>CARRERA: INICIAL 4to A\u00d1O<\/strong><\/p>\n<p><b>Estudiantes de 4to a\u00f1o, es muy importante recordar que los ateneos y pr\u00e1cticas se cursan en la misma banda horaria, el resto de las materias y talleres van a contra turno..<\/b><\/p>\n<p><strong>LAS PR\u00c1CTICAS Y ATENEOS ES DE CURSADA CONJUNTA NO SE PUEDEN CURSAR POR SEPARADO.<\/strong><\/p>\n","protected":false},"excerpt":{"rendered":"<p>HORARIOS DEL PROFESORADO DE EDUCACI\u00d3N INICIAL 2026 CARRERA: INICIAL 4to A\u00d1O Estudiantes de 4to a\u00f1o, es muy importante recordar que los ateneos y pr\u00e1cticas se cursan en la misma banda horaria, el resto de las materias y talleres van a contra turno.. LAS PR\u00c1CTICAS Y ATENEOS ES DE CURSADA CONJUNTA NO SE PUEDEN CURSAR POR &#8230; <a title=\"Horario de cursada\" class=\"read-more\" href=\"https:\/\/isfd54-bue.infd.edu.ar\/sitio\/horario-de-cursada\/\" aria-label=\"More on Horario de cursada\">[+]<\/a><\/p>\n","protected":false},"author":1098,"featured_media":0,"parent":0,"menu_order":0,"comment_status":"closed","ping_status":"closed","template":"","meta":[],"acf":[],"_links":{"self":[{"href":"https:\/\/isfd54-bue.infd.edu.ar\/sitio\/wp-json\/wp\/v2\/pages\/1603"}],"collection":[{"href":"https:\/\/isfd54-bue.infd.edu.ar\/sitio\/wp-json\/wp\/v2\/pages"}],"about":[{"href":"https:\/\/isfd54-bue.infd.edu.ar\/sitio\/wp-json\/wp\/v2\/types\/page"}],"author":[{"embeddable":true,"href":"https:\/\/isfd54-bue.infd.edu.ar\/sitio\/wp-json\/wp\/v2\/users\/1098"}],"replies":[{"embeddable":true,"href":"https:\/\/isfd54-bue.infd.edu.ar\/sitio\/wp-json\/wp\/v2\/comments?post=1603"}],"version-history":[{"count":12,"href":"https:\/\/isfd54-bue.infd.edu.ar\/sitio\/wp-json\/wp\/v2\/pages\/1603\/revisions"}],"predecessor-version":[{"id":5270,"href":"https:\/\/isfd54-bue.infd.edu.ar\/sitio\/wp-json\/wp\/v2\/pages\/1603\/revisions\/5270"}],"wp:attachment":[{"href":"https:\/\/isfd54-bue.infd.edu.ar\/sitio\/wp-json\/wp\/v2\/media?parent=1603"}],"curies":[{"name":"wp","href":"https:\/\/api.w.org\/{rel}","templated":true}]}}