{"id":1568,"date":"2021-05-18T23:10:16","date_gmt":"2021-05-19T02:10:16","guid":{"rendered":"https:\/\/isfd54-bue.infd.edu.ar\/sitio\/?page_id=1568"},"modified":"2024-04-18T19:56:04","modified_gmt":"2024-04-18T22:56:04","slug":"carga-horaria-y-programas-de-materias","status":"publish","type":"page","link":"https:\/\/isfd54-bue.infd.edu.ar\/sitio\/carga-horaria-y-programas-de-materias\/","title":{"rendered":"CARGA HORARIA Y PROGRAMAS DE MATERIAS"},"content":{"rendered":"<h2 style=\"text-align: center;\"><strong>SOLICITUD DE CARGA HORARIA Y PROGRAMAS DE MATERIAS<\/strong><\/h2>\n<p><span style=\"font-weight: 400;\">Las certificaciones de cargas horarias y copias rubricadas de programas son para ser presentados en otras instituciones (SOLICITUD DE EQUIVALENCIAS) o revalidar t\u00edtulos en el exterior.<\/span><\/p>\n<p>EL PEDIDO DE LOS MISMOS DEBER\u00c1 SER JUSTIFICADO, MEDIANTE NOTA O SOLICITUD DE LA OTRA INSTITUCI\u00d3N.<\/p>\n<p><strong>EL TR\u00c1MITE SE REALIZA DE MANERA PRESENCIAL EN LA BIBLIOTECA DEL INSTITUTO.<\/strong><\/p>\n<p>SE ACLARA QUE LOS COSTOS CORRESPONDIENTES AL TR\u00c1MITE SER\u00c1N AFRONTADOS POR QUIEN REALIZA LA SOLICITUD.<\/p>\n<p>PARA ASESORAMIENTO ESCRIBIR A: bibliotecaisfd54@gmail.com<\/p>\n","protected":false},"excerpt":{"rendered":"<p>SOLICITUD DE CARGA HORARIA Y PROGRAMAS DE MATERIAS Las certificaciones de cargas horarias y copias rubricadas de programas son para ser presentados en otras instituciones (SOLICITUD DE EQUIVALENCIAS) o revalidar t\u00edtulos en el exterior. EL PEDIDO DE LOS MISMOS DEBER\u00c1 SER JUSTIFICADO, MEDIANTE NOTA O SOLICITUD DE LA OTRA INSTITUCI\u00d3N. EL TR\u00c1MITE SE REALIZA DE &#8230; <a title=\"CARGA HORARIA Y PROGRAMAS DE MATERIAS\" class=\"read-more\" href=\"https:\/\/isfd54-bue.infd.edu.ar\/sitio\/carga-horaria-y-programas-de-materias\/\" aria-label=\"More on CARGA HORARIA Y PROGRAMAS DE MATERIAS\">[+]<\/a><\/p>\n","protected":false},"author":1098,"featured_media":0,"parent":0,"menu_order":0,"comment_status":"closed","ping_status":"closed","template":"","meta":[],"acf":[],"_links":{"self":[{"href":"https:\/\/isfd54-bue.infd.edu.ar\/sitio\/wp-json\/wp\/v2\/pages\/1568"}],"collection":[{"href":"https:\/\/isfd54-bue.infd.edu.ar\/sitio\/wp-json\/wp\/v2\/pages"}],"about":[{"href":"https:\/\/isfd54-bue.infd.edu.ar\/sitio\/wp-json\/wp\/v2\/types\/page"}],"author":[{"embeddable":true,"href":"https:\/\/isfd54-bue.infd.edu.ar\/sitio\/wp-json\/wp\/v2\/users\/1098"}],"replies":[{"embeddable":true,"href":"https:\/\/isfd54-bue.infd.edu.ar\/sitio\/wp-json\/wp\/v2\/comments?post=1568"}],"version-history":[{"count":5,"href":"https:\/\/isfd54-bue.infd.edu.ar\/sitio\/wp-json\/wp\/v2\/pages\/1568\/revisions"}],"predecessor-version":[{"id":4288,"href":"https:\/\/isfd54-bue.infd.edu.ar\/sitio\/wp-json\/wp\/v2\/pages\/1568\/revisions\/4288"}],"wp:attachment":[{"href":"https:\/\/isfd54-bue.infd.edu.ar\/sitio\/wp-json\/wp\/v2\/media?parent=1568"}],"curies":[{"name":"wp","href":"https:\/\/api.w.org\/{rel}","templated":true}]}}