{"id":1558,"date":"2021-05-18T22:42:06","date_gmt":"2021-05-19T01:42:06","guid":{"rendered":"https:\/\/isfd54-bue.infd.edu.ar\/sitio\/?page_id=1558"},"modified":"2021-07-05T13:31:04","modified_gmt":"2021-07-05T16:31:04","slug":"profesorados","status":"publish","type":"page","link":"https:\/\/isfd54-bue.infd.edu.ar\/sitio\/profesorados\/","title":{"rendered":"PROFESORADOS"},"content":{"rendered":"<h1 class=\"entry-title\"><a href=\"https:\/\/isfd54-bue.infd.edu.ar\/sitio\/profesorado-en-educacion-primaria\/\">Profesorado en Educaci\u00f3n Primaria<\/a><\/h1>\n<h1 class=\"entry-title\"><a href=\"https:\/\/isfd54-bue.infd.edu.ar\/sitio\/profesorado-en-educacion-inicial\/\">Profesorado en Educaci\u00f3n Inicial<\/a><\/h1>\n<h1 class=\"entry-title\"><a href=\"https:\/\/isfd54-bue.infd.edu.ar\/sitio\/profesorado-en-geografia\/\">Profesorado en Geograf\u00eda<\/a><\/h1>\n<h1 class=\"entry-title\"><a href=\"https:\/\/isfd54-bue.infd.edu.ar\/sitio\/profesorado-en-historia\/\">Profesorado en Historia<\/a><\/h1>\n<h1 class=\"entry-title\"><a href=\"https:\/\/isfd54-bue.infd.edu.ar\/sitio\/profesorado-en-biologia\/\">Profesorado en Biolog\u00eda<\/a><\/h1>\n<h1 class=\"entry-title\"><a href=\"https:\/\/isfd54-bue.infd.edu.ar\/sitio\/profesorado-en-matematica\/\">Profesorado en Matem\u00e1tica<\/a><\/h1>\n","protected":false},"excerpt":{"rendered":"<p>Profesorado en Educaci\u00f3n Primaria Profesorado en Educaci\u00f3n Inicial Profesorado en Geograf\u00eda Profesorado en Historia Profesorado en Biolog\u00eda Profesorado en Matem\u00e1tica<\/p>\n","protected":false},"author":1098,"featured_media":0,"parent":0,"menu_order":0,"comment_status":"closed","ping_status":"closed","template":"","meta":[],"acf":[],"_links":{"self":[{"href":"https:\/\/isfd54-bue.infd.edu.ar\/sitio\/wp-json\/wp\/v2\/pages\/1558"}],"collection":[{"href":"https:\/\/isfd54-bue.infd.edu.ar\/sitio\/wp-json\/wp\/v2\/pages"}],"about":[{"href":"https:\/\/isfd54-bue.infd.edu.ar\/sitio\/wp-json\/wp\/v2\/types\/page"}],"author":[{"embeddable":true,"href":"https:\/\/isfd54-bue.infd.edu.ar\/sitio\/wp-json\/wp\/v2\/users\/1098"}],"replies":[{"embeddable":true,"href":"https:\/\/isfd54-bue.infd.edu.ar\/sitio\/wp-json\/wp\/v2\/comments?post=1558"}],"version-history":[{"count":2,"href":"https:\/\/isfd54-bue.infd.edu.ar\/sitio\/wp-json\/wp\/v2\/pages\/1558\/revisions"}],"predecessor-version":[{"id":1886,"href":"https:\/\/isfd54-bue.infd.edu.ar\/sitio\/wp-json\/wp\/v2\/pages\/1558\/revisions\/1886"}],"wp:attachment":[{"href":"https:\/\/isfd54-bue.infd.edu.ar\/sitio\/wp-json\/wp\/v2\/media?parent=1558"}],"curies":[{"name":"wp","href":"https:\/\/api.w.org\/{rel}","templated":true}]}}