{"id":1545,"date":"2021-05-18T22:36:22","date_gmt":"2021-05-19T01:36:22","guid":{"rendered":"https:\/\/isfd54-bue.infd.edu.ar\/sitio\/?page_id=1545"},"modified":"2023-03-23T19:26:24","modified_gmt":"2023-03-23T22:26:24","slug":"inscripcion-a-materias-libres","status":"publish","type":"page","link":"https:\/\/isfd54-bue.infd.edu.ar\/sitio\/inscripcion-a-materias-libres\/","title":{"rendered":"INSCRIPCI\u00d3N A MATERIAS LIBRES"},"content":{"rendered":"<h1 style=\"color: #0000ff; text-align: center;\"><span style=\"color: #993366;\">Del 27\/03 al 31\/03 se realiza la inscripci\u00f3n a materias en condici\u00f3n de Libre en el siguiente formulario:<\/span><\/h1>\n<h4 style=\"text-align: center;\"><a href=\"https:\/\/docs.google.com\/forms\/d\/e\/1FAIpQLSe9HqgITcc05zwVkR1Kpyh3ze-y-cSpmf81E0w51ZdgoCfWPg\/viewform?usp=sf_link\">FORMULARIO DE INSCRIPCI\u00d3N<\/a><\/h4>\n\n\n<p><\/p>\n","protected":false},"excerpt":{"rendered":"<p>Del 27\/03 al 31\/03 se realiza la inscripci\u00f3n a materias en condici\u00f3n de Libre en el siguiente formulario: FORMULARIO DE INSCRIPCI\u00d3N<\/p>\n","protected":false},"author":1098,"featured_media":0,"parent":0,"menu_order":0,"comment_status":"closed","ping_status":"closed","template":"","meta":[],"acf":[],"_links":{"self":[{"href":"https:\/\/isfd54-bue.infd.edu.ar\/sitio\/wp-json\/wp\/v2\/pages\/1545"}],"collection":[{"href":"https:\/\/isfd54-bue.infd.edu.ar\/sitio\/wp-json\/wp\/v2\/pages"}],"about":[{"href":"https:\/\/isfd54-bue.infd.edu.ar\/sitio\/wp-json\/wp\/v2\/types\/page"}],"author":[{"embeddable":true,"href":"https:\/\/isfd54-bue.infd.edu.ar\/sitio\/wp-json\/wp\/v2\/users\/1098"}],"replies":[{"embeddable":true,"href":"https:\/\/isfd54-bue.infd.edu.ar\/sitio\/wp-json\/wp\/v2\/comments?post=1545"}],"version-history":[{"count":8,"href":"https:\/\/isfd54-bue.infd.edu.ar\/sitio\/wp-json\/wp\/v2\/pages\/1545\/revisions"}],"predecessor-version":[{"id":3471,"href":"https:\/\/isfd54-bue.infd.edu.ar\/sitio\/wp-json\/wp\/v2\/pages\/1545\/revisions\/3471"}],"wp:attachment":[{"href":"https:\/\/isfd54-bue.infd.edu.ar\/sitio\/wp-json\/wp\/v2\/media?parent=1545"}],"curies":[{"name":"wp","href":"https:\/\/api.w.org\/{rel}","templated":true}]}}