{"id":1543,"date":"2021-05-18T22:36:05","date_gmt":"2021-05-19T01:36:05","guid":{"rendered":"https:\/\/isfd54-bue.infd.edu.ar\/sitio\/?page_id=1543"},"modified":"2023-03-27T13:36:18","modified_gmt":"2023-03-27T16:36:18","slug":"inscripcion-a-materias-regulares","status":"publish","type":"page","link":"https:\/\/isfd54-bue.infd.edu.ar\/sitio\/inscripcion-a-materias-regulares\/","title":{"rendered":"INSCRIPCI\u00d3N A MATERIAS REGULARES"},"content":{"rendered":"<h6>Comunicaci\u00f3n 32\/10 (Ampliatoria 4043):<\/h6>\n<h6>La Resoluci\u00f3n 4043\/09 define aspectos de promoci\u00f3n, evaluaci\u00f3n y acreditaci\u00f3n de los aprendizajes. Por ello:<\/h6>\n<p style=\"text-align: left;\">Qui\u00e9n se inscriba con la modalidad libre, tiene los turnos de diciembre y marzo del a\u00f1o de inscripci\u00f3n a la<br \/>cursada para regularizar su situaci\u00f3n acad\u00e9mica, no pudiendo al a\u00f1o siguiente inscribirse en las<br \/>correlativas si no ha acreditado con examen escrito y oral su situaci\u00f3n en la unidad curricular en la que se<br \/>inscribi\u00f3 como libre.<\/p>\n<p>Para todos los casos el r\u00e9gimen de correlatividades se establece: cursada por cursada, final por final,<br \/>incluyendo el Campo de la Pr\u00e1ctica Docente o Pr\u00e1cticas Profesionalizantes. Motivo por el cual para cursar 3er a\u00f1o deber\u00e1n tener aprobadas las cursadas de 1er a\u00f1o; y para cursar el 4to a\u00f1o de la carrera deber\u00e1n tener aprobadas las cursadas de 1ero y 2do a\u00f1o completo.<\/p>\n<hr \/>\n<h3><strong>INSCRIPCI\u00d3N A MATERIAS DE 2do a 4to &#8211; 2023<\/strong><\/h3>\n<h5><a href=\"https:\/\/forms.gle\/qT4KYEhiRrUbhehJ9\">Formulario materias Profesorado de Ed. Inicial<\/a><\/h5>\n<h5><a href=\"https:\/\/forms.gle\/eEt18FviDWDSCp886\">Formulario materias Profesorado de Ed. Primaria<\/a><\/h5>\n<h5><a href=\"https:\/\/forms.gle\/Nz51V8Ku2shd5hvT6\">Formulario materias Profesorado en Geograf\u00eda<\/a><\/h5>\n<h5><a href=\"https:\/\/forms.gle\/d8HiUag6sq2zwPT79\">Formulario materias Profesorado en Historia<\/a><\/h5>\n<h5><a href=\"https:\/\/forms.gle\/SPZukUXWkP4bw8LW6\">Formulario materias Profesorado en Biolog\u00eda<\/a><\/h5>\n<h5><a href=\"https:\/\/forms.gle\/iU1UfEUJksEP6G4J6\">Formulario materias Profesorado en Matem\u00e1tica<\/a><\/h5>\n<h5><a href=\"https:\/\/forms.gle\/MKNAMVBnPZeRPWieA\">Formulario materias Profesorado en Matem\u00e1tica &#8211; Plan Anterior<\/a><\/h5>\n<pre>\u00a0<\/pre>\n<h5 style=\"text-align: center;\"><span style=\"color: #008000;\">Atenci\u00f3n estudiantes de los Profesorados de Geograf\u00eda, Historia y Biolog\u00eda:<\/span><\/h5>\n<h6 style=\"text-align: center;\"><span style=\"color: #008000;\">Estudiantes del Plan Anterior de los Profesorados de Geograf\u00eda, Historia y Biolog\u00eda que deben RECURSAR materias de 1\u00b0 a\u00f1o solo se inscribir\u00e1n en el formulario para las materias habilitadas a cursar de 2\u00b0 a\u00f1o (seg\u00fan el r\u00e9gimen de correlatividades). <\/span><\/h6>\n<h6 style=\"text-align: center;\"><span style=\"color: #008000;\">Para la inscripci\u00f3n a las materias a recursar de 1\u00b0 a\u00f1o deber\u00e1n presentarse en el instituto con el\/la preceptor\/a de la carrera del 27\/3\/23 al 31\/3\/23.\u00a0<\/span><\/h6>\n<pre>\u00a0<\/pre>\n<hr \/>\n<h5>\u00a0<\/h5>\n<h3><strong>INSCRIPCI\u00d3N A PR\u00c1CTICAS DOCENTES DE 2do a 4to y TFO<\/strong><\/h3>\n<h3><strong>(INICIAL Y PRIMARIA)\u00a0<\/strong><strong>&#8211; 2023<\/strong><\/h3>\n<p><em><strong>Para efectivizar la inscripci\u00f3n a la Pr\u00e1cticas Docentes del ciclo lectivo 2023 deber\u00e1n hacer clink en el enlace de la planilla de inscripci\u00f3n correspondiente a su carrera, descargarla, completarla y luego subirla en formato PDF o JPG en el formulario.<\/strong><\/em><\/p>\n<h4><span style=\"color: #800080;\">Planillas para descargar (Pr\u00e1ctica y\/o TFO):<\/span><\/h4>\n<h5><a href=\"https:\/\/drive.google.com\/file\/d\/1L--wbnL0veThoKKNSbgbgq5cZq91VJgQ\/view?usp=sharing\">Planilla de Inscripci\u00f3n al Campo de la Pr\u00e1ctica Docente Profesorado de Ed. Inicial Y\/O TFO<\/a><\/h5>\n<h5><a href=\"https:\/\/drive.google.com\/file\/d\/14EaaugxBqUdvJOlOmNg1ft5eFx-CPKob\/view?usp=sharing\">Planilla de Inscripci\u00f3n al Campo de la Pr\u00e1ctica Docente Profesorado de Ed. Primaria Y\/O TFO<\/a><\/h5>\n<h5><a href=\"https:\/\/drive.google.com\/file\/d\/1ndKP53v9UBMykKKden7_JgP_njPSwPNp\/view?usp=sharing\">Planilla de Inscripci\u00f3n al Espacio de la Pr\u00e1ctica Docente Profesorado en Geograf\u00eda<\/a><\/h5>\n<h5><a href=\"https:\/\/drive.google.com\/file\/d\/13AniyVXxIjAlafjZadv-z65N3c2981_v\/view?usp=sharing\">Planilla de Inscripci\u00f3n al Espacio de la Pr\u00e1ctica Docente Profesorado en Historia<\/a><\/h5>\n<h5><a href=\"https:\/\/drive.google.com\/file\/d\/1uvl_iSnMgfB6L4WjCR-0LqQiknJOBlwW\/view?usp=sharing\">Planilla de Inscripci\u00f3n al Espacio de la Pr\u00e1ctica Docente Profesorado en Biolog\u00eda<\/a><\/h5>\n<h5><a href=\"https:\/\/drive.google.com\/file\/d\/1EDYkhUKhY0HxVzjUBus-Dj-FZFYCYoRU\/view?usp=sharing\">Planilla de Inscripci\u00f3n CFPP Profesorado en Matem\u00e1tica<\/a><\/h5>\n<h4>\u00a0<\/h4>\n<h4><span style=\"color: #800080;\">Formularios de Inscripci\u00f3n a Pr\u00e1cticas Docentes:<\/span><\/h4>\n<h5><a href=\"https:\/\/forms.gle\/Jjk9kS6bM1Hu1EjX6\">Formulario Campo de la Pr\u00e1ctica Docente Profesorado de Ed. Inicial<\/a><\/h5>\n<h5><a href=\"https:\/\/forms.gle\/hY54igAPeMj8rAx29\">Formulario Campo de la Pr\u00e1ctica Docente Profesorado de Ed. Primaria<\/a><\/h5>\n<h5><a href=\"https:\/\/forms.gle\/zv8FDdEmmZBfxaa39\">Formulario Espacio de la Pr\u00e1ctica Docente materias Profesorado en Geograf\u00eda<\/a><\/h5>\n<h5><a href=\"https:\/\/forms.gle\/3CQm25CnMUgZK3Pv8\">Formulario Espacio de la Pr\u00e1ctica Docente materias Profesorado en Historia<\/a><\/h5>\n<h5><a href=\"https:\/\/forms.gle\/8Uigr1QLNCjwwzzz5\">Formulario Espacio de la Pr\u00e1ctica Docente Profesorado en Biolog\u00eda<\/a><\/h5>\n<h5><a href=\"https:\/\/forms.gle\/2TMEZXMHVHYBJiWp8\">Formulario CFPP Profesorado en Matem\u00e1tica<\/a><\/h5>\n<h3><strong>INSCRIPCI\u00d3N A TALLERES DE INICIAL Y PRIMARIA &#8211; 2023<\/strong><\/h3>\n<h5><a href=\"https:\/\/forms.gle\/4jP3wY7Z115vQwfZ9\">Formulario Talleres Profesorado de Ed. Inicial<\/a><\/h5>\n<h5><a href=\"https:\/\/forms.gle\/7Y7GdFvQR2THkHtKA\">Formulario Talleres Profesorado de Ed. Primaria<\/a><\/h5>\n<h4><span style=\"color: #ff0000;\">LA PLANILLA ES LA MISMA QUE FIGURA PARA PR\u00c1CTICA Y TFO<\/span><\/h4>\n<h4><em>Reuniones con estudiantes pre\/inscriptos a pr\u00e1ctica docente de 2do a 4to y orientaci\u00f3n a 1er a\u00f1o de profesorados de secundaria<\/em><\/h4>\n<p><strong>Hace click en el enlace para acceder a las fechas y horarios de 2023\u00a0 de Reuniones de Pr\u00e1ctica y Orientaciones<\/strong><\/p>\n<h5><a href=\"https:\/\/docs.google.com\/spreadsheets\/d\/1Z-kHADURSUvSxNqnwxk3ChCBAc-0qox4\/edit#gid=1541428164\">https:\/\/docs.google.com\/spreadsheets\/d\/1Z-kHADURSUvSxNqnwxk3ChCBAc-0qox4\/edit#gid=1541428164<\/a><\/h5>\n\n\n\n\n\n\n\n\n\n\n\n","protected":false},"excerpt":{"rendered":"<p>Comunicaci\u00f3n 32\/10 (Ampliatoria 4043): La Resoluci\u00f3n 4043\/09 define aspectos de promoci\u00f3n, evaluaci\u00f3n y acreditaci\u00f3n de los aprendizajes. Por ello: Qui\u00e9n se inscriba con la modalidad libre, tiene los turnos de diciembre y marzo del a\u00f1o de inscripci\u00f3n a lacursada para regularizar su situaci\u00f3n acad\u00e9mica, no pudiendo al a\u00f1o siguiente inscribirse en lascorrelativas si no ha &#8230; <a title=\"INSCRIPCI\u00d3N A MATERIAS REGULARES\" class=\"read-more\" href=\"https:\/\/isfd54-bue.infd.edu.ar\/sitio\/inscripcion-a-materias-regulares\/\" aria-label=\"More on INSCRIPCI\u00d3N A MATERIAS REGULARES\">[+]<\/a><\/p>\n","protected":false},"author":1098,"featured_media":0,"parent":0,"menu_order":0,"comment_status":"closed","ping_status":"closed","template":"","meta":[],"acf":[],"_links":{"self":[{"href":"https:\/\/isfd54-bue.infd.edu.ar\/sitio\/wp-json\/wp\/v2\/pages\/1543"}],"collection":[{"href":"https:\/\/isfd54-bue.infd.edu.ar\/sitio\/wp-json\/wp\/v2\/pages"}],"about":[{"href":"https:\/\/isfd54-bue.infd.edu.ar\/sitio\/wp-json\/wp\/v2\/types\/page"}],"author":[{"embeddable":true,"href":"https:\/\/isfd54-bue.infd.edu.ar\/sitio\/wp-json\/wp\/v2\/users\/1098"}],"replies":[{"embeddable":true,"href":"https:\/\/isfd54-bue.infd.edu.ar\/sitio\/wp-json\/wp\/v2\/comments?post=1543"}],"version-history":[{"count":40,"href":"https:\/\/isfd54-bue.infd.edu.ar\/sitio\/wp-json\/wp\/v2\/pages\/1543\/revisions"}],"predecessor-version":[{"id":3675,"href":"https:\/\/isfd54-bue.infd.edu.ar\/sitio\/wp-json\/wp\/v2\/pages\/1543\/revisions\/3675"}],"wp:attachment":[{"href":"https:\/\/isfd54-bue.infd.edu.ar\/sitio\/wp-json\/wp\/v2\/media?parent=1543"}],"curies":[{"name":"wp","href":"https:\/\/api.w.org\/{rel}","templated":true}]}}