{"id":1531,"date":"2021-05-18T22:29:47","date_gmt":"2021-05-19T01:29:47","guid":{"rendered":"https:\/\/isfd54-bue.infd.edu.ar\/sitio\/?page_id=1531"},"modified":"2023-03-22T19:04:28","modified_gmt":"2023-03-22T22:04:28","slug":"equivalencias","status":"publish","type":"page","link":"https:\/\/isfd54-bue.infd.edu.ar\/sitio\/equivalencias\/","title":{"rendered":"EQUIVALENCIAS"},"content":{"rendered":"<h1><span style=\"color: #dc2b14;\">\u00a1 \u00a1 SOLO EQUIVALENCIAS PARA ALUMNOS QUE EST\u00c1N CURSANDO EN NUESTRA INSTITUCI\u00d3N ! !<\/span><\/h1>\n<p><span style=\"color: #003366;\"><strong>SI USTED SOLICITA EQUIVALENCIA EN OTRA INSTITUCI\u00d3N, LO QUE NECESITA PRESENTAR SON LOS PROGRAMAS DE NUESTRA INSTITUCI\u00d3N EN LA OTRA, PARA ELLO ACCEDA A LA PESTA\u00d1A EGRESADOS\/CARGA HORARIA Y PROGRAMAS DE MATERIA<\/strong><\/span><\/p>\n<h1><strong style=\"background-color: #ffffff;\">SOLICITUD DE EQUIVALENCIAS <\/strong><\/h1>\n<h1 style=\"text-align: center;\"><strong style=\"background-color: #ffffff;\">NUEVA FECHA: <\/strong><strong style=\"background-color: #ffffff;\">3\/04 Y 4\/04\/2023<\/strong><\/h1>\n<p>EL TR\u00c1MITE SE REALIZA EN EL TURNO DE TU CARRERA, CON EL\/LA PRECEPTOR CORRESPONDIENTE.<\/p>\n<p>TENES QUE COMPLETAR POR DUPLICADO LA PLANILLA QUE CADA PRECEPTOR TE SOLICITE Y LOS FORMULARIOS DETALLADOS A CONTINUACI\u00d3N:<\/p>\n<p><strong>*Planilla de pedido de equivalencia por asignatura. ( Formulario A 14a)<\/strong><\/p>\n<p>SE COMPLETA EL FORMULARIO POR CADA MATERIA QUE SOLICITA LA EQUIVALENCIA, TANTAS VECES COMO MATERIAS SOLICITE<\/p>\n<p><a href=\"https:\/\/isfd54-bue.infd.edu.ar\/sitio\/wp-content\/uploads\/2021\/04\/Planilla-equivalencias-por-materia.pdf\"> Click aqui para descargar<\/a><\/p>\n<p><strong>*Planilla de pedido de equivalencia RESUMEN PARA EQUIVALENCIAS DIRECTAS. ( Formulario A 14)<\/strong><\/p>\n<p><a href=\"https:\/\/isfd54-bue.infd.edu.ar\/sitio\/wp-content\/uploads\/2021\/04\/Planilla-equivalencias-resumen-A14-.pdf\"> Click aqui para descargar<\/a><\/p>\n<p>Deber\u00e1 presentar adjunto el programa debidamente autenticado y certificado o constancia de acreditaci\u00f3n de la materia.<\/p>\n<p>SE LES RECUERDA QUE LAS EQUIVALENCIAS SON CON FINAL ACREDITADO, <strong>NO SE OTORGAN EQUIVALENCIAS DE CURSADAS.<\/strong><\/p>\n<p>Regimen-Academico-Marco-Jurisdiccional-<strong>Res.-4043\u00a0<a href=\"https:\/\/drive.google.com\/file\/d\/1QjtwfJknCq-iHDCWwg-RwdAXtK8o8Zc6\/view?usp=sharing\">CLIC PARA ACCEDER<\/a><\/strong><\/p>\n<p><strong>LA SOLICITUD DE RECONOCIMIENTO NO PODR\u00c1 EXCEDER LOS SEIS \u00daLTIMOS A\u00d1OS DESDE LA FECHA DE ACREDITACI\u00d3N FINAL<\/strong>\u00a0<b>Res.-4043 <\/b><\/p>\n<p><b>EN DISPO-ASPO , NO SE CONTABILIZAR\u00c1N LOS A\u00d1OS 2020 Y 2021 DENTRO DE LOS SEIS A\u00d1OS NECESARIOS PARA LA SOLICITUD.<\/b><\/p>\n","protected":false},"excerpt":{"rendered":"<p>\u00a1 \u00a1 SOLO EQUIVALENCIAS PARA ALUMNOS QUE EST\u00c1N CURSANDO EN NUESTRA INSTITUCI\u00d3N ! ! SI USTED SOLICITA EQUIVALENCIA EN OTRA INSTITUCI\u00d3N, LO QUE NECESITA PRESENTAR SON LOS PROGRAMAS DE NUESTRA INSTITUCI\u00d3N EN LA OTRA, PARA ELLO ACCEDA A LA PESTA\u00d1A EGRESADOS\/CARGA HORARIA Y PROGRAMAS DE MATERIA SOLICITUD DE EQUIVALENCIAS NUEVA FECHA: 3\/04 Y 4\/04\/2023 EL &#8230; <a title=\"EQUIVALENCIAS\" class=\"read-more\" href=\"https:\/\/isfd54-bue.infd.edu.ar\/sitio\/equivalencias\/\" aria-label=\"More on EQUIVALENCIAS\">[+]<\/a><\/p>\n","protected":false},"author":1098,"featured_media":0,"parent":0,"menu_order":0,"comment_status":"closed","ping_status":"closed","template":"","meta":[],"acf":[],"_links":{"self":[{"href":"https:\/\/isfd54-bue.infd.edu.ar\/sitio\/wp-json\/wp\/v2\/pages\/1531"}],"collection":[{"href":"https:\/\/isfd54-bue.infd.edu.ar\/sitio\/wp-json\/wp\/v2\/pages"}],"about":[{"href":"https:\/\/isfd54-bue.infd.edu.ar\/sitio\/wp-json\/wp\/v2\/types\/page"}],"author":[{"embeddable":true,"href":"https:\/\/isfd54-bue.infd.edu.ar\/sitio\/wp-json\/wp\/v2\/users\/1098"}],"replies":[{"embeddable":true,"href":"https:\/\/isfd54-bue.infd.edu.ar\/sitio\/wp-json\/wp\/v2\/comments?post=1531"}],"version-history":[{"count":17,"href":"https:\/\/isfd54-bue.infd.edu.ar\/sitio\/wp-json\/wp\/v2\/pages\/1531\/revisions"}],"predecessor-version":[{"id":3426,"href":"https:\/\/isfd54-bue.infd.edu.ar\/sitio\/wp-json\/wp\/v2\/pages\/1531\/revisions\/3426"}],"wp:attachment":[{"href":"https:\/\/isfd54-bue.infd.edu.ar\/sitio\/wp-json\/wp\/v2\/media?parent=1531"}],"curies":[{"name":"wp","href":"https:\/\/api.w.org\/{rel}","templated":true}]}}