{"id":1528,"date":"2021-05-18T22:28:17","date_gmt":"2021-05-19T01:28:17","guid":{"rendered":"https:\/\/isfd54-bue.infd.edu.ar\/sitio\/?page_id=1528"},"modified":"2023-03-22T19:04:50","modified_gmt":"2023-03-22T22:04:50","slug":"pases","status":"publish","type":"page","link":"https:\/\/isfd54-bue.infd.edu.ar\/sitio\/pases\/","title":{"rendered":"PASES"},"content":{"rendered":"<p>LA SOLICITUD DE PASES ES PARA ALUMNOS QUE QUIERAN INGRESAR DESDE OTRA INSTITUCI\u00d3N A LA NUESTRA (SOLICITAN VACANTE) COMO AS\u00cd TAMBI\u00c9N PARA QUIENES DESEAN CONTINUAR SUS ESTUDIOS EN OTRA INSTITUCI\u00d3N.<\/p>\n<p>LA MISMA QUEDA A RESOLUCI\u00d3N POR VENCIMIENTO DE MATERIAS, PLAN VIGENTE, VACANTES DISPONIBLES Y VERIFICACI\u00d3N DE DOCUMENTACI\u00d3N<\/p>\n<p>LA SOLICITUD SE REALIZA DE FORMA <strong>PRESENCIAL.<\/strong><\/p>\n<p>ACERCATE A LA PRECEPTORIA EN EL TURNO EN EL QUE QUERES CURSAR Y CADA PRECEPTOR\/A TE DAR\u00c1 LAS INDICACIONES PARA REALIZAR EL TR\u00c1MITE.<\/p>\n","protected":false},"excerpt":{"rendered":"<p>LA SOLICITUD DE PASES ES PARA ALUMNOS QUE QUIERAN INGRESAR DESDE OTRA INSTITUCI\u00d3N A LA NUESTRA (SOLICITAN VACANTE) COMO AS\u00cd TAMBI\u00c9N PARA QUIENES DESEAN CONTINUAR SUS ESTUDIOS EN OTRA INSTITUCI\u00d3N. LA MISMA QUEDA A RESOLUCI\u00d3N POR VENCIMIENTO DE MATERIAS, PLAN VIGENTE, VACANTES DISPONIBLES Y VERIFICACI\u00d3N DE DOCUMENTACI\u00d3N LA SOLICITUD SE REALIZA DE FORMA PRESENCIAL. ACERCATE &#8230; <a title=\"PASES\" class=\"read-more\" href=\"https:\/\/isfd54-bue.infd.edu.ar\/sitio\/pases\/\" aria-label=\"More on PASES\">[+]<\/a><\/p>\n","protected":false},"author":1098,"featured_media":0,"parent":0,"menu_order":0,"comment_status":"closed","ping_status":"closed","template":"","meta":[],"acf":[],"_links":{"self":[{"href":"https:\/\/isfd54-bue.infd.edu.ar\/sitio\/wp-json\/wp\/v2\/pages\/1528"}],"collection":[{"href":"https:\/\/isfd54-bue.infd.edu.ar\/sitio\/wp-json\/wp\/v2\/pages"}],"about":[{"href":"https:\/\/isfd54-bue.infd.edu.ar\/sitio\/wp-json\/wp\/v2\/types\/page"}],"author":[{"embeddable":true,"href":"https:\/\/isfd54-bue.infd.edu.ar\/sitio\/wp-json\/wp\/v2\/users\/1098"}],"replies":[{"embeddable":true,"href":"https:\/\/isfd54-bue.infd.edu.ar\/sitio\/wp-json\/wp\/v2\/comments?post=1528"}],"version-history":[{"count":11,"href":"https:\/\/isfd54-bue.infd.edu.ar\/sitio\/wp-json\/wp\/v2\/pages\/1528\/revisions"}],"predecessor-version":[{"id":3427,"href":"https:\/\/isfd54-bue.infd.edu.ar\/sitio\/wp-json\/wp\/v2\/pages\/1528\/revisions\/3427"}],"wp:attachment":[{"href":"https:\/\/isfd54-bue.infd.edu.ar\/sitio\/wp-json\/wp\/v2\/media?parent=1528"}],"curies":[{"name":"wp","href":"https:\/\/api.w.org\/{rel}","templated":true}]}}