{"id":1518,"date":"2021-05-18T22:17:10","date_gmt":"2021-05-19T01:17:10","guid":{"rendered":"https:\/\/isfd54-bue.infd.edu.ar\/sitio\/?page_id=1518"},"modified":"2024-08-01T20:13:07","modified_gmt":"2024-08-01T23:13:07","slug":"alumnos","status":"publish","type":"page","link":"https:\/\/isfd54-bue.infd.edu.ar\/sitio\/alumnos\/","title":{"rendered":"ESTUDIANTES"},"content":{"rendered":"<p><img decoding=\"async\" loading=\"lazy\" class=\"alignnone  wp-image-4383\" src=\"https:\/\/isfd54-bue.infd.edu.ar\/sitio\/wp-content\/uploads\/2024\/08\/Vencimiento-de-cursadas-1000x1000.png\" alt=\"\" width=\"529\" height=\"529\" srcset=\"https:\/\/isfd54-bue.infd.edu.ar\/sitio\/wp-content\/uploads\/2024\/08\/Vencimiento-de-cursadas-1000x1000.png 1000w, https:\/\/isfd54-bue.infd.edu.ar\/sitio\/wp-content\/uploads\/2024\/08\/Vencimiento-de-cursadas-500x500.png 500w, https:\/\/isfd54-bue.infd.edu.ar\/sitio\/wp-content\/uploads\/2024\/08\/Vencimiento-de-cursadas-768x768.png 768w, https:\/\/isfd54-bue.infd.edu.ar\/sitio\/wp-content\/uploads\/2024\/08\/Vencimiento-de-cursadas.png 1080w\" sizes=\"(max-width: 529px) 100vw, 529px\" \/><\/p>\n<p>*Tener en cuenta que los plazos de vencimiento quedar\u00e1n sujetos a modificaciones respecto a las normativas que se aprueben a futuro, y que impliquen cambios en los plazos establecidos.<\/p>\n<p>*En el caso de las y los estudiantes de los Profesorados de Geograf\u00eda, Historia y Biolog\u00eda del plan de estudios anterior deber\u00e1n tener presente los plazos de vencimiento para el cambio de plan que se presentan a continuaci\u00f3n:<\/p>\n<p><img decoding=\"async\" loading=\"lazy\" class=\"alignnone  wp-image-3680\" src=\"https:\/\/isfd54-bue.infd.edu.ar\/sitio\/wp-content\/uploads\/2023\/05\/Cuadro-de-cambio-de-plan-e1683572386537-748x1000.jpeg\" alt=\"\" width=\"537\" height=\"718\" srcset=\"https:\/\/isfd54-bue.infd.edu.ar\/sitio\/wp-content\/uploads\/2023\/05\/Cuadro-de-cambio-de-plan-e1683572386537-748x1000.jpeg 748w, https:\/\/isfd54-bue.infd.edu.ar\/sitio\/wp-content\/uploads\/2023\/05\/Cuadro-de-cambio-de-plan-e1683572386537-768x1027.jpeg 768w, https:\/\/isfd54-bue.infd.edu.ar\/sitio\/wp-content\/uploads\/2023\/05\/Cuadro-de-cambio-de-plan-e1683572386537.jpeg 904w\" sizes=\"(max-width: 537px) 100vw, 537px\" \/><\/p>\n","protected":false},"excerpt":{"rendered":"<p>*Tener en cuenta que los plazos de vencimiento quedar\u00e1n sujetos a modificaciones respecto a las normativas que se aprueben a futuro, y que impliquen cambios en los plazos establecidos. *En el caso de las y los estudiantes de los Profesorados de Geograf\u00eda, Historia y Biolog\u00eda del plan de estudios anterior deber\u00e1n tener presente los plazos &#8230; <a title=\"ESTUDIANTES\" class=\"read-more\" href=\"https:\/\/isfd54-bue.infd.edu.ar\/sitio\/alumnos\/\" aria-label=\"More on ESTUDIANTES\">[+]<\/a><\/p>\n","protected":false},"author":1098,"featured_media":0,"parent":0,"menu_order":0,"comment_status":"closed","ping_status":"closed","template":"","meta":[],"acf":[],"_links":{"self":[{"href":"https:\/\/isfd54-bue.infd.edu.ar\/sitio\/wp-json\/wp\/v2\/pages\/1518"}],"collection":[{"href":"https:\/\/isfd54-bue.infd.edu.ar\/sitio\/wp-json\/wp\/v2\/pages"}],"about":[{"href":"https:\/\/isfd54-bue.infd.edu.ar\/sitio\/wp-json\/wp\/v2\/types\/page"}],"author":[{"embeddable":true,"href":"https:\/\/isfd54-bue.infd.edu.ar\/sitio\/wp-json\/wp\/v2\/users\/1098"}],"replies":[{"embeddable":true,"href":"https:\/\/isfd54-bue.infd.edu.ar\/sitio\/wp-json\/wp\/v2\/comments?post=1518"}],"version-history":[{"count":6,"href":"https:\/\/isfd54-bue.infd.edu.ar\/sitio\/wp-json\/wp\/v2\/pages\/1518\/revisions"}],"predecessor-version":[{"id":4387,"href":"https:\/\/isfd54-bue.infd.edu.ar\/sitio\/wp-json\/wp\/v2\/pages\/1518\/revisions\/4387"}],"wp:attachment":[{"href":"https:\/\/isfd54-bue.infd.edu.ar\/sitio\/wp-json\/wp\/v2\/media?parent=1518"}],"curies":[{"name":"wp","href":"https:\/\/api.w.org\/{rel}","templated":true}]}}